{"id":126987,"date":"2022-04-11T14:11:37","date_gmt":"2022-04-11T13:11:37","guid":{"rendered":"https:\/\/theinvisiblecollection.com\/?post_type=product&#038;p=126987"},"modified":"2026-05-01T07:38:57","modified_gmt":"2026-05-01T07:38:57","slug":"la-chance-credence-rocky-noir","status":"publish","type":"product","link":"https:\/\/theinvisiblecollection.com\/fr\/produit\/la-chance-credence-rocky-noir\/","title":{"rendered":"Cr\u00e9dence Rocky Noir"},"content":{"rendered":"<p style=\"text-align: justify;\">Rocky est une cr\u00e9dence sculpturale, cependant, sa forme et ses niches lui permettent \u00e9galement d&#8217;accueillir des livres ou d\u2019\u00eatre utilis\u00e9e comme la plus graphique des \u00e9tag\u00e8re. Le designer Charles Kalpakian joue avec la perception de l\u2019espace et des volumes en imaginant cet objet qui change de forme selon l\u2019angle sous lequel il est regard\u00e9. Rocky est fabriqu\u00e9e par un artisan qui d\u00e9coupe puis plie \u00e0 la main chaque feuille de m\u00e9tal avant de souder chaque \u00e9l\u00e9ment.<\/p>\n","protected":false},"excerpt":{"rendered":"<p>Dessin\u00e9e par Charles Kalpakian<br \/>\nCr\u00e9dence en m\u00e9tal textur\u00e9 noir<br \/>\n\u00c9galement disponible en m\u00e9tal textur\u00e9 <a href=\"https:\/\/theinvisiblecollection.com\/fr\/produit\/la-chance-credence-rocky-vert\/\" target=\"_blank\" rel=\"noopener\"><span style=\"text-decoration: underline;\">vert<\/span><\/a>, <a href=\"https:\/\/theinvisiblecollection.com\/fr\/produit\/la-chance-credence-rocky-rouge\/\" target=\"_blank\" rel=\"noopener\"><span style=\"text-decoration: underline;\">rouge<\/span><\/a> et <a href=\"https:\/\/theinvisiblecollection.com\/fr\/produit\/la-chance-credence-rocky-bleu\/\" target=\"_blank\" rel=\"noopener\"><span style=\"text-decoration: underline;\">bleu<\/span><\/a><\/p>\n<p>L 140 x l 36 x H 95 cm<\/p>\n<p>Fabriqu\u00e9e \u00e0 la main en Europe<br \/>\nD\u00e9lais de fabrication : 12 semaines<\/p>\n<p><span style=\"text-decoration: underline;\"><a href=\"https:\/\/www.theinvisiblecollection.com\/fr\/demande-de-devis\/?product_id=126987\" target=\"_blank\" rel=\"noopener\">Contactez-nous pour toute demande de devis ou de renseignements<\/a><\/span><\/p>\n<p>&nbsp;<\/p>\n","protected":false},"featured_media":127001,"template":"","meta":{"_acf_changed":false,"content-type":"","_themeisle_gutenberg_block_has_review":false},"product_brand":[],"product_cat":[8956,12505,12514],"product_tag":[9576,9794,10858],"product_designer":[13254],"comfabric":[],"manufacturer":[21949],"reporting_designer":[37467],"samplecomfabric":[],"designer_clubroom":[],"class_list":{"0":"post-126987","1":"product","2":"type-product","3":"status-publish","4":"has-post-thumbnail","6":"product_cat-bibliotheques","7":"product_cat-rangements","8":"product_cat-tables-de-chevet","9":"product_tag-vert","10":"product_tag-rouge","11":"product_tag-charles-kalpakian-fr","12":"pa_color-bleu-fr","13":"pa_color-noir-fr","14":"pa_color-rouge-fr","15":"pa_color-vert-fr","16":"product_designer-la-chance-fr","17":"manufacturer-shipea-chez-sylvania-fr","18":"reporting_designer-la-chance","20":"first","21":"instock","22":"taxable","23":"shipping-taxable","24":"purchasable","25":"product-type-variable"},"acf":[],"_links":{"self":[{"href":"https:\/\/theinvisiblecollection.com\/fr\/wp-json\/wp\/v2\/product\/126987","targetHints":{"allow":["GET"]}}],"collection":[{"href":"https:\/\/theinvisiblecollection.com\/fr\/wp-json\/wp\/v2\/product"}],"about":[{"href":"https:\/\/theinvisiblecollection.com\/fr\/wp-json\/wp\/v2\/types\/product"}],"wp:featuredmedia":[{"embeddable":true,"href":"https:\/\/theinvisiblecollection.com\/fr\/wp-json\/wp\/v2\/media\/127001"}],"wp:attachment":[{"href":"https:\/\/theinvisiblecollection.com\/fr\/wp-json\/wp\/v2\/media?parent=126987"}],"wp:term":[{"taxonomy":"product_brand","embeddable":true,"href":"https:\/\/theinvisiblecollection.com\/fr\/wp-json\/wp\/v2\/product_brand?post=126987"},{"taxonomy":"product_cat","embeddable":true,"href":"https:\/\/theinvisiblecollection.com\/fr\/wp-json\/wp\/v2\/product_cat?post=126987"},{"taxonomy":"product_tag","embeddable":true,"href":"https:\/\/theinvisiblecollection.com\/fr\/wp-json\/wp\/v2\/product_tag?post=126987"},{"taxonomy":"product_designer","embeddable":true,"href":"https:\/\/theinvisiblecollection.com\/fr\/wp-json\/wp\/v2\/product_designer?post=126987"},{"taxonomy":"comfabric","embeddable":true,"href":"https:\/\/theinvisiblecollection.com\/fr\/wp-json\/wp\/v2\/comfabric?post=126987"},{"taxonomy":"manufacturer","embeddable":true,"href":"https:\/\/theinvisiblecollection.com\/fr\/wp-json\/wp\/v2\/manufacturer?post=126987"},{"taxonomy":"reporting_designer","embeddable":true,"href":"https:\/\/theinvisiblecollection.com\/fr\/wp-json\/wp\/v2\/reporting_designer?post=126987"},{"taxonomy":"samplecomfabric","embeddable":true,"href":"https:\/\/theinvisiblecollection.com\/fr\/wp-json\/wp\/v2\/samplecomfabric?post=126987"},{"taxonomy":"clubroom_product_designer","embeddable":true,"href":"https:\/\/theinvisiblecollection.com\/fr\/wp-json\/wp\/v2\/designer_clubroom?post=126987"}],"curies":[{"name":"wp","href":"https:\/\/api.w.org\/{rel}","templated":true}]}}