{"id":1272765,"date":"2022-12-02T20:43:42","date_gmt":"2022-12-02T19:43:42","guid":{"rendered":"https:\/\/theinvisiblecollection.com\/?post_type=product&#038;p=1272765"},"modified":"2026-05-08T04:39:40","modified_gmt":"2026-05-08T04:39:40","slug":"mobilier-national-lukas-cober-table-basse-ronde-new-wave","status":"publish","type":"product","link":"https:\/\/theinvisiblecollection.com\/fr\/produit\/mobilier-national-lukas-cober-table-basse-ronde-new-wave\/","title":{"rendered":"Table Basse Ronde New Wave"},"content":{"rendered":"<p style=\"text-align: justify;\">La Table Basse Ronde New Wave par Lukas Cober pour Galerie Gosserez fait partie de la collection \u00ab New Wave \u00bb illustrant le lien que Lukas Cober a tiss\u00e9 au fil des ans avec la mer. Les pi\u00e8ces sont ainsi inspir\u00e9es d\u2019une certaine esth\u00e9tique de l\u2019industrie du surf combin\u00e9e \u00e0 un langage sculptural distinctif. Associant fibre de verre et r\u00e9sine, le designer fa\u00e7onne son mobilier sur les \u00e9paisseurs, superposant de nombreuses feuilles de mati\u00e8re, avant d&#8217;effectuer un long travail de polissage, cr\u00e9ant l\u2019effet d\u2019une houle oc\u00e9anique.<\/p>\n<p>Cr\u00e9dit photos : Lukas Cober<\/p>\n","protected":false},"excerpt":{"rendered":"<p>Lukas Cober x Galerie Gosserez<br \/>\nCr\u00e9ation int\u00e9gr\u00e9e au sein des collections du Mobilier national<br \/>\nTable basse en fibre de verre et r\u00e9sine<br \/>\nPhotographi\u00e9e ici en vert jade<br \/>\n<a href=\"https:\/\/theinvisiblecollection.com\/wp-content\/uploads\/2022\/12\/TheInvisibleCollection_Galerie_Gosserez_Colour_Selection.pdf\" target=\"_blank\" rel=\"noopener\"><span style=\"text-decoration: underline;\">D\u00e9couvrez la s\u00e9lection de couleurs ici<\/span><\/a><\/p>\n<p>\u00d8 100 x H 40 cm<\/p>\n<p>Fabriqu\u00e9e \u00e0 la main en Pays-Bas<br \/>\nD\u00e9lais de fabrication : 22 &#8211; 24 semaines<\/p>\n<p class=\"p1\"><span style=\"text-decoration: underline;\"><span class=\"s1\"><a href=\"https:\/\/www.theinvisiblecollection.com\/fr\/demande-de-devis\/?product_id=1867856\">Contactez-nous pour toute demande de devis ou de renseignements<\/a><\/span><\/span><\/p>\n","protected":false},"featured_media":1272054,"template":"","meta":{"_acf_changed":false,"content-type":"","_themeisle_gutenberg_block_has_review":false},"product_brand":[],"product_cat":[7509,12503],"product_tag":[20434,31477],"product_designer":[20309,20441,20447],"comfabric":[],"manufacturer":[20395],"reporting_designer":[37479],"samplecomfabric":[],"designer_clubroom":[],"class_list":{"0":"post-1272765","1":"product","2":"type-product","3":"status-publish","4":"has-post-thumbnail","6":"product_cat-tables-basses-dappoint","7":"product_cat-tables-fr","8":"product_tag-mobilier-national-fr","9":"product_tag-st-curvy-fr","10":"pa_size-large-fr-2","11":"pa_size-petit","12":"product_designer-galerie-gosserez-fr","13":"product_designer-mobilier-national-fr","14":"product_designer-lukas-cober-fr","15":"manufacturer-galerie-gosserez-atelier-fr","16":"reporting_designer-mobilier-national","18":"first","19":"instock","20":"taxable","21":"shipping-taxable","22":"purchasable","23":"product-type-variable"},"acf":[],"_links":{"self":[{"href":"https:\/\/theinvisiblecollection.com\/fr\/wp-json\/wp\/v2\/product\/1272765","targetHints":{"allow":["GET"]}}],"collection":[{"href":"https:\/\/theinvisiblecollection.com\/fr\/wp-json\/wp\/v2\/product"}],"about":[{"href":"https:\/\/theinvisiblecollection.com\/fr\/wp-json\/wp\/v2\/types\/product"}],"wp:featuredmedia":[{"embeddable":true,"href":"https:\/\/theinvisiblecollection.com\/fr\/wp-json\/wp\/v2\/media\/1272054"}],"wp:attachment":[{"href":"https:\/\/theinvisiblecollection.com\/fr\/wp-json\/wp\/v2\/media?parent=1272765"}],"wp:term":[{"taxonomy":"product_brand","embeddable":true,"href":"https:\/\/theinvisiblecollection.com\/fr\/wp-json\/wp\/v2\/product_brand?post=1272765"},{"taxonomy":"product_cat","embeddable":true,"href":"https:\/\/theinvisiblecollection.com\/fr\/wp-json\/wp\/v2\/product_cat?post=1272765"},{"taxonomy":"product_tag","embeddable":true,"href":"https:\/\/theinvisiblecollection.com\/fr\/wp-json\/wp\/v2\/product_tag?post=1272765"},{"taxonomy":"product_designer","embeddable":true,"href":"https:\/\/theinvisiblecollection.com\/fr\/wp-json\/wp\/v2\/product_designer?post=1272765"},{"taxonomy":"comfabric","embeddable":true,"href":"https:\/\/theinvisiblecollection.com\/fr\/wp-json\/wp\/v2\/comfabric?post=1272765"},{"taxonomy":"manufacturer","embeddable":true,"href":"https:\/\/theinvisiblecollection.com\/fr\/wp-json\/wp\/v2\/manufacturer?post=1272765"},{"taxonomy":"reporting_designer","embeddable":true,"href":"https:\/\/theinvisiblecollection.com\/fr\/wp-json\/wp\/v2\/reporting_designer?post=1272765"},{"taxonomy":"samplecomfabric","embeddable":true,"href":"https:\/\/theinvisiblecollection.com\/fr\/wp-json\/wp\/v2\/samplecomfabric?post=1272765"},{"taxonomy":"clubroom_product_designer","embeddable":true,"href":"https:\/\/theinvisiblecollection.com\/fr\/wp-json\/wp\/v2\/designer_clubroom?post=1272765"}],"curies":[{"name":"wp","href":"https:\/\/api.w.org\/{rel}","templated":true}]}}