{"id":1272959,"date":"2022-10-17T17:06:40","date_gmt":"2022-10-17T16:06:40","guid":{"rendered":"https:\/\/theinvisiblecollection.com\/?post_type=product&#038;p=1272959"},"modified":"2026-05-01T07:38:24","modified_gmt":"2026-05-01T07:38:24","slug":"antoinette-poisson-petite-lampe-canton-creme","status":"publish","type":"product","link":"https:\/\/theinvisiblecollection.com\/fr\/produit\/antoinette-poisson-petite-lampe-canton-creme\/","title":{"rendered":"Petite Lampe Canton Cr\u00e8me"},"content":{"rendered":"<p style=\"text-align: justify;\">Lampe compos\u00e9e d&#8217;un pied en faux-bois et abat-jour de forme conique en papier m\u00e2ch\u00e9, recouvert de papier imprim\u00e9 au motif &#8220;Canton&#8221; dans l&#8217;esprit des indiennes du 18\u00e8me si\u00e8cle.<\/p>\n","protected":false},"excerpt":{"rendered":"<ul>\n<li>Lampe de Table<\/li>\n<li class=\"ewa-rteLine\">Composition : Abat-jour en papier m\u00e2ch\u00e9, recouvert de papier imprim\u00e9 Antoinette Poisson au motif &#8220;Canton&#8221; \/ base en faux-bois<\/li>\n<li>Utilisation : Clipsable. Possibilit\u00e9 de l&#8217;utiliser en suspension. Pince ampoule incluse.<\/li>\n<li>Ampoule non incluse. Privil\u00e9gier l&#8217;emploi d&#8217;ampoules basse temp\u00e9rature (LED).<\/li>\n<li>Abat-jour: H 16 x D 19 cm<\/li>\n<li>Base: 35 cm<\/li>\n<\/ul>\n","protected":false},"featured_media":1271555,"template":"","meta":{"_acf_changed":false,"content-type":"","_themeisle_gutenberg_block_has_review":false},"product_brand":[],"product_cat":[8974,12507],"product_tag":[22790],"product_designer":[],"comfabric":[],"manufacturer":[19128],"reporting_designer":[],"samplecomfabric":[],"designer_clubroom":[20508],"class_list":{"0":"post-1272959","1":"product","2":"type-product","3":"status-publish","4":"has-post-thumbnail","6":"clubroom_taxonomies-gift-room","7":"product_cat-lampes-de-table","8":"product_cat-luminaires","9":"product_tag-disponible-immediatement","10":"manufacturer-antoinette-poisson-fr","11":"clubroom_product_designer-antoinette-poisson-fr","12":"exhibitions-paris-fr","14":"first","15":"instock","16":"taxable","17":"shipping-taxable","18":"purchasable","19":"product-type-simple"},"acf":[],"_links":{"self":[{"href":"https:\/\/theinvisiblecollection.com\/fr\/wp-json\/wp\/v2\/product\/1272959","targetHints":{"allow":["GET"]}}],"collection":[{"href":"https:\/\/theinvisiblecollection.com\/fr\/wp-json\/wp\/v2\/product"}],"about":[{"href":"https:\/\/theinvisiblecollection.com\/fr\/wp-json\/wp\/v2\/types\/product"}],"wp:featuredmedia":[{"embeddable":true,"href":"https:\/\/theinvisiblecollection.com\/fr\/wp-json\/wp\/v2\/media\/1271555"}],"wp:attachment":[{"href":"https:\/\/theinvisiblecollection.com\/fr\/wp-json\/wp\/v2\/media?parent=1272959"}],"wp:term":[{"taxonomy":"product_brand","embeddable":true,"href":"https:\/\/theinvisiblecollection.com\/fr\/wp-json\/wp\/v2\/product_brand?post=1272959"},{"taxonomy":"product_cat","embeddable":true,"href":"https:\/\/theinvisiblecollection.com\/fr\/wp-json\/wp\/v2\/product_cat?post=1272959"},{"taxonomy":"product_tag","embeddable":true,"href":"https:\/\/theinvisiblecollection.com\/fr\/wp-json\/wp\/v2\/product_tag?post=1272959"},{"taxonomy":"product_designer","embeddable":true,"href":"https:\/\/theinvisiblecollection.com\/fr\/wp-json\/wp\/v2\/product_designer?post=1272959"},{"taxonomy":"comfabric","embeddable":true,"href":"https:\/\/theinvisiblecollection.com\/fr\/wp-json\/wp\/v2\/comfabric?post=1272959"},{"taxonomy":"manufacturer","embeddable":true,"href":"https:\/\/theinvisiblecollection.com\/fr\/wp-json\/wp\/v2\/manufacturer?post=1272959"},{"taxonomy":"reporting_designer","embeddable":true,"href":"https:\/\/theinvisiblecollection.com\/fr\/wp-json\/wp\/v2\/reporting_designer?post=1272959"},{"taxonomy":"samplecomfabric","embeddable":true,"href":"https:\/\/theinvisiblecollection.com\/fr\/wp-json\/wp\/v2\/samplecomfabric?post=1272959"},{"taxonomy":"clubroom_product_designer","embeddable":true,"href":"https:\/\/theinvisiblecollection.com\/fr\/wp-json\/wp\/v2\/designer_clubroom?post=1272959"}],"curies":[{"name":"wp","href":"https:\/\/api.w.org\/{rel}","templated":true}]}}