{"id":127639,"date":"2022-04-12T14:49:39","date_gmt":"2022-04-12T13:49:39","guid":{"rendered":"https:\/\/theinvisiblecollection.com\/?post_type=product&#038;p=127639"},"modified":"2026-05-01T07:38:57","modified_gmt":"2026-05-01T07:38:57","slug":"maison-leleu-tapis-moser-celadon","status":"publish","type":"product","link":"https:\/\/theinvisiblecollection.com\/fr\/produit\/maison-leleu-tapis-moser-celadon\/","title":{"rendered":"Tapis Moser Celadon"},"content":{"rendered":"<p style=\"text-align: justify;\"><span class=\"TextRun SCXW191544374 BCX0\" lang=\"EN-GB\" xml:lang=\"EN-GB\" data-contrast=\"auto\"><span class=\"NormalTextRun SpellingErrorV2 SCXW191544374 BCX0\">C&#8217;est<\/span><span class=\"NormalTextRun SCXW191544374 BCX0\"> \u00e0 <\/span><span class=\"NormalTextRun SpellingErrorV2 SCXW191544374 BCX0\">partir<\/span> <span class=\"NormalTextRun SpellingErrorV2 SCXW191544374 BCX0\">d&#8217;une<\/span><span class=\"NormalTextRun SCXW191544374 BCX0\"> affiche de Koloman Moser que <\/span><span class=\"NormalTextRun SpellingErrorV2 SCXW191544374 BCX0\">ce<\/span><span class=\"NormalTextRun SCXW191544374 BCX0\"> tapis a <\/span><span class=\"NormalTextRun SpellingErrorV2 SCXW191544374 BCX0\">\u00e9t\u00e9<\/span> <span class=\"NormalTextRun SpellingErrorV2 SCXW191544374 BCX0\">imagin\u00e9<\/span><span class=\"NormalTextRun SCXW191544374 BCX0\">. <\/span><span class=\"NormalTextRun SpellingErrorV2 SCXW191544374 BCX0\">Cet<\/span><span class=\"NormalTextRun SCXW191544374 BCX0\"> artiste <\/span><span class=\"NormalTextRun SpellingErrorV2 SCXW191544374 BCX0\">pr\u00e9sentait<\/span><span class=\"NormalTextRun SCXW191544374 BCX0\"> un style Art nouveau tr\u00e8s personnel <\/span><span class=\"NormalTextRun SpellingErrorV2 SCXW191544374 BCX0\">caract\u00e9ris\u00e9<\/span><span class=\"NormalTextRun SCXW191544374 BCX0\"> par <\/span><span class=\"NormalTextRun SpellingErrorV2 SCXW191544374 BCX0\">l\u2019emploi<\/span><span class=\"NormalTextRun SCXW191544374 BCX0\"> de <\/span><span class=\"NormalTextRun SpellingErrorV2 SCXW191544374 BCX0\">lignes<\/span> <span class=\"NormalTextRun SpellingErrorV2 SCXW191544374 BCX0\">droites<\/span><span class=\"NormalTextRun SCXW191544374 BCX0\"> et <\/span><span class=\"NormalTextRun SpellingErrorV2 SCXW191544374 BCX0\">d\u2019une<\/span> <span class=\"NormalTextRun SpellingErrorV2 SCXW191544374 BCX0\">g\u00e9om\u00e9trie<\/span> <span class=\"NormalTextRun SpellingErrorV2 SCXW191544374 BCX0\">\u00e9tir\u00e9e<\/span><span class=\"NormalTextRun SCXW191544374 BCX0\">. <\/span><span class=\"NormalTextRun SpellingErrorV2 SCXW191544374 BCX0\">L&#8217;id\u00e9e<\/span> <span class=\"NormalTextRun SpellingErrorV2 SCXW191544374 BCX0\">\u00e9tait<\/span><span class=\"NormalTextRun SCXW191544374 BCX0\"> de transposer <\/span><span class=\"NormalTextRun SpellingErrorV2 SCXW191544374 BCX0\">l&#8217;univers<\/span><span class=\"NormalTextRun SCXW191544374 BCX0\"> de <\/span><span class=\"NormalTextRun SpellingErrorV2 SCXW191544374 BCX0\">cet<\/span><span class=\"NormalTextRun SCXW191544374 BCX0\"> artiste dans le style tr\u00e8s <\/span><span class=\"NormalTextRun SpellingErrorV2 SCXW191544374 BCX0\">caract\u00e9ristique<\/span><span class=\"NormalTextRun SCXW191544374 BCX0\"> de <\/span><span class=\"NormalTextRun ContextualSpellingAndGrammarErrorV2 SCXW191544374 BCX0\">Leleu :<\/span> <span class=\"NormalTextRun SpellingErrorV2 SCXW191544374 BCX0\">l&#8217;Art<\/span> <span class=\"NormalTextRun SpellingErrorV2 SCXW191544374 BCX0\">D\u00e9co<\/span><span class=\"NormalTextRun SCXW191544374 BCX0\">. <\/span><span class=\"NormalTextRun SpellingErrorV2 SCXW191544374 BCX0\">Ainsi<\/span><span class=\"NormalTextRun SCXW191544374 BCX0\">, il propose un trait <\/span><span class=\"NormalTextRun SpellingErrorV2 SCXW191544374 BCX0\">d&#8217;union<\/span><span class=\"NormalTextRun SCXW191544374 BCX0\"> entre deux \u00e9poques <\/span><span class=\"NormalTextRun SpellingErrorV2 SCXW191544374 BCX0\">l\u00e9gendaires<\/span><span class=\"NormalTextRun SCXW191544374 BCX0\">.\u00a0<\/span><\/span><span class=\"EOP SCXW191544374 BCX0\" data-ccp-props=\"{&quot;201341983&quot;:0,&quot;335559740&quot;:259}\">\u00a0<\/span><\/p>\n","protected":false},"excerpt":{"rendered":"<p>\u00c9dition limit\u00e9e de 8 pi\u00e8ces par coloration<br \/>\nTapis nou\u00e9 \u00e0 la main<br \/>\nDisponible en 100% soie, 100% laine ou en laine et soie<br \/>\nCinq couleurs \u00e0 d\u00e9finir<br \/>\nDimensions, couleurs et formes sur mesure sur demande<br \/>\nDoublure antid\u00e9rapante incluse<\/p>\n<p>200 x 270 cm<\/p>\n<p class=\"p1\">Fabriqu\u00e9 \u00e0 la main en Italie<br \/>\nD\u00e9lais de fabrication : 16 semaines<\/p>\n<p class=\"p2\"><span class=\"s1\"><a href=\"https:\/\/www.theinvisiblecollection.com\/demande-de-devis\/?product_id=119088\">Contactez-nous pour toute demande de devis ou de renseignements<\/a><\/span><\/p>\n","protected":false},"featured_media":126229,"template":"","meta":{"_acf_changed":false,"content-type":"","_themeisle_gutenberg_block_has_review":false},"product_brand":[],"product_cat":[8183,12540],"product_tag":[33319],"product_designer":[16596],"comfabric":[],"manufacturer":[37012],"reporting_designer":[37699],"samplecomfabric":[],"designer_clubroom":[],"class_list":{"0":"post-127639","1":"product","2":"type-product","3":"status-publish","4":"has-post-thumbnail","6":"product_cat-tapis-noues-a-la-main","7":"product_cat-tapis-fr","8":"product_tag-edition-limitee","9":"pa_color-brun-fr","10":"pa_color-celadon-fr","11":"pa_color-couleurs-personalisees","12":"pa_color-gris-fr","13":"pa_color-couleur-jaune-fr","14":"pa_color-terre-cuite-fr","15":"pa_color-vert","16":"pa_material-laine","17":"pa_material-laine-soie","18":"pa_material-soie-fr","19":"pa_size-dimensions-standards","20":"pa_size-dimensions-sur-mesure-fr","21":"product_designer-maison-leleu-fr","22":"manufacturer-maison-leleu-esi-louvres-fr","23":"reporting_designer-maison-leleu","25":"first","26":"instock","27":"taxable","28":"shipping-taxable","29":"purchasable","30":"product-type-variable"},"acf":[],"_links":{"self":[{"href":"https:\/\/theinvisiblecollection.com\/fr\/wp-json\/wp\/v2\/product\/127639","targetHints":{"allow":["GET"]}}],"collection":[{"href":"https:\/\/theinvisiblecollection.com\/fr\/wp-json\/wp\/v2\/product"}],"about":[{"href":"https:\/\/theinvisiblecollection.com\/fr\/wp-json\/wp\/v2\/types\/product"}],"wp:featuredmedia":[{"embeddable":true,"href":"https:\/\/theinvisiblecollection.com\/fr\/wp-json\/wp\/v2\/media\/126229"}],"wp:attachment":[{"href":"https:\/\/theinvisiblecollection.com\/fr\/wp-json\/wp\/v2\/media?parent=127639"}],"wp:term":[{"taxonomy":"product_brand","embeddable":true,"href":"https:\/\/theinvisiblecollection.com\/fr\/wp-json\/wp\/v2\/product_brand?post=127639"},{"taxonomy":"product_cat","embeddable":true,"href":"https:\/\/theinvisiblecollection.com\/fr\/wp-json\/wp\/v2\/product_cat?post=127639"},{"taxonomy":"product_tag","embeddable":true,"href":"https:\/\/theinvisiblecollection.com\/fr\/wp-json\/wp\/v2\/product_tag?post=127639"},{"taxonomy":"product_designer","embeddable":true,"href":"https:\/\/theinvisiblecollection.com\/fr\/wp-json\/wp\/v2\/product_designer?post=127639"},{"taxonomy":"comfabric","embeddable":true,"href":"https:\/\/theinvisiblecollection.com\/fr\/wp-json\/wp\/v2\/comfabric?post=127639"},{"taxonomy":"manufacturer","embeddable":true,"href":"https:\/\/theinvisiblecollection.com\/fr\/wp-json\/wp\/v2\/manufacturer?post=127639"},{"taxonomy":"reporting_designer","embeddable":true,"href":"https:\/\/theinvisiblecollection.com\/fr\/wp-json\/wp\/v2\/reporting_designer?post=127639"},{"taxonomy":"samplecomfabric","embeddable":true,"href":"https:\/\/theinvisiblecollection.com\/fr\/wp-json\/wp\/v2\/samplecomfabric?post=127639"},{"taxonomy":"clubroom_product_designer","embeddable":true,"href":"https:\/\/theinvisiblecollection.com\/fr\/wp-json\/wp\/v2\/designer_clubroom?post=127639"}],"curies":[{"name":"wp","href":"https:\/\/api.w.org\/{rel}","templated":true}]}}