{"id":127828,"date":"2022-04-12T15:32:02","date_gmt":"2022-04-12T14:32:02","guid":{"rendered":"https:\/\/theinvisiblecollection.com\/?post_type=product&#038;p=127828"},"modified":"2026-05-08T04:40:09","modified_gmt":"2026-05-08T04:40:09","slug":"maison-leleu-tapis-ecaille-vert","status":"publish","type":"product","link":"https:\/\/theinvisiblecollection.com\/fr\/produit\/maison-leleu-tapis-ecaille-vert\/","title":{"rendered":"Tapis Ecaille Vert"},"content":{"rendered":"<p style=\"text-align: justify;\"><span class=\"TextRun SCXW221955474 BCX0\" lang=\"EN-GB\" xml:lang=\"EN-GB\" data-contrast=\"auto\"><span class=\"NormalTextRun SpellingErrorV2 SCXW221955474 BCX0\">Sym\u00e9trie<\/span><span class=\"NormalTextRun SCXW221955474 BCX0\">, <\/span><span class=\"NormalTextRun SpellingErrorV2 SCXW221955474 BCX0\">ordre<\/span><span class=\"NormalTextRun SCXW221955474 BCX0\"> et <\/span><span class=\"NormalTextRun SpellingErrorV2 SCXW221955474 BCX0\">g\u00e9om\u00e9trie<\/span><span class=\"NormalTextRun SCXW221955474 BCX0\"> : <\/span><span class=\"NormalTextRun SpellingErrorV2 SCXW221955474 BCX0\">l&#8217;essentiel<\/span><span class=\"NormalTextRun SCXW221955474 BCX0\"> du <\/span><span class=\"NormalTextRun SpellingErrorV2 SCXW221955474 BCX0\">vocabulaire<\/span><span class=\"NormalTextRun SCXW221955474 BCX0\"> Art <\/span><span class=\"NormalTextRun SpellingErrorV2 SCXW221955474 BCX0\">D\u00e9co<\/span> <span class=\"NormalTextRun SpellingErrorV2 SCXW221955474 BCX0\">est<\/span> <span class=\"NormalTextRun SpellingErrorV2 SCXW221955474 BCX0\">pos\u00e9<\/span><span class=\"NormalTextRun SCXW221955474 BCX0\">. Mais <\/span><span class=\"NormalTextRun SpellingErrorV2 SCXW221955474 BCX0\">qu&#8217;arrive<\/span><span class=\"NormalTextRun SCXW221955474 BCX0\">-t-il <\/span><span class=\"NormalTextRun SpellingErrorV2 SCXW221955474 BCX0\">si<\/span> <span class=\"NormalTextRun SpellingErrorV2 SCXW221955474 BCX0\">l&#8217;un<\/span><span class=\"NormalTextRun SCXW221955474 BCX0\"> de <\/span><span class=\"NormalTextRun SpellingErrorV2 SCXW221955474 BCX0\">ces<\/span> <span class=\"NormalTextRun SpellingErrorV2 SCXW221955474 BCX0\">crit\u00e8res<\/span> <span class=\"NormalTextRun SpellingErrorV2 SCXW221955474 BCX0\">n&#8217;est<\/span><span class=\"NormalTextRun SCXW221955474 BCX0\"> plus <\/span><span class=\"NormalTextRun SpellingErrorV2 SCXW221955474 BCX0\">respect\u00e9<\/span><span class=\"NormalTextRun SCXW221955474 BCX0\"> ? <\/span><span class=\"NormalTextRun SpellingErrorV2 SCXW221955474 BCX0\">C&#8217;est<\/span><span class=\"NormalTextRun SCXW221955474 BCX0\"> la question <\/span><span class=\"NormalTextRun SpellingErrorV2 SCXW221955474 BCX0\">pos\u00e9e<\/span><span class=\"NormalTextRun SCXW221955474 BCX0\"> par le tapis &#8220;<\/span><span class=\"NormalTextRun SpellingErrorV2 SCXW221955474 BCX0\">Ecaille<\/span><span class=\"NormalTextRun SCXW221955474 BCX0\">&#8220;&#8230;<\/span><\/span> <span class=\"TextRun SCXW221955474 BCX0\" lang=\"EN-GB\" xml:lang=\"EN-GB\" data-contrast=\"auto\"><span class=\"NormalTextRun SpellingErrorV2 SCXW221955474 BCX0\">Sym\u00e9trique<\/span><span class=\"NormalTextRun SCXW221955474 BCX0\"> de gauche \u00e0 droite <\/span><span class=\"NormalTextRun SpellingErrorV2 SCXW221955474 BCX0\">mais<\/span><span class=\"NormalTextRun SCXW221955474 BCX0\"> pas de bas <\/span><span class=\"NormalTextRun SpellingErrorV2 SCXW221955474 BCX0\">en<\/span><span class=\"NormalTextRun SCXW221955474 BCX0\"> haut. Ce tapis <\/span><span class=\"NormalTextRun SpellingErrorV2 SCXW221955474 BCX0\">apporte<\/span> <span class=\"NormalTextRun SpellingErrorV2 SCXW221955474 BCX0\">une<\/span> <span class=\"NormalTextRun SpellingErrorV2 SCXW221955474 BCX0\">touche<\/span><span class=\"NormalTextRun SCXW221955474 BCX0\"> \u00e0 la <\/span><span class=\"NormalTextRun SpellingErrorV2 SCXW221955474 BCX0\">fois<\/span> <span class=\"NormalTextRun SpellingErrorV2 SCXW221955474 BCX0\">moderne<\/span><span class=\"NormalTextRun SCXW221955474 BCX0\"> et <\/span><span class=\"NormalTextRun SpellingErrorV2 SCXW221955474 BCX0\">d\u00e9cal\u00e9e<\/span><span class=\"NormalTextRun SCXW221955474 BCX0\"> !<\/span><\/span> <span class=\"TextRun SCXW221955474 BCX0\" lang=\"EN-GB\" xml:lang=\"EN-GB\" data-contrast=\"auto\"><span class=\"NormalTextRun SpellingErrorV2 SCXW221955474 BCX0\">Respectant<\/span><span class=\"NormalTextRun SCXW221955474 BCX0\"> les <\/span><span class=\"NormalTextRun SpellingErrorV2 SCXW221955474 BCX0\">autres<\/span><span class=\"NormalTextRun SCXW221955474 BCX0\"> codes, le design <\/span><span class=\"NormalTextRun SpellingErrorV2 SCXW221955474 BCX0\">joue<\/span><span class=\"NormalTextRun SCXW221955474 BCX0\"> sur <\/span><span class=\"NormalTextRun SpellingErrorV2 SCXW221955474 BCX0\">diff\u00e9rentes<\/span> <span class=\"NormalTextRun SpellingErrorV2 SCXW221955474 BCX0\">formes<\/span> <span class=\"NormalTextRun SpellingErrorV2 SCXW221955474 BCX0\">g\u00e9om\u00e9triques<\/span> <span class=\"NormalTextRun SpellingErrorV2 SCXW221955474 BCX0\">m\u00ealant<\/span><span class=\"NormalTextRun SCXW221955474 BCX0\">\u00a0<\/span><span class=\"NormalTextRun SpellingErrorV2 SCXW221955474 BCX0\">ainsi<\/span> <span class=\"NormalTextRun SpellingErrorV2 SCXW221955474 BCX0\">\u00e9cailles<\/span><span class=\"NormalTextRun SCXW221955474 BCX0\"> et <\/span><span class=\"NormalTextRun SpellingErrorV2 SCXW221955474 BCX0\">lignes<\/span> <span class=\"NormalTextRun SpellingErrorV2 SCXW221955474 BCX0\">droites<\/span><span class=\"NormalTextRun SCXW221955474 BCX0\">. La construction du motif <\/span><span class=\"NormalTextRun SpellingErrorV2 SCXW221955474 BCX0\">en<\/span> <span class=\"NormalTextRun SpellingErrorV2 SCXW221955474 BCX0\">\u00e9caille<\/span> <span class=\"NormalTextRun SpellingErrorV2 SCXW221955474 BCX0\">est<\/span><span class=\"NormalTextRun SCXW221955474 BCX0\"> un clin <\/span><span class=\"NormalTextRun SpellingErrorV2 SCXW221955474 BCX0\">d&#8217;\u0153il<\/span><span class=\"NormalTextRun SCXW221955474 BCX0\"> aux grands monuments Art <\/span><span class=\"NormalTextRun SpellingErrorV2 SCXW221955474 BCX0\">D\u00e9co<\/span> <span class=\"NormalTextRun SpellingErrorV2 SCXW221955474 BCX0\">comme<\/span><span class=\"NormalTextRun SCXW221955474 BCX0\"> par <\/span><span class=\"NormalTextRun SpellingErrorV2 SCXW221955474 BCX0\">exemple<\/span><span class=\"NormalTextRun SCXW221955474 BCX0\"> le Crysler Building \u00e0 NY&#8230;<\/span><\/span><\/p>\n","protected":false},"excerpt":{"rendered":"<p>\u00c9dition limit\u00e9e de 8 pi\u00e8ces par coloration<br \/>\nTapis nou\u00e9 \u00e0 la main<br \/>\nDisponible en 100% soie, en 100% laine ou en m\u00e9lange laine\/soie<br \/>\nCinq couleurs \u00e0 d\u00e9finir<br \/>\nDimensions, couleurs et formes sur mesure sur demande<br \/>\nDoublure antid\u00e9rapante incluse<\/p>\n<p><p class=\"p1\">\u00d8<span class=\"Apple-converted-space\"> 300 cm\u00a0<\/span><\/p>\n<\/p>\n<p><p class=\"p1\">Fabriqu\u00e9 \u00e0 la main en Italie<br \/>\nD\u00e9lais de fabrication : 16 semaines<\/p>\n<p class=\"p2\"><span style=\"text-decoration: underline;\"><span class=\"s1\"><a href=\"https:\/\/www.theinvisiblecollection.com\/demande-de-devis\/?product_id=126237\" target=\"_blank\" rel=\"noopener\">Contactez-nous pour toute demande de devis ou de renseignements<\/a><\/span><\/span><\/p><\/p>\n","protected":false},"featured_media":126244,"template":"","meta":{"_acf_changed":false,"content-type":"","_themeisle_gutenberg_block_has_review":false},"product_brand":[],"product_cat":[8183,12540],"product_tag":[33319],"product_designer":[16596],"comfabric":[],"manufacturer":[37012],"reporting_designer":[37699],"samplecomfabric":[],"designer_clubroom":[],"class_list":{"0":"post-127828","1":"product","2":"type-product","3":"status-publish","4":"has-post-thumbnail","6":"product_cat-tapis-noues-a-la-main","7":"product_cat-tapis-fr","8":"product_tag-edition-limitee","9":"pa_color-ecru-fr","10":"pa_color-couleurs-personalisees","11":"pa_color-rose-fr","12":"pa_color-rouge-bordeaux-fr","13":"pa_color-vert","14":"pa_material-laine","15":"pa_material-laine-soie","16":"pa_material-soie-fr","17":"pa_size-dimensions-standards","18":"pa_size-dimensions-sur-mesure-fr","19":"product_designer-maison-leleu-fr","20":"manufacturer-maison-leleu-esi-louvres-fr","21":"reporting_designer-maison-leleu","23":"first","24":"instock","25":"taxable","26":"shipping-taxable","27":"purchasable","28":"product-type-variable"},"acf":[],"_links":{"self":[{"href":"https:\/\/theinvisiblecollection.com\/fr\/wp-json\/wp\/v2\/product\/127828","targetHints":{"allow":["GET"]}}],"collection":[{"href":"https:\/\/theinvisiblecollection.com\/fr\/wp-json\/wp\/v2\/product"}],"about":[{"href":"https:\/\/theinvisiblecollection.com\/fr\/wp-json\/wp\/v2\/types\/product"}],"wp:featuredmedia":[{"embeddable":true,"href":"https:\/\/theinvisiblecollection.com\/fr\/wp-json\/wp\/v2\/media\/126244"}],"wp:attachment":[{"href":"https:\/\/theinvisiblecollection.com\/fr\/wp-json\/wp\/v2\/media?parent=127828"}],"wp:term":[{"taxonomy":"product_brand","embeddable":true,"href":"https:\/\/theinvisiblecollection.com\/fr\/wp-json\/wp\/v2\/product_brand?post=127828"},{"taxonomy":"product_cat","embeddable":true,"href":"https:\/\/theinvisiblecollection.com\/fr\/wp-json\/wp\/v2\/product_cat?post=127828"},{"taxonomy":"product_tag","embeddable":true,"href":"https:\/\/theinvisiblecollection.com\/fr\/wp-json\/wp\/v2\/product_tag?post=127828"},{"taxonomy":"product_designer","embeddable":true,"href":"https:\/\/theinvisiblecollection.com\/fr\/wp-json\/wp\/v2\/product_designer?post=127828"},{"taxonomy":"comfabric","embeddable":true,"href":"https:\/\/theinvisiblecollection.com\/fr\/wp-json\/wp\/v2\/comfabric?post=127828"},{"taxonomy":"manufacturer","embeddable":true,"href":"https:\/\/theinvisiblecollection.com\/fr\/wp-json\/wp\/v2\/manufacturer?post=127828"},{"taxonomy":"reporting_designer","embeddable":true,"href":"https:\/\/theinvisiblecollection.com\/fr\/wp-json\/wp\/v2\/reporting_designer?post=127828"},{"taxonomy":"samplecomfabric","embeddable":true,"href":"https:\/\/theinvisiblecollection.com\/fr\/wp-json\/wp\/v2\/samplecomfabric?post=127828"},{"taxonomy":"clubroom_product_designer","embeddable":true,"href":"https:\/\/theinvisiblecollection.com\/fr\/wp-json\/wp\/v2\/designer_clubroom?post=127828"}],"curies":[{"name":"wp","href":"https:\/\/api.w.org\/{rel}","templated":true}]}}