{"id":127930,"date":"2022-04-12T15:56:06","date_gmt":"2022-04-12T14:56:06","guid":{"rendered":"https:\/\/theinvisiblecollection.com\/?post_type=product&#038;p=127930"},"modified":"2026-05-01T07:38:57","modified_gmt":"2026-05-01T07:38:57","slug":"atelier-pendhapa-tabouret-deepah-teck","status":"publish","type":"product","link":"https:\/\/theinvisiblecollection.com\/fr\/produit\/atelier-pendhapa-tabouret-deepah-teck\/","title":{"rendered":"Tabouret Deepah Teck"},"content":{"rendered":"","protected":false},"excerpt":{"rendered":"<p>Tabouret en teck javanais noir massif tapiss\u00e9 ici en tissu Ars\u00e8ne de Pierre Frey, couleur miel<br \/>\n\u00c9galement disponible en <a href=\"https:\/\/theinvisiblecollection.com\/fr\/produit\/atelier-pendhapa-tabouret-deepah-chene\/\" target=\"_blank\" rel=\"noopener\"><span style=\"text-decoration: underline;\">ch\u00eane europ\u00e9en massif<\/span><\/a><br \/>\n<span style=\"text-decoration: underline;\"><a href=\"https:\/\/theinvisiblecollection.com\/wp-content\/uploads\/2022\/08\/TheInvisibleCollection_FabricSelection_AtelierPendhapa-2.pdf\" target=\"_blank\" rel=\"noopener\">D\u00e9couvrez la s\u00e9lection de tissus ici<\/a><br \/>\n<\/span>Version en teck adapt\u00e9e \u00e0 un usage en ext\u00e9rieur sur demande<br \/>\nDimensions et tissus sur-mesure sur demande<\/p>\n<p>Disponible en trois dimensions :<br \/>\n\u00d8 35 x H 85 cm<br \/>\n\u00d8 35 x H 65 cm<br \/>\n\u00d8 35 x H 45 cm<br \/>\nTissu requis : 1 m<\/p>\n<p>Fabriqu\u00e9 \u00e0 la main en Indon\u00e9sie<br \/>\nD\u00e9lais de production : 8 &#8211; 10 semaines<\/p>\n<p><span style=\"text-decoration: underline;\"><span class=\"s1\"><a href=\"https:\/\/www.theinvisiblecollection.com\/fr\/demande-de-devis\/?product_id=127930\" target=\"_blank\" rel=\"noopener\">Contactez-nous pour toute demande de devis ou de renseignements<\/a><\/span><\/span><\/p>\n","protected":false},"featured_media":5367062,"template":"","meta":{"_acf_changed":false,"content-type":"","_themeisle_gutenberg_block_has_review":false},"product_brand":[],"product_cat":[8969,10549,12499],"product_tag":[10140,31477],"product_designer":[13525],"comfabric":[],"manufacturer":[23071],"reporting_designer":[37189],"samplecomfabric":[],"designer_clubroom":[],"class_list":{"0":"post-127930","1":"product","2":"type-product","3":"status-publish","4":"has-post-thumbnail","6":"product_cat-ottomans-tabourets","7":"product_cat-mobilier-dexterieur","8":"product_cat-assises","9":"product_tag-mobilier-exterieur-fr","10":"product_tag-st-curvy-fr","11":"pa_finish-finition-finement-texturee","12":"pa_finish-sans-finition","13":"pa_size-l-280-x-l-100-x-h-80-fr","14":"pa_size-moyenne-l-70-x-l-82-x-h-41-cm","15":"product_designer-atelier-pendhapa-fr","16":"manufacturer-atelier-pendhapa-pick-up-fr","17":"reporting_designer-atelier-pendhapa","19":"first","20":"instock","21":"taxable","22":"shipping-taxable","23":"purchasable","24":"product-type-variable"},"acf":[],"_links":{"self":[{"href":"https:\/\/theinvisiblecollection.com\/fr\/wp-json\/wp\/v2\/product\/127930","targetHints":{"allow":["GET"]}}],"collection":[{"href":"https:\/\/theinvisiblecollection.com\/fr\/wp-json\/wp\/v2\/product"}],"about":[{"href":"https:\/\/theinvisiblecollection.com\/fr\/wp-json\/wp\/v2\/types\/product"}],"wp:featuredmedia":[{"embeddable":true,"href":"https:\/\/theinvisiblecollection.com\/fr\/wp-json\/wp\/v2\/media\/5367062"}],"wp:attachment":[{"href":"https:\/\/theinvisiblecollection.com\/fr\/wp-json\/wp\/v2\/media?parent=127930"}],"wp:term":[{"taxonomy":"product_brand","embeddable":true,"href":"https:\/\/theinvisiblecollection.com\/fr\/wp-json\/wp\/v2\/product_brand?post=127930"},{"taxonomy":"product_cat","embeddable":true,"href":"https:\/\/theinvisiblecollection.com\/fr\/wp-json\/wp\/v2\/product_cat?post=127930"},{"taxonomy":"product_tag","embeddable":true,"href":"https:\/\/theinvisiblecollection.com\/fr\/wp-json\/wp\/v2\/product_tag?post=127930"},{"taxonomy":"product_designer","embeddable":true,"href":"https:\/\/theinvisiblecollection.com\/fr\/wp-json\/wp\/v2\/product_designer?post=127930"},{"taxonomy":"comfabric","embeddable":true,"href":"https:\/\/theinvisiblecollection.com\/fr\/wp-json\/wp\/v2\/comfabric?post=127930"},{"taxonomy":"manufacturer","embeddable":true,"href":"https:\/\/theinvisiblecollection.com\/fr\/wp-json\/wp\/v2\/manufacturer?post=127930"},{"taxonomy":"reporting_designer","embeddable":true,"href":"https:\/\/theinvisiblecollection.com\/fr\/wp-json\/wp\/v2\/reporting_designer?post=127930"},{"taxonomy":"samplecomfabric","embeddable":true,"href":"https:\/\/theinvisiblecollection.com\/fr\/wp-json\/wp\/v2\/samplecomfabric?post=127930"},{"taxonomy":"clubroom_product_designer","embeddable":true,"href":"https:\/\/theinvisiblecollection.com\/fr\/wp-json\/wp\/v2\/designer_clubroom?post=127930"}],"curies":[{"name":"wp","href":"https:\/\/api.w.org\/{rel}","templated":true}]}}