{"id":1281758,"date":"2024-05-21T09:51:02","date_gmt":"2024-05-21T09:51:02","guid":{"rendered":"https:\/\/theinvisiblecollection.com\/?post_type=product&#038;p=1281758"},"modified":"2026-05-01T07:38:24","modified_gmt":"2026-05-01T07:38:24","slug":"flroes-design-chevet-modele-2-blanc","status":"publish","type":"product","link":"https:\/\/theinvisiblecollection.com\/fr\/produit\/flroes-design-chevet-modele-2-blanc\/","title":{"rendered":"Table d&#8217;Appoint Mod\u00e8le 2 Blanc"},"content":{"rendered":"","protected":false},"excerpt":{"rendered":"<p>Table d&#8217;appoint en c\u00e9ramique blanche<br \/>\nChaque pi\u00e8ce est unique et pr\u00e9sente des variations uniques dues au processus de fabrication \u00e0 la main<br \/>\nConvient pour l&#8217;ext\u00e9rieur<\/p>\n<p>Plateau \u00d8 32 x Base \u00d8 33 x H 52 cm<\/p>\n<p>Fabriqu\u00e9e \u00e0 la main en Europe<br \/>\nD\u00e9lais de fabrication : 16 &#8211; 20 semaines<\/p>\n<p class=\"p1\"><span style=\"text-decoration: underline;\"><span class=\"s1\"><a href=\"https:\/\/www.theinvisiblecollection.com\/fr\/demande-de-devis\/?product_id=1281758\" target=\"_blank\" rel=\"noopener\">Contactez-nous pour toute demande de devis ou de renseignements<\/a><\/span><\/span><\/p>\n","protected":false},"featured_media":1281840,"template":"","meta":{"_acf_changed":false,"content-type":"","_themeisle_gutenberg_block_has_review":false},"product_brand":[],"product_cat":[10549,12332,12501,12503,12514],"product_tag":[10140,14925,31474,31475,31477,35206],"product_designer":[17938],"comfabric":[],"manufacturer":[17936],"reporting_designer":[37836],"samplecomfabric":[],"designer_clubroom":[],"class_list":{"0":"post-1281758","1":"product","2":"type-product","3":"status-publish","4":"has-post-thumbnail","6":"product_cat-mobilier-dexterieur","7":"product_cat-tables-dappoint","8":"product_cat-chambre-a-coucher","9":"product_cat-tables-fr","10":"product_cat-tables-de-chevet","11":"product_tag-mobilier-exterieur-fr","12":"product_tag-hpfav-fr","13":"product_tag-co-white-fr","14":"product_tag-st-ceramic-fr","15":"product_tag-st-curvy-fr","16":"product_tag-exclusive-fr","17":"product_designer-flores-design","18":"manufacturer-flores-design","19":"reporting_designer-flores","21":"first","22":"instock","23":"featured","24":"taxable","25":"shipping-taxable","26":"product-type-variable"},"acf":[],"_links":{"self":[{"href":"https:\/\/theinvisiblecollection.com\/fr\/wp-json\/wp\/v2\/product\/1281758","targetHints":{"allow":["GET"]}}],"collection":[{"href":"https:\/\/theinvisiblecollection.com\/fr\/wp-json\/wp\/v2\/product"}],"about":[{"href":"https:\/\/theinvisiblecollection.com\/fr\/wp-json\/wp\/v2\/types\/product"}],"wp:featuredmedia":[{"embeddable":true,"href":"https:\/\/theinvisiblecollection.com\/fr\/wp-json\/wp\/v2\/media\/1281840"}],"wp:attachment":[{"href":"https:\/\/theinvisiblecollection.com\/fr\/wp-json\/wp\/v2\/media?parent=1281758"}],"wp:term":[{"taxonomy":"product_brand","embeddable":true,"href":"https:\/\/theinvisiblecollection.com\/fr\/wp-json\/wp\/v2\/product_brand?post=1281758"},{"taxonomy":"product_cat","embeddable":true,"href":"https:\/\/theinvisiblecollection.com\/fr\/wp-json\/wp\/v2\/product_cat?post=1281758"},{"taxonomy":"product_tag","embeddable":true,"href":"https:\/\/theinvisiblecollection.com\/fr\/wp-json\/wp\/v2\/product_tag?post=1281758"},{"taxonomy":"product_designer","embeddable":true,"href":"https:\/\/theinvisiblecollection.com\/fr\/wp-json\/wp\/v2\/product_designer?post=1281758"},{"taxonomy":"comfabric","embeddable":true,"href":"https:\/\/theinvisiblecollection.com\/fr\/wp-json\/wp\/v2\/comfabric?post=1281758"},{"taxonomy":"manufacturer","embeddable":true,"href":"https:\/\/theinvisiblecollection.com\/fr\/wp-json\/wp\/v2\/manufacturer?post=1281758"},{"taxonomy":"reporting_designer","embeddable":true,"href":"https:\/\/theinvisiblecollection.com\/fr\/wp-json\/wp\/v2\/reporting_designer?post=1281758"},{"taxonomy":"samplecomfabric","embeddable":true,"href":"https:\/\/theinvisiblecollection.com\/fr\/wp-json\/wp\/v2\/samplecomfabric?post=1281758"},{"taxonomy":"clubroom_product_designer","embeddable":true,"href":"https:\/\/theinvisiblecollection.com\/fr\/wp-json\/wp\/v2\/designer_clubroom?post=1281758"}],"curies":[{"name":"wp","href":"https:\/\/api.w.org\/{rel}","templated":true}]}}