{"id":1281954,"date":"2022-12-05T12:51:40","date_gmt":"2022-12-05T11:51:40","guid":{"rendered":"https:\/\/theinvisiblecollection.com\/?post_type=product&#038;p=1281954"},"modified":"2026-05-01T07:38:24","modified_gmt":"2026-05-01T07:38:24","slug":"goossens-arbre-corail","status":"publish","type":"product","link":"https:\/\/theinvisiblecollection.com\/fr\/produit\/goossens-arbre-corail\/","title":{"rendered":"Arbre Corail"},"content":{"rendered":"<p class=\"p1\" style=\"text-align: justify;\">Chaque branche de l&#8217;Arbre Corail par Goossens a \u00e9t\u00e9 sculpt\u00e9e d\u00e9licatement par nos orf\u00e8vres, dans une inspiration libre de la nature ch\u00e8re \u00e0 Robert Goossens, cr\u00e9ateur de la Maison. Ce bel objet d\u00e9coratif joue avec la lumi\u00e8re pour attirer sur lui tous les regards.<\/p>\n","protected":false},"excerpt":{"rendered":"<p>Objet d\u00e9coratif en m\u00e9tal, tremp\u00e9 dans de l&#8217;or jaune<br \/>\nFinition laiton dor\u00e9<\/p>\n<p>L 21 x l 16 x H 20.7 cm<\/p>\n<p>Fabriqu\u00e9 \u00e0 la main \u00e0 Paris, France<br \/>\nD\u00e9lais de production : 6 &#8211; 8 semaines<\/p>\n<p><span style=\"text-decoration: underline;\"><a href=\"https:\/\/www.theinvisiblecollection.com\/fr\/demande-de-devis\/?product_id=1281954\" target=\"_blank\" rel=\"noopener\">Contactez-nous pour toute demande de devis ou de renseignements<\/a><\/span><\/p>\n","protected":false},"featured_media":1282180,"template":"","meta":{"_acf_changed":false,"content-type":"","_themeisle_gutenberg_block_has_review":false},"product_brand":[],"product_cat":[7517,12531,12532,13076,16319],"product_tag":[7435,31476,31477,35206],"product_designer":[8928],"comfabric":[],"manufacturer":[16919],"reporting_designer":[37524],"samplecomfabric":[],"designer_clubroom":[],"class_list":{"0":"post-1281954","1":"product","2":"type-product","3":"status-publish","4":"has-post-thumbnail","6":"product_cat-deco-fr","7":"product_cat-objets-de-decoration","8":"product_cat-accessoires-de-bureau","9":"product_cat-bureau-a-la-maison","10":"product_cat-cartes-cadeaux","11":"product_tag-new-in-fr","12":"product_tag-st-collectible-fr","13":"product_tag-st-curvy-fr","14":"product_tag-exclusive-fr","15":"product_shipping_class-gossens-1kg-fr","16":"pa_finish-finition-doree-fr","17":"pa_finish-finition-doree-mate-fr","18":"product_designer-goossens-fr","19":"manufacturer-goossens-paris-fr","20":"reporting_designer-goossens","22":"first","23":"instock","24":"taxable","25":"shipping-taxable","26":"purchasable","27":"product-type-simple"},"acf":[],"_links":{"self":[{"href":"https:\/\/theinvisiblecollection.com\/fr\/wp-json\/wp\/v2\/product\/1281954","targetHints":{"allow":["GET"]}}],"collection":[{"href":"https:\/\/theinvisiblecollection.com\/fr\/wp-json\/wp\/v2\/product"}],"about":[{"href":"https:\/\/theinvisiblecollection.com\/fr\/wp-json\/wp\/v2\/types\/product"}],"wp:featuredmedia":[{"embeddable":true,"href":"https:\/\/theinvisiblecollection.com\/fr\/wp-json\/wp\/v2\/media\/1282180"}],"wp:attachment":[{"href":"https:\/\/theinvisiblecollection.com\/fr\/wp-json\/wp\/v2\/media?parent=1281954"}],"wp:term":[{"taxonomy":"product_brand","embeddable":true,"href":"https:\/\/theinvisiblecollection.com\/fr\/wp-json\/wp\/v2\/product_brand?post=1281954"},{"taxonomy":"product_cat","embeddable":true,"href":"https:\/\/theinvisiblecollection.com\/fr\/wp-json\/wp\/v2\/product_cat?post=1281954"},{"taxonomy":"product_tag","embeddable":true,"href":"https:\/\/theinvisiblecollection.com\/fr\/wp-json\/wp\/v2\/product_tag?post=1281954"},{"taxonomy":"product_designer","embeddable":true,"href":"https:\/\/theinvisiblecollection.com\/fr\/wp-json\/wp\/v2\/product_designer?post=1281954"},{"taxonomy":"comfabric","embeddable":true,"href":"https:\/\/theinvisiblecollection.com\/fr\/wp-json\/wp\/v2\/comfabric?post=1281954"},{"taxonomy":"manufacturer","embeddable":true,"href":"https:\/\/theinvisiblecollection.com\/fr\/wp-json\/wp\/v2\/manufacturer?post=1281954"},{"taxonomy":"reporting_designer","embeddable":true,"href":"https:\/\/theinvisiblecollection.com\/fr\/wp-json\/wp\/v2\/reporting_designer?post=1281954"},{"taxonomy":"samplecomfabric","embeddable":true,"href":"https:\/\/theinvisiblecollection.com\/fr\/wp-json\/wp\/v2\/samplecomfabric?post=1281954"},{"taxonomy":"clubroom_product_designer","embeddable":true,"href":"https:\/\/theinvisiblecollection.com\/fr\/wp-json\/wp\/v2\/designer_clubroom?post=1281954"}],"curies":[{"name":"wp","href":"https:\/\/api.w.org\/{rel}","templated":true}]}}