{"id":128216,"date":"2022-04-12T16:30:04","date_gmt":"2022-04-12T15:30:04","guid":{"rendered":"https:\/\/theinvisiblecollection.com\/?post_type=product&#038;p=128216"},"modified":"2026-05-01T07:38:57","modified_gmt":"2026-05-01T07:38:57","slug":"maison-leleu-tapis-surrealisme-beige-bleu","status":"publish","type":"product","link":"https:\/\/theinvisiblecollection.com\/fr\/produit\/maison-leleu-tapis-surrealisme-beige-bleu\/","title":{"rendered":"Tapis Surr\u00e9alisme Beige &#038; Bleu"},"content":{"rendered":"<p style=\"text-align: justify;\"><span class=\"TextRun SCXW153709703 BCX0\" lang=\"EN-GB\" xml:lang=\"EN-GB\" data-contrast=\"auto\"><span class=\"NormalTextRun SCXW153709703 BCX0\">Les archives de tapis de la Maison Leleu <\/span><span class=\"NormalTextRun SpellingErrorV2 SCXW153709703 BCX0\">exposent<\/span><span class=\"NormalTextRun SCXW153709703 BCX0\">\u00a0<\/span><span class=\"NormalTextRun SpellingErrorV2 SCXW153709703 BCX0\">diff\u00e9rentes<\/span> <span class=\"NormalTextRun SpellingErrorV2 SCXW153709703 BCX0\">p\u00e9riodes<\/span> <span class=\"NormalTextRun SpellingErrorV2 SCXW153709703 BCX0\">stylistiques<\/span><span class=\"NormalTextRun SCXW153709703 BCX0\"> : motifs <\/span><span class=\"NormalTextRun SpellingErrorV2 SCXW153709703 BCX0\">floraux<\/span><span class=\"NormalTextRun SCXW153709703 BCX0\">, <\/span><span class=\"NormalTextRun SpellingErrorV2 SCXW153709703 BCX0\">ethniques<\/span> <span class=\"NormalTextRun SpellingErrorV2 SCXW153709703 BCX0\">ou<\/span> <span class=\"NormalTextRun SpellingErrorV2 SCXW153709703 BCX0\">g\u00e9om\u00e9triques<\/span> <span class=\"NormalTextRun SpellingErrorV2 SCXW153709703 BCX0\">mais<\/span> <span class=\"NormalTextRun SpellingErrorV2 SCXW153709703 BCX0\">\u00e9galement<\/span><span class=\"NormalTextRun SCXW153709703 BCX0\"> des tapis <\/span><span class=\"NormalTextRun SpellingErrorV2 SCXW153709703 BCX0\">inspir\u00e9s<\/span> <span class=\"NormalTextRun SpellingErrorV2 SCXW153709703 BCX0\">directement<\/span><span class=\"NormalTextRun SCXW153709703 BCX0\"> de <\/span><span class=\"NormalTextRun SpellingErrorV2 SCXW153709703 BCX0\">l\u2019Art<\/span> <span class=\"NormalTextRun SpellingErrorV2 SCXW153709703 BCX0\">moderne<\/span><span class=\"NormalTextRun SCXW153709703 BCX0\">.<\/span><\/span> <span class=\"TextRun SCXW153709703 BCX0\" lang=\"EN-GB\" xml:lang=\"EN-GB\" data-contrast=\"auto\"><span class=\"NormalTextRun SCXW153709703 BCX0\">Ce tapis <\/span><span class=\"NormalTextRun SpellingErrorV2 SCXW153709703 BCX0\">revisit\u00e9<\/span><span class=\"NormalTextRun SCXW153709703 BCX0\"> par Alexia Leleu propose <\/span><span class=\"NormalTextRun SpellingErrorV2 SCXW153709703 BCX0\">une<\/span><span class=\"NormalTextRun SCXW153709703 BCX0\"> vision plus <\/span><span class=\"NormalTextRun SpellingErrorV2 SCXW153709703 BCX0\">\u00e9pur\u00e9e<\/span><span class=\"NormalTextRun SCXW153709703 BCX0\"> et <\/span><span class=\"NormalTextRun SpellingErrorV2 SCXW153709703 BCX0\">moderne<\/span><span class=\"NormalTextRun SCXW153709703 BCX0\"> de <\/span><span class=\"NormalTextRun SpellingErrorV2 SCXW153709703 BCX0\">l&#8217;archive<\/span> <span class=\"NormalTextRun SpellingErrorV2 SCXW153709703 BCX0\">originale<\/span><span class=\"NormalTextRun SCXW153709703 BCX0\">.<\/span><\/span><span class=\"EOP SCXW153709703 BCX0\" data-ccp-props=\"{&quot;201341983&quot;:0,&quot;335559740&quot;:259}\">\u00a0<\/span><\/p>\n","protected":false},"excerpt":{"rendered":"<p>\u00c9dition limit\u00e9e de 8 pi\u00e8ces par coloration<br \/>\nTapis nou\u00e9 \u00e0 la main<br \/>\nDisponible en 100% laine, 100% soie ou en m\u00e9lange soie\/laine<br \/>\nQuatre couleurs \u00e0 d\u00e9finir<br \/>\nDimensions, couleurs et formes sur mesure sur demande<br \/>\nDoublure antid\u00e9rapante incluse<\/p>\n<p>200 x 270 cm<\/p>\n<p class=\"p1\">Fabriqu\u00e9 \u00e0 la main en Italie<br \/>\nD\u00e9lais de fabrication : 16 semaines<\/p>\n<p class=\"p2\"><span style=\"text-decoration: underline;\"><span class=\"s1\"><a href=\"https:\/\/www.theinvisiblecollection.com\/demande-de-devis\/?product_id=126248\" target=\"_blank\" rel=\"noopener\">Contactez-nous pour toute demande de devis ou de renseignements<\/a><\/span><\/span><\/p>\n","protected":false},"featured_media":126261,"template":"","meta":{"_acf_changed":false,"content-type":"","_themeisle_gutenberg_block_has_review":false},"product_brand":[],"product_cat":[8183,12540],"product_tag":[33319],"product_designer":[16596],"comfabric":[],"manufacturer":[37012],"reporting_designer":[37699],"samplecomfabric":[],"designer_clubroom":[],"class_list":{"0":"post-128216","1":"product","2":"type-product","3":"status-publish","4":"has-post-thumbnail","6":"product_cat-tapis-noues-a-la-main","7":"product_cat-tapis-fr","8":"product_tag-edition-limitee","9":"pa_color-bleu-beige","10":"pa_color-bleu-brun","11":"pa_color-couleurs-personalisees","12":"pa_color-fauve","13":"pa_color-marine-fr","14":"pa_color-pastel-fr","15":"pa_color-vert","16":"pa_material-laine","17":"pa_material-laine-soie","18":"pa_material-soie-fr","19":"pa_size-dimensions-standards","20":"pa_size-dimensions-sur-mesure-fr","21":"product_designer-maison-leleu-fr","22":"manufacturer-maison-leleu-esi-louvres-fr","23":"reporting_designer-maison-leleu","25":"first","26":"instock","27":"taxable","28":"shipping-taxable","29":"purchasable","30":"product-type-variable"},"acf":[],"_links":{"self":[{"href":"https:\/\/theinvisiblecollection.com\/fr\/wp-json\/wp\/v2\/product\/128216","targetHints":{"allow":["GET"]}}],"collection":[{"href":"https:\/\/theinvisiblecollection.com\/fr\/wp-json\/wp\/v2\/product"}],"about":[{"href":"https:\/\/theinvisiblecollection.com\/fr\/wp-json\/wp\/v2\/types\/product"}],"wp:featuredmedia":[{"embeddable":true,"href":"https:\/\/theinvisiblecollection.com\/fr\/wp-json\/wp\/v2\/media\/126261"}],"wp:attachment":[{"href":"https:\/\/theinvisiblecollection.com\/fr\/wp-json\/wp\/v2\/media?parent=128216"}],"wp:term":[{"taxonomy":"product_brand","embeddable":true,"href":"https:\/\/theinvisiblecollection.com\/fr\/wp-json\/wp\/v2\/product_brand?post=128216"},{"taxonomy":"product_cat","embeddable":true,"href":"https:\/\/theinvisiblecollection.com\/fr\/wp-json\/wp\/v2\/product_cat?post=128216"},{"taxonomy":"product_tag","embeddable":true,"href":"https:\/\/theinvisiblecollection.com\/fr\/wp-json\/wp\/v2\/product_tag?post=128216"},{"taxonomy":"product_designer","embeddable":true,"href":"https:\/\/theinvisiblecollection.com\/fr\/wp-json\/wp\/v2\/product_designer?post=128216"},{"taxonomy":"comfabric","embeddable":true,"href":"https:\/\/theinvisiblecollection.com\/fr\/wp-json\/wp\/v2\/comfabric?post=128216"},{"taxonomy":"manufacturer","embeddable":true,"href":"https:\/\/theinvisiblecollection.com\/fr\/wp-json\/wp\/v2\/manufacturer?post=128216"},{"taxonomy":"reporting_designer","embeddable":true,"href":"https:\/\/theinvisiblecollection.com\/fr\/wp-json\/wp\/v2\/reporting_designer?post=128216"},{"taxonomy":"samplecomfabric","embeddable":true,"href":"https:\/\/theinvisiblecollection.com\/fr\/wp-json\/wp\/v2\/samplecomfabric?post=128216"},{"taxonomy":"clubroom_product_designer","embeddable":true,"href":"https:\/\/theinvisiblecollection.com\/fr\/wp-json\/wp\/v2\/designer_clubroom?post=128216"}],"curies":[{"name":"wp","href":"https:\/\/api.w.org\/{rel}","templated":true}]}}