{"id":1282946,"date":"2022-12-05T13:23:24","date_gmt":"2022-12-05T12:23:24","guid":{"rendered":"https:\/\/theinvisiblecollection.com\/?post_type=product&#038;p=1282946"},"modified":"2026-05-01T07:38:24","modified_gmt":"2026-05-01T07:38:24","slug":"goossens-bougeoir-corail","status":"publish","type":"product","link":"https:\/\/theinvisiblecollection.com\/fr\/produit\/goossens-bougeoir-corail\/","title":{"rendered":"Bougeoir Corail"},"content":{"rendered":"<p class=\"p1\" style=\"text-align: justify;\"><span class=\"TextRun SCXW79518899 BCX0\" lang=\"EN-US\" xml:lang=\"EN-US\" data-contrast=\"auto\"><span class=\"NormalTextRun SCXW79518899 BCX0\">Le Bougeoir Coral par Goossens <\/span><span class=\"NormalTextRun SpellingErrorV2Themed SCXW79518899 BCX0\">est<\/span><span class=\"NormalTextRun SCXW79518899 BCX0\"> un <\/span><span class=\"NormalTextRun SpellingErrorV2Themed SCXW79518899 BCX0\">objet<\/span><span class=\"NormalTextRun SCXW79518899 BCX0\"> au luxe <\/span><span class=\"NormalTextRun SpellingErrorV2Themed SCXW79518899 BCX0\">discret<\/span><span class=\"NormalTextRun SCXW79518899 BCX0\">, tout <\/span><span class=\"NormalTextRun SpellingErrorV2Themed SCXW79518899 BCX0\">en<\/span> <span class=\"NormalTextRun SpellingErrorV2Themed SCXW79518899 BCX0\">d\u00e9licatesse<\/span><span class=\"NormalTextRun SCXW79518899 BCX0\">, <\/span><span class=\"NormalTextRun SpellingErrorV2Themed SpellingErrorHighlight SCXW79518899 BCX0\">\u00e9voquant<\/span><span class=\"NormalTextRun SCXW79518899 BCX0\"> la gr\u00e2ce de la nature et de <\/span><span class=\"NormalTextRun SpellingErrorV2Themed SCXW79518899 BCX0\">ses<\/span> <span class=\"NormalTextRun SpellingErrorV2Themed SCXW79518899 BCX0\">cr\u00e9ations<\/span><span class=\"NormalTextRun SCXW79518899 BCX0\"> &#8211; un <\/span><span class=\"NormalTextRun SpellingErrorV2Themed SCXW79518899 BCX0\">th\u00e8me<\/span> <span class=\"NormalTextRun SpellingErrorV2Themed SCXW79518899 BCX0\">cher<\/span><span class=\"NormalTextRun SCXW79518899 BCX0\"> \u00e0 la Maison Goossens.<\/span><\/span><\/p>\n","protected":false},"excerpt":{"rendered":"<p>Bougeoir en m\u00e9tal tremp\u00e9 dans l&#8217;or jaune 24 carats<br \/>\nAgr\u00e9ment\u00e9 de branches de corail<\/p>\n<p>\u00d8 12.7 x H 16 cm (H 21 cm avec bougie)<\/p>\n<p>Fabriqu\u00e9 \u00e0 la main \u00e0 Paris, France<br \/>\nD\u00e9lais de production : 6 &#8211; 8 semaines<\/p>\n<p><span style=\"text-decoration: underline;\"><a href=\"https:\/\/www.theinvisiblecollection.com\/fr\/demande-de-devis\/?product_id=1282946\" target=\"_blank\" rel=\"noopener\">Contactez-nous pour toute demande de devis ou de renseignements<\/a><\/span><\/p>\n","protected":false},"featured_media":1283128,"template":"","meta":{"_acf_changed":false,"content-type":"","_themeisle_gutenberg_block_has_review":false},"product_brand":[],"product_cat":[7517,12531,12532,16319],"product_tag":[7435,22790,31476,31477,35206],"product_designer":[8928],"comfabric":[],"manufacturer":[16919],"reporting_designer":[37524],"samplecomfabric":[],"designer_clubroom":[],"class_list":{"0":"post-1282946","1":"product","2":"type-product","3":"status-publish","4":"has-post-thumbnail","6":"product_cat-deco-fr","7":"product_cat-objets-de-decoration","8":"product_cat-accessoires-de-bureau","9":"product_cat-cartes-cadeaux","10":"product_tag-new-in-fr","11":"product_tag-disponible-immediatement","12":"product_tag-st-collectible-fr","13":"product_tag-st-curvy-fr","14":"product_tag-exclusive-fr","15":"product_shipping_class-gossens-1kg-fr","16":"pa_finish-acier","17":"pa_finish-acier-avec-finition-en-laiton","18":"pa_finish-acier-blanc-et-platre","19":"pa_finish-acier-et-laiton","20":"pa_finish-acier-noir","21":"pa_finish-aluminium-fr","22":"pa_finish-anthracite-fr","23":"pa_finish-arancio-b-fr","24":"pa_finish-assise-et-dossier-tapisses-de-cuir-blanc-envers-dos-tapisse-de-lin-beige-fr","25":"pa_finish-assise-et-dossier-tapisses-de-cuir-blanc-envers-dos-tapisse-de-lin-imprime-fr","26":"pa_finish-assise-et-dossier-tapisses-de-cuir-blanc-envers-dos-tapisse-de-velours-acajou-fr","27":"pa_finish-assise-et-dossier-tapisses-de-cuir-blanc-envers-dos-tapisse-de-velours-gris-fr","28":"pa_finish-assise-et-dossier-tapisses-de-cuir-brun-envers-dos-tapisse-de-lin-beige-fr","29":"pa_finish-assise-et-dossier-tapisses-de-cuir-noir-envers-dos-tapisse-de-lin-beige-fr","30":"pa_finish-avec-or-fr","31":"pa_finish-avec-vernis-fr","32":"pa_finish-black-nubuck-black-ostrich-matte-gold-bronze-fr","33":"pa_finish-black-nubuck-burnt-black-bronze-fr","34":"pa_finish-black-velvet-burnt-black-bronze-fr","35":"pa_finish-blanc-carrare-fr","36":"pa_finish-blanc-mat","37":"pa_finish-black-satinee","38":"pa_finish-bleu-lagon","39":"pa_finish-bleu-noir","40":"pa_finish-bleu-persille","41":"pa_finish-blu-1-6-fr","42":"pa_finish-blu-g-fr","43":"pa_finish-bluette-q-fr","44":"pa_finish-brillante","45":"pa_finish-bronze-fr-3","46":"pa_finish-bronze-fr-2","47":"pa_finish-bronze-fr","48":"pa_finish-bronze-brut","49":"pa_finish-bronze-dore-fr","50":"pa_finish-bronze-medaille-fr-2","51":"pa_finish-bronze-medaille-fr","52":"pa_finish-bronze-medal-fr","53":"pa_finish-bronze-noir-brule","54":"pa_finish-bronze-noirci","55":"pa_finish-bronze-vernis-fr","56":"pa_finish-bronze-vieilli-fr","57":"pa_finish-bronze-vieilli-dore-fr","58":"pa_finish-brosse-fr","59":"pa_finish-brown-nubuck-brown-ostrich-rusty-bronze-fr","60":"pa_finish-brown-nubuck-rusty-bronze-fr","61":"pa_finish-brut-fr","62":"pa_finish-canon-de-fusil-fr","63":"pa_finish-canon-de-fusil","64":"pa_finish-chene","65":"pa_finish-chene-blanc-fr","66":"pa_finish-chene-europeen-massif-rotin-en-bambou-naturel","67":"pa_finish-chene-gris-fr","68":"pa_finish-chene-naturel-fr","69":"pa_finish-chene-naturel-vernis-satine","70":"pa_finish-chene-noir-fr","71":"pa_finish-cire-doree","72":"pa_finish-cire-noire","73":"pa_finish-coloris-craie-fr","74":"pa_finish-coloris-gris-beluga-fr","75":"pa_finish-composition-standard","76":"pa_finish-entrez-vos-couleurs-ci-dessous","77":"pa_finish-cuir-gris-perle-et-tissu-bleu-fr","78":"pa_finish-grey-nubuck-burnt-black-bronze-fr","79":"pa_finish-cuivre","80":"pa_finish-cuivre-poli-naturel","81":"pa_finish-cuivre-vernis-brillant","82":"pa_finish-ebonise","83":"pa_finish-effet-patine-corten","84":"pa_finish-effet-patine-hemetite","85":"pa_finish-email-blanc-brillant","86":"pa_finish-epoxy-fr","87":"pa_finish-exterieur-en-poli-miroir-et-interieur-brut-fr","88":"pa_finish-extremites-en-albatre-fr","89":"pa_finish-extremites-en-onyx-fr","90":"pa_finish-facon-ecaille-de-tortue","91":"pa_finish-fer-martele-fr","92":"pa_finish-feuille-dargent","93":"pa_finish-feuille-dargent-satinee-fr","94":"pa_finish-feuille-dor","95":"pa_finish-feuille-dor-blanc-fr","96":"pa_finish-feuille-dor-jaune-fr","97":"pa_finish-feuille-dor-satinee-fr","98":"pa_finish-finition-doree-fr","99":"pa_finish-finition-doree-mate-fr","100":"pa_finish-finition-finement-texturee","101":"pa_finish-finition-lisse-brillante","102":"pa_finish-finition-porcelaine-gougee","103":"pa_finish-finition-porcelaine-scarifiee","104":"pa_finish-frene-naturel-brut-assise-tapissee-de-cuir-brun-fr","105":"pa_finish-frene-onde-naturel-vernis-satine","106":"pa_finish-frene-teinte-noir-vernis-assise-tapissee-de-cuir-blanc-fr","107":"pa_finish-frise-en-laiton-bronze-antique-fr","108":"pa_finish-giallo-c-fr","109":"pa_finish-gommier-vernis-brillant-fr","110":"pa_finish-gommier-vernis-mat-fr","111":"pa_finish-gres-blanc-finition-en-laiton-poli","112":"pa_finish-gres-gouge-et-finition-en-laiton-patine","113":"pa_finish-gres-noir-finition-en-laiton-brillant","114":"pa_finish-grey-nubuck-matte-gold-bronze-fr","115":"pa_finish-grey-velvet-burnt-black-bronze-fr","116":"pa_finish-grey-velvet-matte-gold-bronze-fr","117":"pa_finish-gris-anthracite","118":"pa_finish-gris-metallise","119":"pa_finish-en-blanc-fr","120":"pa_finish-en-blanc-sans-tissus-fr","121":"pa_finish-housse-et-coussin-dassise-en-lin-beige-ganse-en-lin-marron-fr","122":"pa_finish-housse-et-coussin-dassise-en-lin-creme-ganse-en-lin-marron-fr","123":"pa_finish-interieur-en-poli-miroir-et-exterieur-brut-fr","124":"pa_finish-jonc-et-frise-en-laiton-bronze-antique-fr","125":"pa_finish-laine-bouillie-holland-sherry-fr","126":"pa_finish-laiton-fr","127":"pa_finish-laiton","128":"pa_finish-laiton-brillant-fr","129":"pa_finish-laiton-bronze-medaille","130":"pa_finish-laiton-brosse-fr","131":"pa_finish-laiton-brosse-fr-fr","132":"pa_finish-laiton-et-cristal-blanc-souffle-a-la-bouche","133":"pa_finish-laiton-et-verres-peints-a-la-main","134":"pa_finish-laiton-facon-printz-fr","135":"pa_finish-laiton-graphite-fr","136":"pa_finish-laiton-huile-cire","137":"pa_finish-laiton-mat-fr","138":"pa_finish-laiton-noirci","139":"pa_finish-laiton-noirci-fr","140":"pa_finish-laiton-patine-fr","141":"pa_finish-laiton-poli","142":"pa_finish-laiton-vieilli-fr","143":"pa_finish-laque-fr","144":"pa_finish-laque-epoxy-fr","145":"pa_finish-laque-rouge","146":"pa_finish-lucido-blu-fr","147":"pa_finish-lucido-rosse-bordeaux","148":"pa_finish-marbre-fr","149":"pa_finish-matte-fr","150":"pa_finish-mate","151":"pa_finish-metal-dore-fr","152":"pa_finish-metal-peint-noir-mat","153":"pa_finish-metal-peint-tenebra","154":"pa_finish-metallisation-bronze","155":"pa_finish-metallisation-du-bronze-antique","156":"pa_finish-metallisation-bronze-blanc","157":"pa_finish-metallisation-or","158":"pa_finish-mixte-brillante-et-mate","159":"pa_finish-mohair-teddy-fr","160":"pa_finish-monochrome-fr","161":"pa_finish-mutene","162":"pa_finish-mutene-brillant-fr","163":"pa_finish-naturel","164":"pa_finish-nero-lucido-fr","165":"pa_finish-nickel-fr-2","166":"pa_finish-nickel-fr","167":"pa_finish-nickel-brillant-fr-3","168":"pa_finish-nickel-brillant-fr","169":"pa_finish-nickel-brillant-fr-2","170":"pa_finish-nickel-brilliant","171":"pa_finish-nickel-brosse","172":"pa_finish-nickel-mat-fr","173":"pa_finish-nickel-mat-noir","174":"pa_finish-nickel-matte-fr","175":"pa_finish-nickel-noir-brillant-fr","176":"pa_finish-nickel-noir-verni-fr","177":"pa_finish-nickel-plat","178":"pa_finish-nickele-fr","179":"pa_finish-noir","180":"pa_finish-noir-sahara-fr","181":"pa_finish-noyer-naturel-vernis-extra-mat","182":"pa_finish-noyer-teinte-2","183":"pa_finish-nubuck-noir-autruche-noire-bronze-brule-noir","184":"pa_finish-nubuck-noir-autruche-noire-bronze-brule-noir-fr","185":"pa_finish-black-velvet-matte-gold-bronze-fr","186":"pa_finish-onyx-gris","187":"pa_finish-onyx-rose","188":"pa_finish-or-mat","189":"pa_finish-outremer","190":"pa_finish-paille-brune","191":"pa_finish-paille-claire","192":"pa_finish-patine","193":"pa_finish-patine-fr","194":"pa_finish-patine-bronze","195":"pa_finish-patine-bronze-medaille-fr","196":"pa_finish-patine-bronze-noir","197":"pa_finish-patine-or-bronze","198":"pa_finish-patine-vernis-fr","199":"pa_finish-peint-argent-fr","200":"pa_finish-peint-chrome-fr","201":"pa_finish-peint-or-fr","202":"pa_finish-platre","203":"pa_finish-platre-01","204":"pa_finish-platre-02","205":"pa_finish-platre-03","206":"pa_finish-platre-04","207":"pa_finish-platre-05","208":"pa_finish-platre-06","209":"pa_finish-platre-et-jonc","210":"pa_finish-platre-et-sable","211":"pa_finish-platre-gris","212":"pa_finish-poli-fr","213":"pa_finish-poli-miroir-fr","214":"pa_finish-polimiroir","215":"pa_finish-polished-depoli-gold","216":"pa_finish-resine-ambre","217":"pa_finish-rosso-e-fr","218":"pa_finish-rosso-porpora-fr","219":"pa_finish-sans-or-fr","220":"pa_finish-sans-vernis-fr","221":"pa_finish-satine-laiton-noirci","222":"pa_finish-satinee","223":"pa_finish-semi-brillant","224":"pa_finish-structure-bois-laque-assise-velours","225":"pa_finish-structure-bois-laque-coussin-en-velours","226":"pa_finish-structure-chene-assise-lin-et-soie","227":"pa_finish-finition-sycomore-laque","228":"pa_finish-finition-sycomore-mat","229":"pa_finish-taupe-velvet-brunt-black-bronze-fr","230":"pa_finish-taupe-velvet-matte-gold-bronze-fr","231":"pa_finish-teck-javanais-brun-massif-rotin-en-bambou-naturel","232":"pa_finish-teck-javanais-noir-massif-rotin-en-bambou-naturel","233":"pa_finish-teck-javanais-noir-massif-rotin-synthetique-metallique","234":"pa_finish-velours-de-fiacre-finition-bleu-glacier-et-base-en-metal-brosse-en-degrade-de-bleu","235":"pa_finish-velours-de-fiacre-finition-grise-souris-et-base-en-metal-brosse-en-degrade-de-gris","236":"pa_finish-velours-de-fiacre-finition-marron-chataigne-et-base-en-metal-brosse-en-degrade-de-mordore","237":"pa_finish-velours-noir-bronze-or-mat","238":"pa_finish-verde-chiaro-1-fr","239":"pa_finish-verde-scuro-h-fr","240":"pa_finish-vernis-fr","241":"pa_finish-vernis-blanc","242":"pa_finish-vernis-brillant-teinte-fume-fr","243":"pa_finish-vernis-brillant-teinte-canon-de-fusil-fr","244":"pa_finish-vernis-satine-fr","245":"pa_finish-vernis-teinte-brilliant","246":"pa_finish-vert-guatemala-fr","247":"pa_finish-vieux-rose","248":"pa_finish-viola-w-fr","249":"pa_finish-wenge-naturel-vernis-extra-mat","250":"pa_finish-adouci","251":"pa_finish-finition-or-pale","252":"pa_finish-huile","253":"pa_finish-laiton-patine-et-mutene-massif-verni-brillant","254":"pa_finish-metal-laque-et-laiton-patine","255":"pa_finish-patine-bronze-blanc","256":"pa_finish-patine-bronze-bleu-vert","257":"pa_finish-patine-bronze-rouge-fonce","258":"pa_finish-peinture-blanche-ou-vernis-resistant","259":"pa_finish-poli","260":"pa_finish-sans-finition","261":"pa_finish-structure-bois-laque-hors-tissu","262":"pa_finish-structure-chene-hors-tissu","263":"product_designer-goossens-fr","264":"manufacturer-goossens-paris-fr","265":"reporting_designer-goossens","266":"exhibitions-new-york-fr","268":"first","269":"instock","270":"taxable","271":"shipping-taxable","272":"purchasable","273":"product-type-simple"},"acf":[],"_links":{"self":[{"href":"https:\/\/theinvisiblecollection.com\/fr\/wp-json\/wp\/v2\/product\/1282946","targetHints":{"allow":["GET"]}}],"collection":[{"href":"https:\/\/theinvisiblecollection.com\/fr\/wp-json\/wp\/v2\/product"}],"about":[{"href":"https:\/\/theinvisiblecollection.com\/fr\/wp-json\/wp\/v2\/types\/product"}],"wp:featuredmedia":[{"embeddable":true,"href":"https:\/\/theinvisiblecollection.com\/fr\/wp-json\/wp\/v2\/media\/1283128"}],"wp:attachment":[{"href":"https:\/\/theinvisiblecollection.com\/fr\/wp-json\/wp\/v2\/media?parent=1282946"}],"wp:term":[{"taxonomy":"product_brand","embeddable":true,"href":"https:\/\/theinvisiblecollection.com\/fr\/wp-json\/wp\/v2\/product_brand?post=1282946"},{"taxonomy":"product_cat","embeddable":true,"href":"https:\/\/theinvisiblecollection.com\/fr\/wp-json\/wp\/v2\/product_cat?post=1282946"},{"taxonomy":"product_tag","embeddable":true,"href":"https:\/\/theinvisiblecollection.com\/fr\/wp-json\/wp\/v2\/product_tag?post=1282946"},{"taxonomy":"product_designer","embeddable":true,"href":"https:\/\/theinvisiblecollection.com\/fr\/wp-json\/wp\/v2\/product_designer?post=1282946"},{"taxonomy":"comfabric","embeddable":true,"href":"https:\/\/theinvisiblecollection.com\/fr\/wp-json\/wp\/v2\/comfabric?post=1282946"},{"taxonomy":"manufacturer","embeddable":true,"href":"https:\/\/theinvisiblecollection.com\/fr\/wp-json\/wp\/v2\/manufacturer?post=1282946"},{"taxonomy":"reporting_designer","embeddable":true,"href":"https:\/\/theinvisiblecollection.com\/fr\/wp-json\/wp\/v2\/reporting_designer?post=1282946"},{"taxonomy":"samplecomfabric","embeddable":true,"href":"https:\/\/theinvisiblecollection.com\/fr\/wp-json\/wp\/v2\/samplecomfabric?post=1282946"},{"taxonomy":"clubroom_product_designer","embeddable":true,"href":"https:\/\/theinvisiblecollection.com\/fr\/wp-json\/wp\/v2\/designer_clubroom?post=1282946"}],"curies":[{"name":"wp","href":"https:\/\/api.w.org\/{rel}","templated":true}]}}