{"id":129286,"date":"2022-04-26T09:32:44","date_gmt":"2022-04-26T08:32:44","guid":{"rendered":"https:\/\/theinvisiblecollection.com\/?post_type=product&#038;p=129286"},"modified":"2026-05-15T05:03:33","modified_gmt":"2026-05-15T05:03:33","slug":"atelier-ashiesh-shah-chaise-naga","status":"publish","type":"product","link":"https:\/\/theinvisiblecollection.com\/fr\/produit\/atelier-ashiesh-shah-chaise-naga\/","title":{"rendered":"Chaise Naga"},"content":{"rendered":"<p style=\"text-align: justify;\">La chaise Naga de l&#8217;Atelier Ashiesh Shah est une cr\u00e9ation r\u00e9ellement surprenante. Son cadre est compos\u00e9 de cinq pieds, en aluminium moul\u00e9 et aux finitions en bronze fonc\u00e9. L\u2019aspect froid du m\u00e9tal rencontre la chaleur avec l&#8217;imperm\u00e9able Naga qui offre \u00e0 la pi\u00e8ce toute sa singularit\u00e9. L&#8217;imperm\u00e9able traditionnel, tiss\u00e9 d&#8217;herbe \u00e0 \u00e9l\u00e9phant, est tr\u00e8s pr\u00e9sent sur la chaise, ce qui contribue \u00e0 son caract\u00e8re unique et r\u00e9ellement pertinent.<\/p>\n","protected":false},"excerpt":{"rendered":"<p>Chaise \u00e0 cinq pieds en aluminium moul\u00e9<br \/>\nFinitions bronze fonc\u00e9<br \/>\nAssoci\u00e9e \u00e0 un imperm\u00e9able tiss\u00e9 d&#8217;herbe \u00e0 \u00e9l\u00e9phant<\/p>\n<p>L 54.6 x P 57.2 x H 68.6 cm<br \/>\nHauteur d&#8217;assise : 45.7 cm<\/p>\n<p>Fabriqu\u00e9e \u00e0 la main en Inde<br \/>\nD\u00e9lais de fabrication : 4 &#8211; 6 semaines<\/p>\n<p class=\"p1\"><span style=\"text-decoration: underline;\"><span class=\"s1\"><a href=\"https:\/\/www.theinvisiblecollection.com\/fr\/demande-de-devis\/?product_id=129286\" target=\"_blank\" rel=\"noopener\">Contactez-nous pour toute demande de devis ou de renseignements<\/a><\/span><\/span><\/p>\n","protected":false},"featured_media":133104,"template":"","meta":{"_acf_changed":false,"content-type":"","_themeisle_gutenberg_block_has_review":false},"product_brand":[],"product_cat":[12499,8962],"product_tag":[31476],"product_designer":[17077],"comfabric":[],"manufacturer":[17075],"reporting_designer":[37193],"samplecomfabric":[],"designer_clubroom":[],"class_list":{"0":"post-129286","1":"product","2":"type-product","3":"status-publish","4":"has-post-thumbnail","6":"product_cat-assises","7":"product_cat-chaises","8":"product_tag-st-collectible-fr","9":"product_designer-atelier-ashiesh-shah-fr","10":"manufacturer-atelier-ashiesh-shah","11":"reporting_designer-atelier-ashiesh-shah","13":"first","14":"instock","15":"taxable","16":"shipping-taxable","17":"purchasable","18":"product-type-simple"},"acf":[],"_links":{"self":[{"href":"https:\/\/theinvisiblecollection.com\/fr\/wp-json\/wp\/v2\/product\/129286","targetHints":{"allow":["GET"]}}],"collection":[{"href":"https:\/\/theinvisiblecollection.com\/fr\/wp-json\/wp\/v2\/product"}],"about":[{"href":"https:\/\/theinvisiblecollection.com\/fr\/wp-json\/wp\/v2\/types\/product"}],"wp:featuredmedia":[{"embeddable":true,"href":"https:\/\/theinvisiblecollection.com\/fr\/wp-json\/wp\/v2\/media\/133104"}],"wp:attachment":[{"href":"https:\/\/theinvisiblecollection.com\/fr\/wp-json\/wp\/v2\/media?parent=129286"}],"wp:term":[{"taxonomy":"product_brand","embeddable":true,"href":"https:\/\/theinvisiblecollection.com\/fr\/wp-json\/wp\/v2\/product_brand?post=129286"},{"taxonomy":"product_cat","embeddable":true,"href":"https:\/\/theinvisiblecollection.com\/fr\/wp-json\/wp\/v2\/product_cat?post=129286"},{"taxonomy":"product_tag","embeddable":true,"href":"https:\/\/theinvisiblecollection.com\/fr\/wp-json\/wp\/v2\/product_tag?post=129286"},{"taxonomy":"product_designer","embeddable":true,"href":"https:\/\/theinvisiblecollection.com\/fr\/wp-json\/wp\/v2\/product_designer?post=129286"},{"taxonomy":"comfabric","embeddable":true,"href":"https:\/\/theinvisiblecollection.com\/fr\/wp-json\/wp\/v2\/comfabric?post=129286"},{"taxonomy":"manufacturer","embeddable":true,"href":"https:\/\/theinvisiblecollection.com\/fr\/wp-json\/wp\/v2\/manufacturer?post=129286"},{"taxonomy":"reporting_designer","embeddable":true,"href":"https:\/\/theinvisiblecollection.com\/fr\/wp-json\/wp\/v2\/reporting_designer?post=129286"},{"taxonomy":"samplecomfabric","embeddable":true,"href":"https:\/\/theinvisiblecollection.com\/fr\/wp-json\/wp\/v2\/samplecomfabric?post=129286"},{"taxonomy":"clubroom_product_designer","embeddable":true,"href":"https:\/\/theinvisiblecollection.com\/fr\/wp-json\/wp\/v2\/designer_clubroom?post=129286"}],"curies":[{"name":"wp","href":"https:\/\/api.w.org\/{rel}","templated":true}]}}