{"id":129633,"date":"2022-04-26T09:44:10","date_gmt":"2022-04-26T08:44:10","guid":{"rendered":"https:\/\/theinvisiblecollection.com\/?post_type=product&#038;p=129633"},"modified":"2026-05-01T07:38:54","modified_gmt":"2026-05-01T07:38:54","slug":"atelier-ashiesh-shah-console-kantilo","status":"publish","type":"product","link":"https:\/\/theinvisiblecollection.com\/fr\/produit\/atelier-ashiesh-shah-console-kantilo\/","title":{"rendered":"Console Kantilo"},"content":{"rendered":"<p style=\"text-align: justify;\">La console Kantilo de l&#8217;Atelier Ashiesh Shah est un nouvel hommage \u00e0 la g\u00e9om\u00e9trie fascinante du &#8220;Lingam&#8221;. Deux lingams sont dispos\u00e9s l&#8217;un au-dessus de l&#8217;autre, s\u00e9par\u00e9s par une sorte de bulbe inclin\u00e9 au centre, comme des &#8220;kaan&#8221; saillants. Ces extr\u00e9mit\u00e9s elliptiques sont creuses de part en part. Contrastant avec l&#8217;ext\u00e9rieur uniform\u00e9ment trait\u00e9 \u00e0 la main, l&#8217;int\u00e9rieur pr\u00e9sente une finition dor\u00e9e et brillante.<\/p>\n","protected":false},"excerpt":{"rendered":"<p>Console sculpturale en Kansa (&#8220;m\u00e9tal de cloche&#8221;)<br \/>\nInt\u00e9rieur en or<\/p>\n<p>L 61 x l 41.9 x H 81.3 cm<\/p>\n<p>Fabriqu\u00e9e \u00e0 la main en Inde<br \/>\nD\u00e9lais de fabrication : 8 &#8211; 10 semaines<\/p>\n<p class=\"p1\"><span style=\"text-decoration: underline;\"><span class=\"s1\"><a href=\"https:\/\/www.theinvisiblecollection.com\/fr\/demande-de-devis\/?product_id=129633\" target=\"_blank\" rel=\"noopener\">Contactez-nous pour toute demande de devis ou de renseignements<\/a><\/span><\/span><\/p>\n","protected":false},"featured_media":129608,"template":"","meta":{"_acf_changed":false,"content-type":"","_themeisle_gutenberg_block_has_review":false},"product_brand":[],"product_cat":[7675,12503],"product_tag":[31477],"product_designer":[17077],"comfabric":[],"manufacturer":[17075],"reporting_designer":[37193],"samplecomfabric":[],"designer_clubroom":[],"class_list":{"0":"post-129633","1":"product","2":"type-product","3":"status-publish","4":"has-post-thumbnail","6":"product_cat-consoles-fr","7":"product_cat-tables-fr","8":"product_tag-st-curvy-fr","9":"product_designer-atelier-ashiesh-shah-fr","10":"manufacturer-atelier-ashiesh-shah","11":"reporting_designer-atelier-ashiesh-shah","13":"first","14":"instock","15":"taxable","16":"shipping-taxable","17":"purchasable","18":"product-type-simple"},"acf":[],"_links":{"self":[{"href":"https:\/\/theinvisiblecollection.com\/fr\/wp-json\/wp\/v2\/product\/129633","targetHints":{"allow":["GET"]}}],"collection":[{"href":"https:\/\/theinvisiblecollection.com\/fr\/wp-json\/wp\/v2\/product"}],"about":[{"href":"https:\/\/theinvisiblecollection.com\/fr\/wp-json\/wp\/v2\/types\/product"}],"wp:featuredmedia":[{"embeddable":true,"href":"https:\/\/theinvisiblecollection.com\/fr\/wp-json\/wp\/v2\/media\/129608"}],"wp:attachment":[{"href":"https:\/\/theinvisiblecollection.com\/fr\/wp-json\/wp\/v2\/media?parent=129633"}],"wp:term":[{"taxonomy":"product_brand","embeddable":true,"href":"https:\/\/theinvisiblecollection.com\/fr\/wp-json\/wp\/v2\/product_brand?post=129633"},{"taxonomy":"product_cat","embeddable":true,"href":"https:\/\/theinvisiblecollection.com\/fr\/wp-json\/wp\/v2\/product_cat?post=129633"},{"taxonomy":"product_tag","embeddable":true,"href":"https:\/\/theinvisiblecollection.com\/fr\/wp-json\/wp\/v2\/product_tag?post=129633"},{"taxonomy":"product_designer","embeddable":true,"href":"https:\/\/theinvisiblecollection.com\/fr\/wp-json\/wp\/v2\/product_designer?post=129633"},{"taxonomy":"comfabric","embeddable":true,"href":"https:\/\/theinvisiblecollection.com\/fr\/wp-json\/wp\/v2\/comfabric?post=129633"},{"taxonomy":"manufacturer","embeddable":true,"href":"https:\/\/theinvisiblecollection.com\/fr\/wp-json\/wp\/v2\/manufacturer?post=129633"},{"taxonomy":"reporting_designer","embeddable":true,"href":"https:\/\/theinvisiblecollection.com\/fr\/wp-json\/wp\/v2\/reporting_designer?post=129633"},{"taxonomy":"samplecomfabric","embeddable":true,"href":"https:\/\/theinvisiblecollection.com\/fr\/wp-json\/wp\/v2\/samplecomfabric?post=129633"},{"taxonomy":"clubroom_product_designer","embeddable":true,"href":"https:\/\/theinvisiblecollection.com\/fr\/wp-json\/wp\/v2\/designer_clubroom?post=129633"}],"curies":[{"name":"wp","href":"https:\/\/api.w.org\/{rel}","templated":true}]}}