{"id":129790,"date":"2022-04-26T09:46:01","date_gmt":"2022-04-26T08:46:01","guid":{"rendered":"https:\/\/theinvisiblecollection.com\/?post_type=product&#038;p=129790"},"modified":"2026-05-08T04:40:09","modified_gmt":"2026-05-08T04:40:09","slug":"atelier-ashiesh-shah-miroir-swayam","status":"publish","type":"product","link":"https:\/\/theinvisiblecollection.com\/fr\/produit\/atelier-ashiesh-shah-miroir-swayam\/","title":{"rendered":"Miroir Swayam"},"content":{"rendered":"<p style=\"text-align: justify;\">Le miroir Swayam de l&#8217;Atelier Ashiesh Shah est une pi\u00e8ce po\u00e9tique inspir\u00e9e de l&#8217;Axis Mundi, l&#8217;axe du monde, intersection du ciel et de la terre. Le miroir appelle cette repr\u00e9sentation par sa forme \u2013 proposant une illusion visuelle par un va-et-vient, subtil jeu de perspectives sur la surface r\u00e9fl\u00e9chissante.<\/p>\n","protected":false},"excerpt":{"rendered":"<p>Miroir en fonte d&#8217;aluminium<br \/>\nFinition bronze fonc\u00e9<\/p>\n<p>L 68.6 x P 53.3 x H 12.7 cm<\/p>\n<p>Fabriqu\u00e9 \u00e0 la main en Inde<br \/>\nD\u00e9lais de fabrication : 8 &#8211; 10 semaines<\/p>\n<p class=\"p1\"><span style=\"text-decoration: underline;\"><span class=\"s1\"><a href=\"https:\/\/www.theinvisiblecollection.com\/fr\/demande-de-devis\/?product_id=129790\" target=\"_blank\" rel=\"noopener\">Contactez-nous pour toute demande de devis ou de renseignements<\/a><\/span><\/span><\/p>\n","protected":false},"featured_media":3084084,"template":"","meta":{"_acf_changed":false,"content-type":"","_themeisle_gutenberg_block_has_review":false},"product_brand":[],"product_cat":[7517,8225],"product_tag":[31477],"product_designer":[17077],"comfabric":[],"manufacturer":[17075],"reporting_designer":[37193],"samplecomfabric":[],"designer_clubroom":[],"class_list":{"0":"post-129790","1":"product","2":"type-product","3":"status-publish","4":"has-post-thumbnail","6":"product_cat-deco-fr","7":"product_cat-miroirs-fr","8":"product_tag-st-curvy-fr","9":"product_designer-atelier-ashiesh-shah-fr","10":"manufacturer-atelier-ashiesh-shah","11":"reporting_designer-atelier-ashiesh-shah","13":"first","14":"instock","15":"taxable","16":"shipping-taxable","17":"purchasable","18":"product-type-simple"},"acf":[],"_links":{"self":[{"href":"https:\/\/theinvisiblecollection.com\/fr\/wp-json\/wp\/v2\/product\/129790","targetHints":{"allow":["GET"]}}],"collection":[{"href":"https:\/\/theinvisiblecollection.com\/fr\/wp-json\/wp\/v2\/product"}],"about":[{"href":"https:\/\/theinvisiblecollection.com\/fr\/wp-json\/wp\/v2\/types\/product"}],"wp:featuredmedia":[{"embeddable":true,"href":"https:\/\/theinvisiblecollection.com\/fr\/wp-json\/wp\/v2\/media\/3084084"}],"wp:attachment":[{"href":"https:\/\/theinvisiblecollection.com\/fr\/wp-json\/wp\/v2\/media?parent=129790"}],"wp:term":[{"taxonomy":"product_brand","embeddable":true,"href":"https:\/\/theinvisiblecollection.com\/fr\/wp-json\/wp\/v2\/product_brand?post=129790"},{"taxonomy":"product_cat","embeddable":true,"href":"https:\/\/theinvisiblecollection.com\/fr\/wp-json\/wp\/v2\/product_cat?post=129790"},{"taxonomy":"product_tag","embeddable":true,"href":"https:\/\/theinvisiblecollection.com\/fr\/wp-json\/wp\/v2\/product_tag?post=129790"},{"taxonomy":"product_designer","embeddable":true,"href":"https:\/\/theinvisiblecollection.com\/fr\/wp-json\/wp\/v2\/product_designer?post=129790"},{"taxonomy":"comfabric","embeddable":true,"href":"https:\/\/theinvisiblecollection.com\/fr\/wp-json\/wp\/v2\/comfabric?post=129790"},{"taxonomy":"manufacturer","embeddable":true,"href":"https:\/\/theinvisiblecollection.com\/fr\/wp-json\/wp\/v2\/manufacturer?post=129790"},{"taxonomy":"reporting_designer","embeddable":true,"href":"https:\/\/theinvisiblecollection.com\/fr\/wp-json\/wp\/v2\/reporting_designer?post=129790"},{"taxonomy":"samplecomfabric","embeddable":true,"href":"https:\/\/theinvisiblecollection.com\/fr\/wp-json\/wp\/v2\/samplecomfabric?post=129790"},{"taxonomy":"clubroom_product_designer","embeddable":true,"href":"https:\/\/theinvisiblecollection.com\/fr\/wp-json\/wp\/v2\/designer_clubroom?post=129790"}],"curies":[{"name":"wp","href":"https:\/\/api.w.org\/{rel}","templated":true}]}}