{"id":129793,"date":"2022-04-26T09:48:00","date_gmt":"2022-04-26T08:48:00","guid":{"rendered":"https:\/\/theinvisiblecollection.com\/?post_type=product&#038;p=129793"},"modified":"2026-05-08T04:40:09","modified_gmt":"2026-05-08T04:40:09","slug":"atelier-ashiesh-shah-tabouret-swayam","status":"publish","type":"product","link":"https:\/\/theinvisiblecollection.com\/fr\/produit\/atelier-ashiesh-shah-tabouret-swayam\/","title":{"rendered":"Tabouret Swayam Terrazzo"},"content":{"rendered":"<p style=\"text-align: justify;\">Le tabouret Swayam de l&#8217;Atelier Ashiesh Shah est un entrelacement de lianes de marbre en apesanteur, se rejoignant en un si\u00e8ge circulaire. La m\u00e8re de Louise Bourgeois a inspir\u00e9 cette sculpture fonctionnelle qui peut \u00eatre utilis\u00e9e par paires ou \u00e0 l\u2019unit\u00e9. Gr\u00e2ce \u00e0 un jeu de perspectives dynamiques, cette pi\u00e8ce est tout aussi \u00e9quilibr\u00e9e dans sa forme qu\u2019elle est bancale dans sa perception.<\/p>\n","protected":false},"excerpt":{"rendered":"<p>Tabouret sculptural en marbre Terrazzo<br \/>\n\u00c9galement disponible en <a href=\"https:\/\/theinvisiblecollection.com\/fr\/produit\/atelier-ashiesh-shah-tabouret-swayam-blanc\/\" target=\"_blank\" rel=\"noopener\"><span style=\"text-decoration: underline;\">marbre blanc et r\u00e9sine<\/span><\/a><\/p>\n<p>L 83.8 x P 36.8 x H 62.2 cm<br \/>\nHauteur d&#8217;assise : 43.2 cm<\/p>\n<p>Fabriqu\u00e9 \u00e0 la main en Inde<br \/>\nD\u00e9lais de fabrication : 8 &#8211; 10 semaines<\/p>\n<p class=\"p1\"><span style=\"text-decoration: underline;\"><span class=\"s1\"><a href=\"https:\/\/www.theinvisiblecollection.com\/fr\/demande-de-devis\/?product_id=129793\" target=\"_blank\" rel=\"noopener\">Contactez-nous pour toute demande de devis ou de renseignements<\/a><\/span><\/span><\/p>\n","protected":false},"featured_media":129715,"template":"","meta":{"_acf_changed":false,"content-type":"","_themeisle_gutenberg_block_has_review":false},"product_brand":[],"product_cat":[8969,12499],"product_tag":[31477],"product_designer":[17077],"comfabric":[],"manufacturer":[17075],"reporting_designer":[37193],"samplecomfabric":[],"designer_clubroom":[],"class_list":{"0":"post-129793","1":"product","2":"type-product","3":"status-publish","4":"has-post-thumbnail","6":"product_cat-ottomans-tabourets","7":"product_cat-assises","8":"product_tag-st-curvy-fr","9":"pa_material-marbre-blanc-et-resine","10":"pa_material-marbre-terrazzo","11":"product_designer-atelier-ashiesh-shah-fr","12":"manufacturer-atelier-ashiesh-shah","13":"reporting_designer-atelier-ashiesh-shah","15":"first","16":"instock","17":"taxable","18":"shipping-taxable","19":"purchasable","20":"product-type-variable"},"acf":[],"_links":{"self":[{"href":"https:\/\/theinvisiblecollection.com\/fr\/wp-json\/wp\/v2\/product\/129793","targetHints":{"allow":["GET"]}}],"collection":[{"href":"https:\/\/theinvisiblecollection.com\/fr\/wp-json\/wp\/v2\/product"}],"about":[{"href":"https:\/\/theinvisiblecollection.com\/fr\/wp-json\/wp\/v2\/types\/product"}],"wp:featuredmedia":[{"embeddable":true,"href":"https:\/\/theinvisiblecollection.com\/fr\/wp-json\/wp\/v2\/media\/129715"}],"wp:attachment":[{"href":"https:\/\/theinvisiblecollection.com\/fr\/wp-json\/wp\/v2\/media?parent=129793"}],"wp:term":[{"taxonomy":"product_brand","embeddable":true,"href":"https:\/\/theinvisiblecollection.com\/fr\/wp-json\/wp\/v2\/product_brand?post=129793"},{"taxonomy":"product_cat","embeddable":true,"href":"https:\/\/theinvisiblecollection.com\/fr\/wp-json\/wp\/v2\/product_cat?post=129793"},{"taxonomy":"product_tag","embeddable":true,"href":"https:\/\/theinvisiblecollection.com\/fr\/wp-json\/wp\/v2\/product_tag?post=129793"},{"taxonomy":"product_designer","embeddable":true,"href":"https:\/\/theinvisiblecollection.com\/fr\/wp-json\/wp\/v2\/product_designer?post=129793"},{"taxonomy":"comfabric","embeddable":true,"href":"https:\/\/theinvisiblecollection.com\/fr\/wp-json\/wp\/v2\/comfabric?post=129793"},{"taxonomy":"manufacturer","embeddable":true,"href":"https:\/\/theinvisiblecollection.com\/fr\/wp-json\/wp\/v2\/manufacturer?post=129793"},{"taxonomy":"reporting_designer","embeddable":true,"href":"https:\/\/theinvisiblecollection.com\/fr\/wp-json\/wp\/v2\/reporting_designer?post=129793"},{"taxonomy":"samplecomfabric","embeddable":true,"href":"https:\/\/theinvisiblecollection.com\/fr\/wp-json\/wp\/v2\/samplecomfabric?post=129793"},{"taxonomy":"clubroom_product_designer","embeddable":true,"href":"https:\/\/theinvisiblecollection.com\/fr\/wp-json\/wp\/v2\/designer_clubroom?post=129793"}],"curies":[{"name":"wp","href":"https:\/\/api.w.org\/{rel}","templated":true}]}}