{"id":129837,"date":"2022-04-21T17:31:17","date_gmt":"2022-04-21T16:31:17","guid":{"rendered":"https:\/\/theinvisiblecollection.com\/?post_type=product&#038;p=129837"},"modified":"2026-05-08T04:40:09","modified_gmt":"2026-05-08T04:40:09","slug":"etel-oscar-niemeyer-table-basse-modulo","status":"publish","type":"product","link":"https:\/\/theinvisiblecollection.com\/fr\/produit\/etel-oscar-niemeyer-table-basse-modulo\/","title":{"rendered":"Table Basse Modulo"},"content":{"rendered":"<p style=\"text-align: justify;\"><span data-contrast=\"auto\">La table basse Modulo d&#8217;Oscar Niemeyer porte le nom du magazine qu&#8217;il a fond\u00e9 dans les ann\u00e9es 1950.&#8221;Modulo&#8221; \u00e9tait d\u2019ailleurs l&#8217;une des publications les plus influentes du Br\u00e9sil, couvrant une quantit\u00e9 incroyable de sujets allant de l&#8217;architecture au design en passant par la culture au sens large.<\/span><span data-ccp-props=\"{&quot;201341983&quot;:0,&quot;335551550&quot;:0,&quot;335551620&quot;:0,&quot;335559740&quot;:259}\">\u00a0<\/span><span data-contrast=\"auto\">Con\u00e7ue dans les ann\u00e9es 1970, la table basse Modulo est un meuble tr\u00e8s \u00e9l\u00e9gant, une pi\u00e8ce sculpturale accrocheuse qui se d\u00e9finit par sa forme asym\u00e9trique.<\/span><span data-ccp-props=\"{&quot;201341983&quot;:0,&quot;335551550&quot;:0,&quot;335551620&quot;:0,&quot;335559740&quot;:259}\"> L&#8217;abstraction de la table basse Modulo la rend particuli\u00e8rement int\u00e9ressante. En outre, cette pi\u00e8ce refl\u00e8te le style de la c\u00e9l\u00e8bre architecture d&#8217;Oscar Niemeyer. Niemeyer l&#8217;a con\u00e7ue avec sa fille, Anna Maria Niemeyer, en 1978.<\/span><\/p>\n","protected":false},"excerpt":{"rendered":"<p>Dessin\u00e9e par Oscar Niemeyer<br \/>\nR\u00e9\u00e9dit\u00e9e par ETEL<br \/>\nTable basse en bois laqu\u00e9 noir<\/p>\n<p>L 188 x l 60 x H 25 cm<\/p>\n<p style=\"text-align: justify;\">Cette pi\u00e8ce est r\u00e9alis\u00e9e \u00e0 la main au Br\u00e9sil, a partir de bois provenant de for\u00eats faisant l\u2019objet d\u2019une gestion durable. Ainsi, nous ne pouvons pas garantir de d\u00e9lais de production actuellement. La production pourrait prendre jusqu\u2019\u00e0 une ann\u00e9e enti\u00e8re. Commandez maintenant pour vous placer en haut de la liste d\u2019attente ou\u00a0<a class=\"notion-link-token notion-enable-hover\" href=\"https:\/\/www.theinvisiblecollection.com\/fr\/demande-de-devis\/?product_id=37005\" target=\"_blank\" rel=\"noopener noreferrer\" data-token-index=\"1\" data-reactroot=\"\"><span class=\"link-annotation-unknown-block-id--18333092\">contactez-nous pour recevoir d\u2019autres propositions.<\/span><\/a><\/p>\n","protected":false},"featured_media":129841,"template":"","meta":{"_acf_changed":false,"content-type":"","_themeisle_gutenberg_block_has_review":false},"product_brand":[],"product_cat":[7509,12503],"product_tag":[11235,31477],"product_designer":[8866,17242],"comfabric":[28854],"manufacturer":[16878],"reporting_designer":[37381],"samplecomfabric":[30448],"designer_clubroom":[],"class_list":{"0":"post-129837","1":"product","2":"type-product","3":"status-publish","4":"has-post-thumbnail","6":"product_cat-tables-basses-dappoint","7":"product_cat-tables-fr","8":"product_tag-reedition-fr-fr","9":"product_tag-st-curvy-fr","10":"product_designer-etel-fr","11":"product_designer-oscar-niemeyer-par-etel","12":"comfabric-etel-atelier-1-fr","13":"manufacturer-etel-atelier-1-fr","14":"reporting_designer-etel","15":"samplecomfabric-etel-fr","17":"first","18":"instock","19":"taxable","20":"shipping-taxable","21":"purchasable","22":"product-type-simple"},"acf":[],"_links":{"self":[{"href":"https:\/\/theinvisiblecollection.com\/fr\/wp-json\/wp\/v2\/product\/129837","targetHints":{"allow":["GET"]}}],"collection":[{"href":"https:\/\/theinvisiblecollection.com\/fr\/wp-json\/wp\/v2\/product"}],"about":[{"href":"https:\/\/theinvisiblecollection.com\/fr\/wp-json\/wp\/v2\/types\/product"}],"wp:featuredmedia":[{"embeddable":true,"href":"https:\/\/theinvisiblecollection.com\/fr\/wp-json\/wp\/v2\/media\/129841"}],"wp:attachment":[{"href":"https:\/\/theinvisiblecollection.com\/fr\/wp-json\/wp\/v2\/media?parent=129837"}],"wp:term":[{"taxonomy":"product_brand","embeddable":true,"href":"https:\/\/theinvisiblecollection.com\/fr\/wp-json\/wp\/v2\/product_brand?post=129837"},{"taxonomy":"product_cat","embeddable":true,"href":"https:\/\/theinvisiblecollection.com\/fr\/wp-json\/wp\/v2\/product_cat?post=129837"},{"taxonomy":"product_tag","embeddable":true,"href":"https:\/\/theinvisiblecollection.com\/fr\/wp-json\/wp\/v2\/product_tag?post=129837"},{"taxonomy":"product_designer","embeddable":true,"href":"https:\/\/theinvisiblecollection.com\/fr\/wp-json\/wp\/v2\/product_designer?post=129837"},{"taxonomy":"comfabric","embeddable":true,"href":"https:\/\/theinvisiblecollection.com\/fr\/wp-json\/wp\/v2\/comfabric?post=129837"},{"taxonomy":"manufacturer","embeddable":true,"href":"https:\/\/theinvisiblecollection.com\/fr\/wp-json\/wp\/v2\/manufacturer?post=129837"},{"taxonomy":"reporting_designer","embeddable":true,"href":"https:\/\/theinvisiblecollection.com\/fr\/wp-json\/wp\/v2\/reporting_designer?post=129837"},{"taxonomy":"samplecomfabric","embeddable":true,"href":"https:\/\/theinvisiblecollection.com\/fr\/wp-json\/wp\/v2\/samplecomfabric?post=129837"},{"taxonomy":"clubroom_product_designer","embeddable":true,"href":"https:\/\/theinvisiblecollection.com\/fr\/wp-json\/wp\/v2\/designer_clubroom?post=129837"}],"curies":[{"name":"wp","href":"https:\/\/api.w.org\/{rel}","templated":true}]}}