{"id":129925,"date":"2022-04-26T09:49:30","date_gmt":"2022-04-26T08:49:30","guid":{"rendered":"https:\/\/theinvisiblecollection.com\/?post_type=product&#038;p=129925"},"modified":"2026-05-01T07:38:54","modified_gmt":"2026-05-01T07:38:54","slug":"atelier-ashiesh-shah-tabouret-channapatna-n1-2","status":"publish","type":"product","link":"https:\/\/theinvisiblecollection.com\/fr\/produit\/atelier-ashiesh-shah-tabouret-channapatna-n1-2\/","title":{"rendered":"Tabouret Channapatna N\u00b01\/2"},"content":{"rendered":"<p style=\"text-align: justify;\">Le tabouret Channapatna n\u00b01\/2 de l&#8217;Atelier Ashiesh Shah fait partie de la collection Channapatna. S&#8217;inspirant de l&#8217;artisanat indig\u00e8ne des jouets du Karnataka, la paire de tabourets envelopp\u00e9s de rouge met \u00e0 l\u2019honneur ses perles concaves et convexes naturellement laqu\u00e9es, fabriqu\u00e9es \u00e0 la main \u00e0 Channapatna.<\/p>\n","protected":false},"excerpt":{"rendered":"<p>Tabouret en perles rouges de Channapatna (bois d&#8217;ivoire) et disques en m\u00e9tal noir<br \/>\n<a href=\"https:\/\/theinvisiblecollection.com\/wp-content\/uploads\/2022\/04\/TheInvisibleCollection_Atelier_Ashiesh_Shah_Channapatna_Stool_Discs_Colour_Selection.pdf\" target=\"_blank\" rel=\"noopener\"><span style=\"text-decoration: underline;\">D\u00e9couvrez la s\u00e9lection de couleurs de disques ici<\/span><\/a><br \/>\n\u00c9galement disponible en perles vertes, jaunes et blanc cass\u00e9<br \/>\n<a href=\"https:\/\/theinvisiblecollection.com\/wp-content\/uploads\/2022\/04\/TheInvisibleCollection_Atelier_Ashiesh_Shah_Channapatna_Stool_Beads_Colour_Selection2.pdf\" target=\"_blank\" rel=\"noopener\"><span style=\"text-decoration: underline;\">D\u00e9couvrez la s\u00e9lection de couleurs de perles ici<\/span><\/a><br \/>\nLe plus petit tabouret photographi\u00e9 est une pi\u00e8ce sur mesure<br \/>\nDimensions et couleurs sur-mesure sur demande<\/p>\n<p>2 dimensions disponibles :<br \/>\n\u00d8 31.7 x H 33 cm<br \/>\n\u00d8 34.3 x H 40.6 cm<\/p>\n<p>Fabriqu\u00e9 \u00e0 la main en Inde<br \/>\nD\u00e9lais de fabrication : 12 semaines<\/p>\n<p class=\"p1\"><span style=\"text-decoration: underline;\"><span class=\"s1\"><a href=\"https:\/\/www.theinvisiblecollection.com\/fr\/demande-de-devis\/?product_id=129925\" target=\"_blank\" rel=\"noopener\">Contactez-nous pour toute demande de devis ou de renseignements<\/a><\/span><\/span><\/p>\n","protected":false},"featured_media":129896,"template":"","meta":{"_acf_changed":false,"content-type":"","_themeisle_gutenberg_block_has_review":false},"product_brand":[],"product_cat":[8969,12499],"product_tag":[22790,31477],"product_designer":[17077],"comfabric":[],"manufacturer":[17075],"reporting_designer":[37193],"samplecomfabric":[],"designer_clubroom":[],"class_list":{"0":"post-129925","1":"product","2":"type-product","3":"status-publish","4":"has-post-thumbnail","6":"product_cat-ottomans-tabourets","7":"product_cat-assises","8":"product_tag-disponible-immediatement","9":"product_tag-st-curvy-fr","10":"pa_base-noir","11":"pa_base-terracotta-fr","12":"pa_color-cerulean-blue-fr","13":"pa_color-foret-vert-fr","14":"pa_color-noir-fr","15":"pa_color-nude-fr","16":"pa_color-ocre","17":"pa_color-olive-fr","18":"pa_color-orange-fr","19":"pa_color-rouge-grenat","20":"pa_color-rouge-venitien","21":"pa_color-vert-clair","22":"pa_color-vin","23":"pa_size-grand-fr","24":"pa_size-moyen","25":"product_designer-atelier-ashiesh-shah-fr","26":"manufacturer-atelier-ashiesh-shah","27":"reporting_designer-atelier-ashiesh-shah","29":"first","30":"instock","31":"taxable","32":"shipping-taxable","33":"purchasable","34":"product-type-variable"},"acf":[],"_links":{"self":[{"href":"https:\/\/theinvisiblecollection.com\/fr\/wp-json\/wp\/v2\/product\/129925","targetHints":{"allow":["GET"]}}],"collection":[{"href":"https:\/\/theinvisiblecollection.com\/fr\/wp-json\/wp\/v2\/product"}],"about":[{"href":"https:\/\/theinvisiblecollection.com\/fr\/wp-json\/wp\/v2\/types\/product"}],"wp:featuredmedia":[{"embeddable":true,"href":"https:\/\/theinvisiblecollection.com\/fr\/wp-json\/wp\/v2\/media\/129896"}],"wp:attachment":[{"href":"https:\/\/theinvisiblecollection.com\/fr\/wp-json\/wp\/v2\/media?parent=129925"}],"wp:term":[{"taxonomy":"product_brand","embeddable":true,"href":"https:\/\/theinvisiblecollection.com\/fr\/wp-json\/wp\/v2\/product_brand?post=129925"},{"taxonomy":"product_cat","embeddable":true,"href":"https:\/\/theinvisiblecollection.com\/fr\/wp-json\/wp\/v2\/product_cat?post=129925"},{"taxonomy":"product_tag","embeddable":true,"href":"https:\/\/theinvisiblecollection.com\/fr\/wp-json\/wp\/v2\/product_tag?post=129925"},{"taxonomy":"product_designer","embeddable":true,"href":"https:\/\/theinvisiblecollection.com\/fr\/wp-json\/wp\/v2\/product_designer?post=129925"},{"taxonomy":"comfabric","embeddable":true,"href":"https:\/\/theinvisiblecollection.com\/fr\/wp-json\/wp\/v2\/comfabric?post=129925"},{"taxonomy":"manufacturer","embeddable":true,"href":"https:\/\/theinvisiblecollection.com\/fr\/wp-json\/wp\/v2\/manufacturer?post=129925"},{"taxonomy":"reporting_designer","embeddable":true,"href":"https:\/\/theinvisiblecollection.com\/fr\/wp-json\/wp\/v2\/reporting_designer?post=129925"},{"taxonomy":"samplecomfabric","embeddable":true,"href":"https:\/\/theinvisiblecollection.com\/fr\/wp-json\/wp\/v2\/samplecomfabric?post=129925"},{"taxonomy":"clubroom_product_designer","embeddable":true,"href":"https:\/\/theinvisiblecollection.com\/fr\/wp-json\/wp\/v2\/designer_clubroom?post=129925"}],"curies":[{"name":"wp","href":"https:\/\/api.w.org\/{rel}","templated":true}]}}