{"id":1300024,"date":"2024-03-25T10:52:30","date_gmt":"2024-03-25T10:52:30","guid":{"rendered":"https:\/\/theinvisiblecollection.com\/?post_type=product&#038;p=1300024"},"modified":"2026-05-08T08:49:08","modified_gmt":"2026-05-08T08:49:08","slug":"laura-gonzalez-canape-casa-new-york","status":"publish","type":"product","link":"https:\/\/theinvisiblecollection.com\/fr\/produit\/laura-gonzalez-canape-casa-new-york\/","title":{"rendered":"Canap\u00e9 Casa New York"},"content":{"rendered":"<p style=\"text-align: justify;\">Avec ses lignes graphiques et po\u00e9tiques, une couleur fatale, des touches d&#8217;imprim\u00e9, le canap\u00e9 Casa de Laura Gonzalez incarne l\u2019obsession de l\u2019architecte d\u2019int\u00e9rieur pour un classicisme revisit\u00e9.<\/p>\n","protected":false},"excerpt":{"rendered":"<p>Canap\u00e9 photographi\u00e9 ici en tissu Pierre Frey Socotora, couleur cuivre<br \/>\nTrois coussins d\u00e9coratifs en tissu Pierre Frey Maharani et au verso en tissu Pierre Frey Viggo, couleur caramel<br \/>\n\u00c9galement disponible en <a href=\"https:\/\/theinvisiblecollection.com\/fr\/produit\/laura-gonzalez-canape-casa-framboise\/\" target=\"_blank\" rel=\"noopener\"><span style=\"text-decoration: underline;\">tissu sur-mesure<\/span><\/a><br \/>\nPi\u00e8tements en cuivre<span style=\"text-decoration: underline;\"><br \/>\n<\/span>Dimensions et finitions sur-mesure sur demande<\/p>\n<p>Disponible en trois dimensions :<br \/>\nPetit : L 250 x l 110 x H 84 cm<br \/>\nTissu requis: 25 m<br \/>\nMoyen : L 280 x l 110 x H 84 cm<br \/>\nTissu requis : 26 m<br \/>\nGrand : L 300 x l 110 x H 84 cm<br \/>\nTissu requis : 28 m<\/p>\n<p>Hauteur d&#8217;assise : 45 cm<br \/>\nProfondeur d&#8217;assise : 88 cm<\/p>\n<p>Fabriqu\u00e9 \u00e0 la main en France<br \/>\nD\u00e9lais de fabrication : 14 semaines<\/p>\n<p><span style=\"text-decoration: underline;\"><a href=\"https:\/\/www.theinvisiblecollection.com\/fr\/demande-de-devis\/?product_id=1300024\" target=\"_blank\" rel=\"noopener\">Contactez-nous pour toute demande de devis ou de renseignement<\/a><\/span><\/p>\n","protected":false},"featured_media":1300171,"template":"","meta":{"_acf_changed":false,"content-type":"","_themeisle_gutenberg_block_has_review":false},"product_brand":[],"product_cat":[8976,12499],"product_tag":[9776,11002,11003,11004,14925,22790,8942,8944,8993,9217],"product_designer":[10956],"comfabric":[29426],"manufacturer":[16912],"reporting_designer":[37574],"samplecomfabric":[31100],"designer_clubroom":[],"class_list":{"0":"post-1300024","1":"product","2":"type-product","3":"status-publish","4":"has-post-thumbnail","6":"product_cat-canapes","7":"product_cat-assises","8":"product_tag-pierre-frey-fr","9":"product_tag-laura-gonzalez-fr-2","10":"product_tag-canape-en-velours","11":"product_tag-fil","12":"product_tag-hpfav-fr","13":"product_tag-disponible-immediatement","14":"product_tag-assise","15":"product_tag-canape","16":"product_tag-salon","17":"product_tag-velours","18":"pa_cushions-avec-coussins","19":"pa_cushions-sans-coussins","20":"pa_size-grand-fr","21":"pa_size-moyen-fr","22":"pa_size-petit-fr","23":"product_designer-laura-gonzalez-fr","24":"comfabric-laura-gonzalez-fr","25":"manufacturer-premier-logistics-art-interiors-fr","26":"reporting_designer-laura-gonzalez","27":"samplecomfabric-laura-gonzalez-fr","28":"exhibitions-new-york-fr","30":"first","31":"instock","32":"taxable","33":"shipping-taxable","34":"purchasable","35":"product-type-simple"},"acf":[],"_links":{"self":[{"href":"https:\/\/theinvisiblecollection.com\/fr\/wp-json\/wp\/v2\/product\/1300024","targetHints":{"allow":["GET"]}}],"collection":[{"href":"https:\/\/theinvisiblecollection.com\/fr\/wp-json\/wp\/v2\/product"}],"about":[{"href":"https:\/\/theinvisiblecollection.com\/fr\/wp-json\/wp\/v2\/types\/product"}],"wp:featuredmedia":[{"embeddable":true,"href":"https:\/\/theinvisiblecollection.com\/fr\/wp-json\/wp\/v2\/media\/1300171"}],"wp:attachment":[{"href":"https:\/\/theinvisiblecollection.com\/fr\/wp-json\/wp\/v2\/media?parent=1300024"}],"wp:term":[{"taxonomy":"product_brand","embeddable":true,"href":"https:\/\/theinvisiblecollection.com\/fr\/wp-json\/wp\/v2\/product_brand?post=1300024"},{"taxonomy":"product_cat","embeddable":true,"href":"https:\/\/theinvisiblecollection.com\/fr\/wp-json\/wp\/v2\/product_cat?post=1300024"},{"taxonomy":"product_tag","embeddable":true,"href":"https:\/\/theinvisiblecollection.com\/fr\/wp-json\/wp\/v2\/product_tag?post=1300024"},{"taxonomy":"product_designer","embeddable":true,"href":"https:\/\/theinvisiblecollection.com\/fr\/wp-json\/wp\/v2\/product_designer?post=1300024"},{"taxonomy":"comfabric","embeddable":true,"href":"https:\/\/theinvisiblecollection.com\/fr\/wp-json\/wp\/v2\/comfabric?post=1300024"},{"taxonomy":"manufacturer","embeddable":true,"href":"https:\/\/theinvisiblecollection.com\/fr\/wp-json\/wp\/v2\/manufacturer?post=1300024"},{"taxonomy":"reporting_designer","embeddable":true,"href":"https:\/\/theinvisiblecollection.com\/fr\/wp-json\/wp\/v2\/reporting_designer?post=1300024"},{"taxonomy":"samplecomfabric","embeddable":true,"href":"https:\/\/theinvisiblecollection.com\/fr\/wp-json\/wp\/v2\/samplecomfabric?post=1300024"},{"taxonomy":"clubroom_product_designer","embeddable":true,"href":"https:\/\/theinvisiblecollection.com\/fr\/wp-json\/wp\/v2\/designer_clubroom?post=1300024"}],"curies":[{"name":"wp","href":"https:\/\/api.w.org\/{rel}","templated":true}]}}