{"id":130190,"date":"2022-04-22T15:56:29","date_gmt":"2022-04-22T14:56:29","guid":{"rendered":"https:\/\/theinvisiblecollection.com\/?post_type=product&#038;p=130190"},"modified":"2026-05-01T07:38:54","modified_gmt":"2026-05-01T07:38:54","slug":"haymann-editions-ottoman-victor-brick","status":"publish","type":"product","link":"https:\/\/theinvisiblecollection.com\/fr\/produit\/haymann-editions-ottoman-victor-brick\/","title":{"rendered":"Ottoman Victor Brick"},"content":{"rendered":"<p style=\"text-align: justify;\"><span class=\"TextRun SCXW132829910 BCX0\" lang=\"EN-US\" xml:lang=\"EN-US\" data-contrast=\"auto\"><span class=\"NormalTextRun SCXW132829910 BCX0\">Victor <\/span><span class=\"NormalTextRun SpellingErrorV2 SCXW132829910 BCX0\">est<\/span><span class=\"NormalTextRun SCXW132829910 BCX0\"> un ottoman <\/span><span class=\"NormalTextRun SpellingErrorV2 SCXW132829910 BCX0\">inspir\u00e9<\/span><span class=\"NormalTextRun SCXW132829910 BCX0\"> du travail de design de Pierre <\/span><span class=\"NormalTextRun SpellingErrorV2 SCXW132829910 BCX0\">Guariche<\/span><span class=\"NormalTextRun SCXW132829910 BCX0\">, c\u00e9l\u00e8bre designer <\/span><span class=\"NormalTextRun SpellingErrorV2 SCXW132829910 BCX0\">fran\u00e7ais<\/span><span class=\"NormalTextRun SCXW132829910 BCX0\"> des <\/span><span class=\"NormalTextRun SpellingErrorV2 SCXW132829910 BCX0\">ann\u00e9es<\/span><span class=\"NormalTextRun SCXW132829910 BCX0\"> 50. <\/span><span class=\"NormalTextRun SpellingErrorV2 SCXW132829910 BCX0\">C\u2019est<\/span><span class=\"NormalTextRun SCXW132829910 BCX0\"> le premier et <\/span><span class=\"NormalTextRun SpellingErrorV2 SCXW132829910 BCX0\">probablement<\/span><span class=\"NormalTextRun SCXW132829910 BCX0\"> le seul ottoman<\/span><span class=\"NormalTextRun SCXW132829910 BCX0\">\u00a0que David <\/span><span class=\"NormalTextRun SpellingErrorV2 SCXW132829910 BCX0\">Haymann<\/span><span class=\"NormalTextRun SCXW132829910 BCX0\"> a <\/span><span class=\"NormalTextRun SpellingErrorV2 SCXW132829910 BCX0\">con\u00e7u<\/span>\u00a0<span class=\"NormalTextRun SpellingErrorV2 SCXW132829910 BCX0\">lui-m\u00eame<\/span><span class=\"NormalTextRun SCXW132829910 BCX0\">. Il <\/span><span class=\"NormalTextRun SpellingErrorV2 SCXW132829910 BCX0\">s\u2019inspire<\/span> <span class=\"NormalTextRun SpellingErrorV2 SCXW132829910 BCX0\">\u00e9galement<\/span><span class=\"NormalTextRun SCXW132829910 BCX0\"> du design des <\/span><span class=\"NormalTextRun SpellingErrorV2 SCXW132829910 BCX0\">ann\u00e9es<\/span><span class=\"NormalTextRun SCXW132829910 BCX0\"> 70 et de <\/span><span class=\"NormalTextRun SpellingErrorV2 SCXW132829910 BCX0\">l\u2019acier<\/span> <span class=\"NormalTextRun SpellingErrorV2 SCXW132829910 BCX0\">couramment<\/span> <span class=\"NormalTextRun SpellingErrorV2 SCXW132829910 BCX0\">utilis\u00e9<\/span><span class=\"NormalTextRun SCXW132829910 BCX0\"> \u00e0 <\/span><span class=\"NormalTextRun SpellingErrorV2 SCXW132829910 BCX0\">cette<\/span><span class=\"NormalTextRun SCXW132829910 BCX0\"> \u00e9poque.<\/span><\/span><span class=\"EOP SCXW132829910 BCX0\" data-ccp-props=\"{&quot;201341983&quot;:0,&quot;335559740&quot;:259}\">\u00a0<\/span><\/p>\n","protected":false},"excerpt":{"rendered":"<p>Ottoman tapiss\u00e9 ici en tissu Joseph de Bisson Bruneel, couleur 11834<br \/>\nStructure en acier<br \/>\nExiste en finition inox bross\u00e9 ou rev\u00eatement noir<br \/>\n<a href=\"https:\/\/theinvisiblecollection.com\/wp-content\/uploads\/2022\/03\/TheInvisibleCollection_Samples_Haymann-Editions-1.pdf\" target=\"_blank\" rel=\"noopener\"><span style=\"text-decoration: underline;\">D\u00e9couvrez la s\u00e9lection de tissus ici<\/span><\/a><br \/>\n<a href=\"https:\/\/theinvisiblecollection.com\/wp-content\/uploads\/2022\/11\/TheInvisibleCollection_HaymannEditions_VictorChairOttoman_FeaturedModels.jpg\" target=\"_blank\" rel=\"noopener\"><span style=\"text-decoration: underline;\">D\u00e9couvrez la s\u00e9lection de mod\u00e8les ici<\/span><\/a><br \/>\nCompl\u00e9tez le style avec la <a href=\"https:\/\/theinvisiblecollection.com\/fr\/produit\/haymann-editions-chaise-victor-1\/\" target=\"_blank\" rel=\"noopener\"><span style=\"text-decoration: underline;\">chaise<\/span><\/a><\/p>\n<div class=\"pro-extra-item\"><\/div>\n<p>l 60 x P 40 x H 40 cm<br \/>\nHauteur d&#8217;assise : 40 cm<br \/>\nTissu requis : 1.4 m<br \/>\nCuir requis : 2.4 m<\/p>\n<p>Fabriqu\u00e9e \u00e0 la main en Italie<br \/>\nD\u00e9lais de fabrication : 12 semaines<\/p>\n<p class=\"p1\"><span style=\"text-decoration: underline;\"><span class=\"s1\"><a href=\"https:\/\/www.theinvisiblecollection.com\/quote\/?product_id=130119\" target=\"_blank\" rel=\"noopener\">Contactez-nous pour toute demande de devis ou de renseignement<\/a><\/span><\/span><\/p>\n","protected":false},"featured_media":130157,"template":"","meta":{"_acf_changed":false,"content-type":"","_themeisle_gutenberg_block_has_review":false},"product_brand":[],"product_cat":[8969,12499],"product_tag":[31477],"product_designer":[8919],"comfabric":[],"manufacturer":[20661],"reporting_designer":[37273],"samplecomfabric":[],"designer_clubroom":[],"class_list":{"0":"post-130190","1":"product","2":"type-product","3":"status-publish","4":"has-post-thumbnail","6":"product_cat-ottomans-tabourets","7":"product_cat-assises","8":"product_tag-st-curvy-fr","9":"pa_feet-acier-inoxydable","10":"pa_feet-acier-noirci-fr","11":"product_designer-haymann-editions-fr","12":"manufacturer-22-service-fr","13":"reporting_designer-haymann-editions","15":"first","16":"instock","17":"taxable","18":"shipping-taxable","19":"purchasable","20":"product-type-variable"},"acf":[],"_links":{"self":[{"href":"https:\/\/theinvisiblecollection.com\/fr\/wp-json\/wp\/v2\/product\/130190","targetHints":{"allow":["GET"]}}],"collection":[{"href":"https:\/\/theinvisiblecollection.com\/fr\/wp-json\/wp\/v2\/product"}],"about":[{"href":"https:\/\/theinvisiblecollection.com\/fr\/wp-json\/wp\/v2\/types\/product"}],"wp:featuredmedia":[{"embeddable":true,"href":"https:\/\/theinvisiblecollection.com\/fr\/wp-json\/wp\/v2\/media\/130157"}],"wp:attachment":[{"href":"https:\/\/theinvisiblecollection.com\/fr\/wp-json\/wp\/v2\/media?parent=130190"}],"wp:term":[{"taxonomy":"product_brand","embeddable":true,"href":"https:\/\/theinvisiblecollection.com\/fr\/wp-json\/wp\/v2\/product_brand?post=130190"},{"taxonomy":"product_cat","embeddable":true,"href":"https:\/\/theinvisiblecollection.com\/fr\/wp-json\/wp\/v2\/product_cat?post=130190"},{"taxonomy":"product_tag","embeddable":true,"href":"https:\/\/theinvisiblecollection.com\/fr\/wp-json\/wp\/v2\/product_tag?post=130190"},{"taxonomy":"product_designer","embeddable":true,"href":"https:\/\/theinvisiblecollection.com\/fr\/wp-json\/wp\/v2\/product_designer?post=130190"},{"taxonomy":"comfabric","embeddable":true,"href":"https:\/\/theinvisiblecollection.com\/fr\/wp-json\/wp\/v2\/comfabric?post=130190"},{"taxonomy":"manufacturer","embeddable":true,"href":"https:\/\/theinvisiblecollection.com\/fr\/wp-json\/wp\/v2\/manufacturer?post=130190"},{"taxonomy":"reporting_designer","embeddable":true,"href":"https:\/\/theinvisiblecollection.com\/fr\/wp-json\/wp\/v2\/reporting_designer?post=130190"},{"taxonomy":"samplecomfabric","embeddable":true,"href":"https:\/\/theinvisiblecollection.com\/fr\/wp-json\/wp\/v2\/samplecomfabric?post=130190"},{"taxonomy":"clubroom_product_designer","embeddable":true,"href":"https:\/\/theinvisiblecollection.com\/fr\/wp-json\/wp\/v2\/designer_clubroom?post=130190"}],"curies":[{"name":"wp","href":"https:\/\/api.w.org\/{rel}","templated":true}]}}