{"id":130231,"date":"2022-04-22T16:04:29","date_gmt":"2022-04-22T15:04:29","guid":{"rendered":"https:\/\/theinvisiblecollection.com\/?post_type=product&#038;p=130231"},"modified":"2026-05-01T07:38:54","modified_gmt":"2026-05-01T07:38:54","slug":"haymann-editions-canape-oscar","status":"publish","type":"product","link":"https:\/\/theinvisiblecollection.com\/fr\/produit\/haymann-editions-canape-oscar\/","title":{"rendered":"Canap\u00e9 Oscar"},"content":{"rendered":"<p style=\"text-align: justify;\"><span data-contrast=\"auto\">Oscar est un hommage \u00e0 Oscar Ribeiro de Almeida de Niemeyer Soares plus connu sous le nom d\u2019Oscar Niemeyer, le c\u00e9l\u00e8bre architecte br\u00e9silien au prix Pritzker. R\u00e9put\u00e9 pour sa construction de Brazilia ou du Parti Communiste fran\u00e7ais \u00e0 Paris, Niemeyer, contrairement \u00e0 Le Corbusier, qui lui \u00e9tait d\u2019une grande influence aimait les courbes quand Le Corbusier pr\u00e9f\u00e9rait les lignes et les angles droits. <\/span><span data-contrast=\"auto\">Charles Kalpakian que l\u2019on conna\u00eet d\u00e9sormais pour sa capacit\u00e9 \u00e0 dessiner des Intersections nous propose aujourd\u2019hui ce canap\u00e9 au design \u00e9l\u00e9gant et tr\u00e8s confortable dont les courbes d\u2019accoudoirs \u00e9voquent l\u2019oeuvre de Niemeyer.<\/span><span data-ccp-props=\"{&quot;201341983&quot;:0,&quot;335559740&quot;:259}\">\u00a0<\/span><\/p>\n","protected":false},"excerpt":{"rendered":"<p style=\"text-align: left;\">Design par Charles Kalpakian<br \/>\nCanap\u00e9 r\u00e9alis\u00e9 ici en tissu Bergamo Bisson Brunell<br \/>\n<a href=\"https:\/\/theinvisiblecollection.com\/wp-content\/uploads\/2022\/03\/TheInvisibleCollection_Samples_Haymann-Editions-1.pdf\" target=\"_blank\" rel=\"noopener\"><span style=\"text-decoration: underline;\">D\u00e9couvrez la s\u00e9lection de tissus ici<\/span><\/a><br \/>\nAccoudoir en ch\u00eane teint\u00e9 noir<br \/>\n\u00c9galement disponible en noyer et ch\u00eane naturel<br \/>\n<a href=\"https:\/\/theinvisiblecollection.com\/wp-content\/uploads\/2022\/03\/TheInvisibleCollection_Wood-Selection-Haymann-Editions-Oscar.pdf\" target=\"_blank\" rel=\"noopener\"><span style=\"text-decoration: underline;\">D\u00e9couvrez la s\u00e9lection de bois ici<\/span><\/a><br \/>\n<a href=\"https:\/\/theinvisiblecollection.com\/wp-content\/uploads\/2022\/06\/TheInvisibleCollection_HaymannEditions_OscarSofa_FeaturedModels.pdf\" target=\"_blank\" rel=\"noopener\"><span style=\"text-decoration: underline;\">D\u00e9couvrez la s\u00e9lection de mod\u00e8les ici<\/span><\/a><\/p>\n<p>l 240 x P 103 x H 79.5 cm<br \/>\nHauteur d&#8217;assise : 44 cm<br \/>\nTissu requis : 8.5 m<\/p>\n<p>Fabriqu\u00e9 \u00e0 la main en Italie<br \/>\nD\u00e9lais de production : 12 semaines<\/p>\n<p class=\"p1\"><span style=\"text-decoration: underline;\"><span class=\"s1\"><a href=\"https:\/\/www.theinvisiblecollection.com\/fr\/demande-de-devis\/?product_id=122782\" target=\"_blank\" rel=\"noopener\">Contactez-nous pour toute demande de devis ou de renseignements<\/a><\/span><\/span><\/p>\n","protected":false},"featured_media":130133,"template":"","meta":{"_acf_changed":false,"content-type":"","_themeisle_gutenberg_block_has_review":false},"product_brand":[],"product_cat":[8976,12499],"product_tag":[31474,31477],"product_designer":[8919],"comfabric":[],"manufacturer":[20661],"reporting_designer":[37273],"samplecomfabric":[],"designer_clubroom":[],"class_list":{"0":"post-130231","1":"product","2":"type-product","3":"status-publish","4":"has-post-thumbnail","6":"product_cat-canapes","7":"product_cat-assises","8":"product_tag-co-white-fr","9":"product_tag-st-curvy-fr","10":"pa_material-acier-laque-fr","11":"pa_material-aluminium-brosse-fr","12":"pa_material-tbisson-brunell-bergamo-fr","13":"pa_material-bisson-brunell-joseph-fr","14":"pa_material-bisson-brunell-prairie-fr","15":"pa_material-bisson-brunell-steppe-fr","16":"pa_material-bisson-brunell-verone-fr","17":"pa_material-chene-fil-fr","18":"pa_material-chene-teinte-noire-fr","19":"pa_material-leather-1-fr","20":"pa_material-leather-2-fr","21":"pa_material-leather-3-fr","22":"pa_material-cuivre-brosse-fr","23":"pa_material-inox-fr","24":"pa_material-laiton-brosse-fr","25":"pa_material-linterno-nobili-fr","26":"pa_material-linterno-st-moritz-fr","27":"pa_material-tissu-fr","28":"pa_material-fabric-3-fr","29":"pa_material-tissu-bisson-bruneel-bergamo-coussins-hermes-fr","30":"pa_material-tissu-bisson-bruneel-joseph-coussins-hermes-fr","31":"pa_material-tissu-bisson-bruneel-musco-coussins-hermes-fr","32":"pa_material-tissu-bisson-bruneel-prairie-coussins-hermes-fr","33":"pa_material-tissu-bisson-bruneel-steppe-coussins-hermes-fr","34":"pa_material-tissu-bisson-bruneel-verone-coussins-hermes-fr","35":"pa_material-tissu-client-fr","36":"pa_material-tissu-linterno-nobili-coussins-hermes-fr","37":"pa_material-tissu-linterno-st-moritz-coussins-hermes-fr","38":"pa_material-tout-bisson-bruneel-verone-fr","39":"pa_size-grand-fr","40":"pa_size-moyen","41":"product_designer-haymann-editions-fr","42":"manufacturer-22-service-fr","43":"reporting_designer-haymann-editions","45":"first","46":"instock","47":"taxable","48":"shipping-taxable","49":"purchasable","50":"product-type-variable"},"acf":[],"_links":{"self":[{"href":"https:\/\/theinvisiblecollection.com\/fr\/wp-json\/wp\/v2\/product\/130231","targetHints":{"allow":["GET"]}}],"collection":[{"href":"https:\/\/theinvisiblecollection.com\/fr\/wp-json\/wp\/v2\/product"}],"about":[{"href":"https:\/\/theinvisiblecollection.com\/fr\/wp-json\/wp\/v2\/types\/product"}],"wp:featuredmedia":[{"embeddable":true,"href":"https:\/\/theinvisiblecollection.com\/fr\/wp-json\/wp\/v2\/media\/130133"}],"wp:attachment":[{"href":"https:\/\/theinvisiblecollection.com\/fr\/wp-json\/wp\/v2\/media?parent=130231"}],"wp:term":[{"taxonomy":"product_brand","embeddable":true,"href":"https:\/\/theinvisiblecollection.com\/fr\/wp-json\/wp\/v2\/product_brand?post=130231"},{"taxonomy":"product_cat","embeddable":true,"href":"https:\/\/theinvisiblecollection.com\/fr\/wp-json\/wp\/v2\/product_cat?post=130231"},{"taxonomy":"product_tag","embeddable":true,"href":"https:\/\/theinvisiblecollection.com\/fr\/wp-json\/wp\/v2\/product_tag?post=130231"},{"taxonomy":"product_designer","embeddable":true,"href":"https:\/\/theinvisiblecollection.com\/fr\/wp-json\/wp\/v2\/product_designer?post=130231"},{"taxonomy":"comfabric","embeddable":true,"href":"https:\/\/theinvisiblecollection.com\/fr\/wp-json\/wp\/v2\/comfabric?post=130231"},{"taxonomy":"manufacturer","embeddable":true,"href":"https:\/\/theinvisiblecollection.com\/fr\/wp-json\/wp\/v2\/manufacturer?post=130231"},{"taxonomy":"reporting_designer","embeddable":true,"href":"https:\/\/theinvisiblecollection.com\/fr\/wp-json\/wp\/v2\/reporting_designer?post=130231"},{"taxonomy":"samplecomfabric","embeddable":true,"href":"https:\/\/theinvisiblecollection.com\/fr\/wp-json\/wp\/v2\/samplecomfabric?post=130231"},{"taxonomy":"clubroom_product_designer","embeddable":true,"href":"https:\/\/theinvisiblecollection.com\/fr\/wp-json\/wp\/v2\/designer_clubroom?post=130231"}],"curies":[{"name":"wp","href":"https:\/\/api.w.org\/{rel}","templated":true}]}}