{"id":130493,"date":"2022-04-26T10:06:29","date_gmt":"2022-04-26T09:06:29","guid":{"rendered":"https:\/\/theinvisiblecollection.com\/?post_type=product&#038;p=130493"},"modified":"2026-05-01T07:38:54","modified_gmt":"2026-05-01T07:38:54","slug":"atelier-ashiesh-shah-table-something-walking","status":"publish","type":"product","link":"https:\/\/theinvisiblecollection.com\/fr\/produit\/atelier-ashiesh-shah-table-something-walking\/","title":{"rendered":"Table Something Walking"},"content":{"rendered":"<p style=\"text-align: justify;\">La table Something Walking de l&#8217;Atelier Ashiesh Shah est une table basse elliptique, con\u00e7ue en acier inoxydable et dont les finitions sont en fibre de verre renforc\u00e9e. La juxtaposition des textures et le blanc-sur-blanc apportent une dynamique visuelle qui, associ\u00e9e \u00e0 ses quatre pieds, donne l\u2019illusion d\u2019une pi\u00e8ce susceptible de \u00abmarcher\u00bb\u2026<\/p>\n","protected":false},"excerpt":{"rendered":"<p>Table basse elliptique en acier inoxydable aux finitions en fibre de verre renforc\u00e9e<\/p>\n<p>L 180.1 x l 152.4 x H 40.6 cm<\/p>\n<p>Fabriqu\u00e9e \u00e0 la main en Inde<br \/>\nD\u00e9lais de fabrication : 8 &#8211; 10 semaines<\/p>\n<p class=\"p1\"><span style=\"text-decoration: underline;\"><span class=\"s1\"><a href=\"https:\/\/www.theinvisiblecollection.com\/fr\/demande-de-devis\/?product_id=130493\" target=\"_blank\" rel=\"noopener\">Contactez-nous pour toute demande de devis ou de renseignements<\/a><\/span><\/span><\/p>\n","protected":false},"featured_media":130484,"template":"","meta":{"_acf_changed":false,"content-type":"","_themeisle_gutenberg_block_has_review":false},"product_brand":[],"product_cat":[7509,12503],"product_tag":[31477],"product_designer":[17077],"comfabric":[],"manufacturer":[17075],"reporting_designer":[37193],"samplecomfabric":[],"designer_clubroom":[],"class_list":{"0":"post-130493","1":"product","2":"type-product","3":"status-publish","4":"has-post-thumbnail","6":"product_cat-tables-basses-dappoint","7":"product_cat-tables-fr","8":"product_tag-st-curvy-fr","9":"product_designer-atelier-ashiesh-shah-fr","10":"manufacturer-atelier-ashiesh-shah","11":"reporting_designer-atelier-ashiesh-shah","13":"first","14":"instock","15":"taxable","16":"shipping-taxable","17":"purchasable","18":"product-type-simple"},"acf":[],"_links":{"self":[{"href":"https:\/\/theinvisiblecollection.com\/fr\/wp-json\/wp\/v2\/product\/130493","targetHints":{"allow":["GET"]}}],"collection":[{"href":"https:\/\/theinvisiblecollection.com\/fr\/wp-json\/wp\/v2\/product"}],"about":[{"href":"https:\/\/theinvisiblecollection.com\/fr\/wp-json\/wp\/v2\/types\/product"}],"wp:featuredmedia":[{"embeddable":true,"href":"https:\/\/theinvisiblecollection.com\/fr\/wp-json\/wp\/v2\/media\/130484"}],"wp:attachment":[{"href":"https:\/\/theinvisiblecollection.com\/fr\/wp-json\/wp\/v2\/media?parent=130493"}],"wp:term":[{"taxonomy":"product_brand","embeddable":true,"href":"https:\/\/theinvisiblecollection.com\/fr\/wp-json\/wp\/v2\/product_brand?post=130493"},{"taxonomy":"product_cat","embeddable":true,"href":"https:\/\/theinvisiblecollection.com\/fr\/wp-json\/wp\/v2\/product_cat?post=130493"},{"taxonomy":"product_tag","embeddable":true,"href":"https:\/\/theinvisiblecollection.com\/fr\/wp-json\/wp\/v2\/product_tag?post=130493"},{"taxonomy":"product_designer","embeddable":true,"href":"https:\/\/theinvisiblecollection.com\/fr\/wp-json\/wp\/v2\/product_designer?post=130493"},{"taxonomy":"comfabric","embeddable":true,"href":"https:\/\/theinvisiblecollection.com\/fr\/wp-json\/wp\/v2\/comfabric?post=130493"},{"taxonomy":"manufacturer","embeddable":true,"href":"https:\/\/theinvisiblecollection.com\/fr\/wp-json\/wp\/v2\/manufacturer?post=130493"},{"taxonomy":"reporting_designer","embeddable":true,"href":"https:\/\/theinvisiblecollection.com\/fr\/wp-json\/wp\/v2\/reporting_designer?post=130493"},{"taxonomy":"samplecomfabric","embeddable":true,"href":"https:\/\/theinvisiblecollection.com\/fr\/wp-json\/wp\/v2\/samplecomfabric?post=130493"},{"taxonomy":"clubroom_product_designer","embeddable":true,"href":"https:\/\/theinvisiblecollection.com\/fr\/wp-json\/wp\/v2\/designer_clubroom?post=130493"}],"curies":[{"name":"wp","href":"https:\/\/api.w.org\/{rel}","templated":true}]}}