{"id":130577,"date":"2022-04-26T16:25:51","date_gmt":"2022-04-26T15:25:51","guid":{"rendered":"https:\/\/theinvisiblecollection.com\/?post_type=product&#038;p=130577"},"modified":"2026-05-01T07:38:54","modified_gmt":"2026-05-01T07:38:54","slug":"atelier-pendhapa-chaise-mast-acajou-avec-coussin-2","status":"publish","type":"product","link":"https:\/\/theinvisiblecollection.com\/fr\/produit\/atelier-pendhapa-chaise-mast-acajou-avec-coussin-2\/","title":{"rendered":"Chaise Mast Ch\u00eane avec Coussin"},"content":{"rendered":"","protected":false},"excerpt":{"rendered":"<p>Chaise en ch\u00eane<br \/>\n\u00c9galement disponible en teck javanais noir massif (adapt\u00e9 \u00e0 un usage ext\u00e9rieur) et en <a href=\"https:\/\/theinvisiblecollection.com\/fr\/product\/atelier-pendhapa-chaise-mast-acajou-avec-coussin\/\" target=\"_blank\" rel=\"noopener\"><span style=\"text-decoration: underline;\">acajou massif laqu\u00e9 noir brillant<\/span><\/a><br \/>\nCoussin int\u00e9gr\u00e9 tapiss\u00e9 ici en tissu local indon\u00e9sien, couleur Lima blanc<br \/>\n<a href=\"https:\/\/theinvisiblecollection.com\/wp-content\/uploads\/2022\/08\/TheInvisibleCollection_FabricSelection_AtelierPendhapa_Oak-2.pdf\" target=\"_blank\" rel=\"noopener\"><span style=\"text-decoration: underline;\">D\u00e9couvrez la s\u00e9lection de tissus ici<\/span><\/a><br \/>\n\u00c9galement disponible en blanc sans tissu<\/p>\n<div class=\"\">L 52 x P 51 x H 75 cm<\/div>\n<div class=\"\">Hauteur d&#8217;assise : 45 cm<br \/>\nTissu requis : 1 m<\/div>\n<p>Fabriqu\u00e9e \u00e0 la main en Indon\u00e9sie<br \/>\nD\u00e9lais de production : 8 &#8211; 10 semaines<\/p>\n<p><span style=\"text-decoration: underline;\"><span class=\"s1\"><a href=\"https:\/\/www.theinvisiblecollection.com\/fr\/demande-de-devis\/?product_id=130550\" target=\"_blank\" rel=\"noopener\">Contactez-nous pour toute demande de devis ou de renseignements<\/a><\/span><\/span><\/p>\n","protected":false},"featured_media":1337702,"template":"","meta":{"_acf_changed":false,"content-type":"","_themeisle_gutenberg_block_has_review":false},"product_brand":[],"product_cat":[12499,8962],"product_tag":[22790],"product_designer":[13525],"comfabric":[],"manufacturer":[23071],"reporting_designer":[37189],"samplecomfabric":[],"designer_clubroom":[],"class_list":{"0":"post-130577","1":"product","2":"type-product","3":"status-publish","4":"has-post-thumbnail","6":"product_cat-assises","7":"product_cat-chaises","8":"product_tag-disponible-immediatement","9":"product_designer-atelier-pendhapa-fr","10":"manufacturer-atelier-pendhapa-pick-up-fr","11":"reporting_designer-atelier-pendhapa","12":"exhibitions-londres-fr","13":"exhibitions-new-york-fr","15":"first","16":"instock","17":"taxable","18":"shipping-taxable","19":"purchasable","20":"product-type-variable"},"acf":[],"_links":{"self":[{"href":"https:\/\/theinvisiblecollection.com\/fr\/wp-json\/wp\/v2\/product\/130577","targetHints":{"allow":["GET"]}}],"collection":[{"href":"https:\/\/theinvisiblecollection.com\/fr\/wp-json\/wp\/v2\/product"}],"about":[{"href":"https:\/\/theinvisiblecollection.com\/fr\/wp-json\/wp\/v2\/types\/product"}],"wp:featuredmedia":[{"embeddable":true,"href":"https:\/\/theinvisiblecollection.com\/fr\/wp-json\/wp\/v2\/media\/1337702"}],"wp:attachment":[{"href":"https:\/\/theinvisiblecollection.com\/fr\/wp-json\/wp\/v2\/media?parent=130577"}],"wp:term":[{"taxonomy":"product_brand","embeddable":true,"href":"https:\/\/theinvisiblecollection.com\/fr\/wp-json\/wp\/v2\/product_brand?post=130577"},{"taxonomy":"product_cat","embeddable":true,"href":"https:\/\/theinvisiblecollection.com\/fr\/wp-json\/wp\/v2\/product_cat?post=130577"},{"taxonomy":"product_tag","embeddable":true,"href":"https:\/\/theinvisiblecollection.com\/fr\/wp-json\/wp\/v2\/product_tag?post=130577"},{"taxonomy":"product_designer","embeddable":true,"href":"https:\/\/theinvisiblecollection.com\/fr\/wp-json\/wp\/v2\/product_designer?post=130577"},{"taxonomy":"comfabric","embeddable":true,"href":"https:\/\/theinvisiblecollection.com\/fr\/wp-json\/wp\/v2\/comfabric?post=130577"},{"taxonomy":"manufacturer","embeddable":true,"href":"https:\/\/theinvisiblecollection.com\/fr\/wp-json\/wp\/v2\/manufacturer?post=130577"},{"taxonomy":"reporting_designer","embeddable":true,"href":"https:\/\/theinvisiblecollection.com\/fr\/wp-json\/wp\/v2\/reporting_designer?post=130577"},{"taxonomy":"samplecomfabric","embeddable":true,"href":"https:\/\/theinvisiblecollection.com\/fr\/wp-json\/wp\/v2\/samplecomfabric?post=130577"},{"taxonomy":"clubroom_product_designer","embeddable":true,"href":"https:\/\/theinvisiblecollection.com\/fr\/wp-json\/wp\/v2\/designer_clubroom?post=130577"}],"curies":[{"name":"wp","href":"https:\/\/api.w.org\/{rel}","templated":true}]}}