{"id":130619,"date":"2022-04-26T18:03:55","date_gmt":"2022-04-26T17:03:55","guid":{"rendered":"https:\/\/theinvisiblecollection.com\/?post_type=product&#038;p=130619"},"modified":"2026-05-01T07:38:54","modified_gmt":"2026-05-01T07:38:54","slug":"etel-oscar-niemeyer-rio-rocking-chair","status":"publish","type":"product","link":"https:\/\/theinvisiblecollection.com\/fr\/produit\/etel-oscar-niemeyer-rio-rocking-chair\/","title":{"rendered":"Rio Rocking Chair"},"content":{"rendered":"<p style=\"text-align: justify;\"><span class=\"TextRun SCXW211919387 BCX0\" lang=\"EN-GB\" xml:lang=\"EN-GB\" data-contrast=\"auto\"><span class=\"NormalTextRun SCXW211919387 BCX0\">La Rocking Chair Rio <\/span><span class=\"NormalTextRun SpellingErrorV2 SCXW211919387 BCX0\">d&#8217;Oscar<\/span><span class=\"NormalTextRun SCXW211919387 BCX0\"> Niemeyer et de <\/span><span class=\"NormalTextRun SpellingErrorV2 SCXW211919387 BCX0\">sa<\/span><span class=\"NormalTextRun SCXW211919387 BCX0\"> fille Anna Maria Niemeyer a <\/span><span class=\"NormalTextRun SpellingErrorV2 SCXW211919387 BCX0\">\u00e9t\u00e9<\/span> <span class=\"NormalTextRun SpellingErrorV2 SCXW211919387 BCX0\">con\u00e7u<\/span> <span class=\"NormalTextRun SpellingErrorV2 SCXW211919387 BCX0\">initialement<\/span> <span class=\"NormalTextRun SpellingErrorV2 SCXW211919387 BCX0\">en<\/span><span class=\"NormalTextRun SCXW211919387 BCX0\"> 1978. Il <\/span><span class=\"NormalTextRun SpellingErrorV2 SCXW211919387 BCX0\">est<\/span><span class=\"NormalTextRun SCXW211919387 BCX0\"> sans doute le <\/span><span class=\"NormalTextRun SpellingErrorV2 SCXW211919387 BCX0\">projet<\/span><span class=\"NormalTextRun SCXW211919387 BCX0\"> le plus <\/span><span class=\"NormalTextRun SpellingErrorV2 SCXW211919387 BCX0\">embl\u00e9matique<\/span><span class=\"NormalTextRun SCXW211919387 BCX0\"> du <\/span><span class=\"NormalTextRun SpellingErrorV2 SCXW211919387 BCX0\">cr\u00e9ateur<\/span><span class=\"NormalTextRun SCXW211919387 BCX0\">, <\/span><span class=\"NormalTextRun SpellingErrorV2 SCXW211919387 BCX0\">v\u00e9ritable<\/span> <span class=\"NormalTextRun SpellingErrorV2 SCXW211919387 BCX0\">prouesse<\/span><span class=\"NormalTextRun SCXW211919387 BCX0\"> de <\/span><span class=\"NormalTextRun SpellingErrorV2 SCXW211919387 BCX0\">courbes<\/span><span class=\"NormalTextRun SCXW211919387 BCX0\"> et de <\/span><span class=\"NormalTextRun SpellingErrorV2 SCXW211919387 BCX0\">formes<\/span> <span class=\"NormalTextRun SpellingErrorV2 SCXW211919387 BCX0\">sinueuses<\/span><span class=\"NormalTextRun SCXW211919387 BCX0\">. <\/span><span class=\"NormalTextRun SpellingErrorV2 SCXW211919387 BCX0\">Cr\u00e9\u00e9<\/span><span class=\"NormalTextRun SCXW211919387 BCX0\"> pour son usage personnel, il <\/span><span class=\"NormalTextRun SpellingErrorV2 SCXW211919387 BCX0\">pr\u00e9sente<\/span> <span class=\"NormalTextRun SpellingErrorV2 SCXW211919387 BCX0\">l&#8217;incontournable<\/span> <span class=\"NormalTextRun SpellingErrorV2 SCXW211919387 BCX0\">si\u00e8ge<\/span> <span class=\"NormalTextRun SpellingErrorV2 SCXW211919387 BCX0\">en<\/span> <span class=\"NormalTextRun SpellingErrorV2 SCXW211919387 BCX0\">forme<\/span><span class=\"NormalTextRun SCXW211919387 BCX0\"> de L <\/span><span class=\"NormalTextRun SpellingErrorV2 SCXW211919387 BCX0\">en<\/span> <span class=\"NormalTextRun SpellingErrorV2 SCXW211919387 BCX0\">rotin<\/span><span class=\"NormalTextRun SCXW211919387 BCX0\"> soutenu par <\/span><span class=\"NormalTextRun SpellingErrorV2 SCXW211919387 BCX0\">une<\/span> <span class=\"NormalTextRun SpellingErrorV2 SCXW211919387 BCX0\">feuille<\/span><span class=\"NormalTextRun SCXW211919387 BCX0\"> de <\/span><span class=\"NormalTextRun SpellingErrorV2 SCXW211919387 BCX0\">bois<\/span><span class=\"NormalTextRun SCXW211919387 BCX0\"> pli\u00e9&#8230; Un exploit <\/span><span class=\"NormalTextRun SpellingErrorV2 SCXW211919387 BCX0\">en<\/span> <span class=\"NormalTextRun ContextualSpellingAndGrammarErrorV2 SCXW211919387 BCX0\">soi\u00a0!<\/span> <span class=\"NormalTextRun SpellingErrorV2 SCXW211919387 BCX0\">Portant<\/span><span class=\"NormalTextRun SCXW211919387 BCX0\"> le <\/span><span class=\"NormalTextRun SpellingErrorV2 SCXW211919387 BCX0\">sceau<\/span> <span class=\"NormalTextRun SpellingErrorV2 SCXW211919387 BCX0\">encastr\u00e9<\/span> <span class=\"NormalTextRun SpellingErrorV2 SCXW211919387 BCX0\">certifiant<\/span><span class=\"NormalTextRun SCXW211919387 BCX0\"> son <\/span><span class=\"NormalTextRun SpellingErrorV2 SCXW211919387 BCX0\">authenticit\u00e9<\/span> <span class=\"NormalTextRun ContextualSpellingAndGrammarErrorV2 SCXW211919387 BCX0\">par<\/span><span class=\"NormalTextRun SCXW211919387 BCX0\"> la <\/span><span class=\"NormalTextRun SpellingErrorV2 SCXW211919387 BCX0\">Funda\u00e7\u00e3o<\/span><span class=\"NormalTextRun SCXW211919387 BCX0\"> Oscar Niemeyer, le Rio Rocking Chair <\/span><span class=\"NormalTextRun SpellingErrorV2 SCXW211919387 BCX0\">est<\/span> <span class=\"NormalTextRun SpellingErrorV2 SCXW211919387 BCX0\">une<\/span> <span class=\"NormalTextRun SpellingErrorV2 SCXW211919387 BCX0\">r\u00e9\u00e9dition<\/span> <span class=\"NormalTextRun SpellingErrorV2 SCXW211919387 BCX0\">fabriqu\u00e9e<\/span><span class=\"NormalTextRun SCXW211919387 BCX0\"> \u00e0 la main <\/span><span class=\"NormalTextRun SpellingErrorV2 SCXW211919387 BCX0\">en<\/span> <span class=\"NormalTextRun SpellingErrorV2 SCXW211919387 BCX0\">bois<\/span> <span class=\"NormalTextRun SpellingErrorV2 SCXW211919387 BCX0\">laqu\u00e9<\/span><span class=\"NormalTextRun SCXW211919387 BCX0\"> noir, <\/span><span class=\"NormalTextRun SpellingErrorV2 SCXW211919387 BCX0\">cannage<\/span><span class=\"NormalTextRun SCXW211919387 BCX0\"> et <\/span><span class=\"NormalTextRun SpellingErrorV2 SCXW211919387 BCX0\">cuir<\/span><span class=\"NormalTextRun SCXW211919387 BCX0\">.<\/span><\/span><span class=\"EOP SCXW211919387 BCX0\" data-ccp-props=\"{&quot;201341983&quot;:0,&quot;335551550&quot;:0,&quot;335551620&quot;:0,&quot;335559740&quot;:259}\">\u00a0<\/span><\/p>\n","protected":false},"excerpt":{"rendered":"<p>Dessin\u00e9e par Oscar Niemeyer<br \/>\nR\u00e9\u00e9dit\u00e9e par ETEL<br \/>\nChaise en bois laqu\u00e9 noir et rotin<br \/>\nCoussin amovible en cuir noir<\/p>\n<p>L 60 x P 170 x H 90 cm<\/p>\n<p style=\"text-align: justify;\">Cette pi\u00e8ce est r\u00e9alis\u00e9e \u00e0 la main au Br\u00e9sil, a partir de bois provenant de for\u00eats faisant l\u2019objet d\u2019une gestion durable. Ainsi, nous ne pouvons pas garantir de d\u00e9lais de production actuellement. La production pourrait prendre jusqu\u2019\u00e0 une ann\u00e9e enti\u00e8re. Commandez maintenant pour vous placer en haut de la liste d\u2019attente ou\u00a0<a class=\"notion-link-token notion-enable-hover\" href=\"https:\/\/www.theinvisiblecollection.com\/fr\/demande-de-devis\/?product_id=37005\" target=\"_blank\" rel=\"noopener noreferrer\" data-token-index=\"1\" data-reactroot=\"\"><span class=\"link-annotation-unknown-block-id--18333092\">contactez-nous pour recevoir d\u2019autres propositions.<\/span><\/a><\/p>\n","protected":false},"featured_media":130623,"template":"","meta":{"_acf_changed":false,"content-type":"","_themeisle_gutenberg_block_has_review":false},"product_brand":[],"product_cat":[12499,8962],"product_tag":[11335,31477,11235],"product_designer":[17242,8866],"comfabric":[28854],"manufacturer":[16878],"reporting_designer":[37381],"samplecomfabric":[30448],"designer_clubroom":[],"class_list":{"0":"post-130619","1":"product","2":"type-product","3":"status-publish","4":"has-post-thumbnail","6":"product_cat-assises","7":"product_cat-chaises","8":"product_tag-eco-design","9":"product_tag-st-curvy-fr","10":"product_tag-reedition-fr-fr","11":"product_designer-oscar-niemeyer-par-etel","12":"product_designer-etel-fr","13":"comfabric-etel-atelier-1-fr","14":"manufacturer-etel-atelier-1-fr","15":"reporting_designer-etel","16":"samplecomfabric-etel-fr","18":"first","19":"instock","20":"taxable","21":"shipping-taxable","22":"purchasable","23":"product-type-simple"},"acf":[],"_links":{"self":[{"href":"https:\/\/theinvisiblecollection.com\/fr\/wp-json\/wp\/v2\/product\/130619","targetHints":{"allow":["GET"]}}],"collection":[{"href":"https:\/\/theinvisiblecollection.com\/fr\/wp-json\/wp\/v2\/product"}],"about":[{"href":"https:\/\/theinvisiblecollection.com\/fr\/wp-json\/wp\/v2\/types\/product"}],"wp:featuredmedia":[{"embeddable":true,"href":"https:\/\/theinvisiblecollection.com\/fr\/wp-json\/wp\/v2\/media\/130623"}],"wp:attachment":[{"href":"https:\/\/theinvisiblecollection.com\/fr\/wp-json\/wp\/v2\/media?parent=130619"}],"wp:term":[{"taxonomy":"product_brand","embeddable":true,"href":"https:\/\/theinvisiblecollection.com\/fr\/wp-json\/wp\/v2\/product_brand?post=130619"},{"taxonomy":"product_cat","embeddable":true,"href":"https:\/\/theinvisiblecollection.com\/fr\/wp-json\/wp\/v2\/product_cat?post=130619"},{"taxonomy":"product_tag","embeddable":true,"href":"https:\/\/theinvisiblecollection.com\/fr\/wp-json\/wp\/v2\/product_tag?post=130619"},{"taxonomy":"product_designer","embeddable":true,"href":"https:\/\/theinvisiblecollection.com\/fr\/wp-json\/wp\/v2\/product_designer?post=130619"},{"taxonomy":"comfabric","embeddable":true,"href":"https:\/\/theinvisiblecollection.com\/fr\/wp-json\/wp\/v2\/comfabric?post=130619"},{"taxonomy":"manufacturer","embeddable":true,"href":"https:\/\/theinvisiblecollection.com\/fr\/wp-json\/wp\/v2\/manufacturer?post=130619"},{"taxonomy":"reporting_designer","embeddable":true,"href":"https:\/\/theinvisiblecollection.com\/fr\/wp-json\/wp\/v2\/reporting_designer?post=130619"},{"taxonomy":"samplecomfabric","embeddable":true,"href":"https:\/\/theinvisiblecollection.com\/fr\/wp-json\/wp\/v2\/samplecomfabric?post=130619"},{"taxonomy":"clubroom_product_designer","embeddable":true,"href":"https:\/\/theinvisiblecollection.com\/fr\/wp-json\/wp\/v2\/designer_clubroom?post=130619"}],"curies":[{"name":"wp","href":"https:\/\/api.w.org\/{rel}","templated":true}]}}