{"id":130653,"date":"2022-04-26T18:23:02","date_gmt":"2022-04-26T17:23:02","guid":{"rendered":"https:\/\/theinvisiblecollection.com\/?post_type=product&#038;p=130653"},"modified":"2026-05-08T04:40:07","modified_gmt":"2026-05-08T04:40:07","slug":"atelier-pendhapa-fauteuil-la-nuit-etoilee-teck-naturel","status":"publish","type":"product","link":"https:\/\/theinvisiblecollection.com\/fr\/produit\/atelier-pendhapa-fauteuil-la-nuit-etoilee-teck-naturel\/","title":{"rendered":"Fauteuil La Nuit \u00c9toil\u00e9e Teck Naturel"},"content":{"rendered":"<p style=\"text-align: justify;\">Myst\u00e9rieuse par essence, La Nuit \u00c9toil\u00e9e est un meuble inspir\u00e9 du ciel \u00e9toil\u00e9 de minuit. Lorsque nous nous en approchons par l\u2019arri\u00e8re, la pi\u00e8ce ressemble \u00e0 un morceau de lune, en l\u00e9vitation dans l\u2019espace. Un m\u00e9canisme pivotant est dissimul\u00e9 dans sa solide structure en bois sombre.<\/p>\n","protected":false},"excerpt":{"rendered":"<p>Fauteuil en teck massif naturel et base laqu\u00e9e brillante<br \/>\n\u00c9galement disponible en <a href=\"https:\/\/theinvisiblecollection.com\/fr\/produit\/atelier-pendhapa-fauteuil-la-nuit-etoilee\/\" target=\"_blank\" rel=\"noopener\"><span style=\"text-decoration: underline;\">teck Javanais noir<\/span><\/a><br \/>\nRecouvert ici en tissu Ars\u00e8ne de Pierre Frey, coton<br \/>\n<span style=\"text-decoration: underline;\"><a href=\"https:\/\/theinvisiblecollection.com\/wp-content\/uploads\/2022\/08\/TheInvisibleCollection_FabricSelection_AtelierPendhapa-2.pdf\" target=\"_blank\" rel=\"noopener\">D\u00e9couvrez la s\u00e9lection de tissus ici<\/a><br \/>\n<\/span>Convient pour une utilisation en ext\u00e9rieur sur demande<br \/>\nDimensions et mat\u00e9riaux sur-mesure sur demande<\/p>\n<p>L 70 x l 70 x H 73 cm<br \/>\nHauteur d&#8217;assise : 40 cm<\/p>\n<p>Fabriqu\u00e9 \u00e0 la main en Indon\u00e9sie<br \/>\nD\u00e9lais de production : 6 &#8211; 8 semaines<\/p>\n<p><span style=\"text-decoration: underline;\"><span class=\"s1\"><a href=\"https:\/\/www.theinvisiblecollection.com\/fr\/demande-de-devis\/?product_id=130653\" target=\"_blank\" rel=\"noopener\">Contactez-nous pour toute demande de devis ou de renseignements<\/a><\/span><\/span><\/p>\n","protected":false},"featured_media":130696,"template":"","meta":{"_acf_changed":false,"content-type":"","_themeisle_gutenberg_block_has_review":false},"product_brand":[],"product_cat":[8945,12499,13076],"product_tag":[],"product_designer":[13525],"comfabric":[],"manufacturer":[23071],"reporting_designer":[37189],"samplecomfabric":[],"designer_clubroom":[],"class_list":{"0":"post-130653","1":"product","2":"type-product","3":"status-publish","4":"has-post-thumbnail","6":"product_cat-fauteuils","7":"product_cat-assises","8":"product_cat-bureau-a-la-maison","9":"pa_finish-finition-finement-texturee","10":"pa_finish-sans-finition","11":"product_designer-atelier-pendhapa-fr","12":"manufacturer-atelier-pendhapa-pick-up-fr","13":"reporting_designer-atelier-pendhapa","15":"first","16":"instock","17":"taxable","18":"shipping-taxable","19":"purchasable","20":"product-type-variable"},"acf":[],"_links":{"self":[{"href":"https:\/\/theinvisiblecollection.com\/fr\/wp-json\/wp\/v2\/product\/130653","targetHints":{"allow":["GET"]}}],"collection":[{"href":"https:\/\/theinvisiblecollection.com\/fr\/wp-json\/wp\/v2\/product"}],"about":[{"href":"https:\/\/theinvisiblecollection.com\/fr\/wp-json\/wp\/v2\/types\/product"}],"wp:featuredmedia":[{"embeddable":true,"href":"https:\/\/theinvisiblecollection.com\/fr\/wp-json\/wp\/v2\/media\/130696"}],"wp:attachment":[{"href":"https:\/\/theinvisiblecollection.com\/fr\/wp-json\/wp\/v2\/media?parent=130653"}],"wp:term":[{"taxonomy":"product_brand","embeddable":true,"href":"https:\/\/theinvisiblecollection.com\/fr\/wp-json\/wp\/v2\/product_brand?post=130653"},{"taxonomy":"product_cat","embeddable":true,"href":"https:\/\/theinvisiblecollection.com\/fr\/wp-json\/wp\/v2\/product_cat?post=130653"},{"taxonomy":"product_tag","embeddable":true,"href":"https:\/\/theinvisiblecollection.com\/fr\/wp-json\/wp\/v2\/product_tag?post=130653"},{"taxonomy":"product_designer","embeddable":true,"href":"https:\/\/theinvisiblecollection.com\/fr\/wp-json\/wp\/v2\/product_designer?post=130653"},{"taxonomy":"comfabric","embeddable":true,"href":"https:\/\/theinvisiblecollection.com\/fr\/wp-json\/wp\/v2\/comfabric?post=130653"},{"taxonomy":"manufacturer","embeddable":true,"href":"https:\/\/theinvisiblecollection.com\/fr\/wp-json\/wp\/v2\/manufacturer?post=130653"},{"taxonomy":"reporting_designer","embeddable":true,"href":"https:\/\/theinvisiblecollection.com\/fr\/wp-json\/wp\/v2\/reporting_designer?post=130653"},{"taxonomy":"samplecomfabric","embeddable":true,"href":"https:\/\/theinvisiblecollection.com\/fr\/wp-json\/wp\/v2\/samplecomfabric?post=130653"},{"taxonomy":"clubroom_product_designer","embeddable":true,"href":"https:\/\/theinvisiblecollection.com\/fr\/wp-json\/wp\/v2\/designer_clubroom?post=130653"}],"curies":[{"name":"wp","href":"https:\/\/api.w.org\/{rel}","templated":true}]}}