{"id":130759,"date":"2022-04-27T10:19:29","date_gmt":"2022-04-27T09:19:29","guid":{"rendered":"https:\/\/theinvisiblecollection.com\/?post_type=product&#038;p=130759"},"modified":"2026-05-01T07:38:54","modified_gmt":"2026-05-01T07:38:54","slug":"thierry-lemaire-gueridon-hellmet-travertin","status":"publish","type":"product","link":"https:\/\/theinvisiblecollection.com\/fr\/produit\/thierry-lemaire-gueridon-hellmet-travertin\/","title":{"rendered":"Gu\u00e9ridon Hellmet Travertin"},"content":{"rendered":"<p style=\"text-align: justify;\">Quand on conna\u00eet le travail de Thierry Lemaire, on s&#8217;attend toujours \u00e0 des lignes fortes, et \u00e0 une approche tr\u00e8s architecturale. Le gu\u00e9ridon Hellmet fait ressortir d&#8217;autres qualit\u00e9s avec sa texture audacieuse et sa forme cylindrique intrigante. La version originale en bronze se d\u00e9cline en trois finitions : tout noir, tout or et ext\u00e9rieur noir avec int\u00e9rieur or. Cette pi\u00e8ce contemporaine se suffit \u00e0 elle-m\u00eame et devient le centre de gravit\u00e9 de la pi\u00e8ce. Plus ludique et polyvalente, la version bois en noyer, avec un plateau en verre laqu\u00e9 Securit, est un meuble plus d\u00e9contract\u00e9 et color\u00e9, ponctuant le flux d\u00e9coratif dans la pi\u00e8ce.\u00a0 Son titre ing\u00e9nieux fait allusion \u00e0 un pass\u00e9 lointain d&#8217;hommes en armure portant des casques York&#8230; : le salon est-il le champ de bataille moderne de l&#8217;architecte d&#8217;int\u00e9rieur ?<\/p>\n","protected":false},"excerpt":{"rendered":"<p>Gu\u00e9ridon en travertin Alabstrino<br \/>\n\u00c9galement disponible en bronze et en <a href=\"https:\/\/theinvisiblecollection.com\/fr\/produit\/thierry-lemaire-gueridon-hellmet-marbre\/\" target=\"_blank\" rel=\"noopener\"><span style=\"text-decoration: underline;\">marbre vert Saint Denis<\/span><\/a><\/p>\n<p>\u00d8 45 x H 50 cm<\/p>\n<p>Fabriqu\u00e9 \u00e0 la main en France<br \/>\nD\u00e9lais de fabrication : 14 &#8211; 16 semaines<\/p>\n<p class=\"p1\"><span style=\"text-decoration: underline;\"><span class=\"s1\"><a href=\"https:\/\/www.theinvisiblecollection.com\/fr\/contact-produit\/?product_id=130759\" target=\"_blank\" rel=\"noopener\">Contactez-nous pour toute demande de devis ou de renseignements<\/a><\/span><\/span><\/p>\n","protected":false},"featured_media":130763,"template":"","meta":{"_acf_changed":false,"content-type":"","_themeisle_gutenberg_block_has_review":false},"product_brand":[],"product_cat":[12332,12503,12514],"product_tag":[9431,10392,11684,11685,31474,31477],"product_designer":[8875],"comfabric":[29410],"manufacturer":[19271],"reporting_designer":[37175],"samplecomfabric":[30460],"designer_clubroom":[],"class_list":{"0":"post-130759","1":"product","2":"type-product","3":"status-publish","4":"has-post-thumbnail","6":"product_cat-tables-dappoint","7":"product_cat-tables-fr","8":"product_cat-tables-de-chevet","9":"product_tag-gueridon-fr-3","10":"product_tag-lemaire-fr-fr","11":"product_tag-hellmet-fr-fr","12":"product_tag-helmet-fr","13":"product_tag-co-white-fr","14":"product_tag-st-curvy-fr","15":"pa_size-large-fr-2","16":"pa_size-petit","17":"product_designer-thierry-lemaire-fr","18":"comfabric-thierry-lemaire-fr","19":"manufacturer-plateforme-logistique-sogaris-fr","20":"reporting_designer-thierry-lemaire","21":"samplecomfabric-thierry-lemaire-fr","23":"first","24":"instock","25":"taxable","26":"shipping-taxable","27":"product-type-variable"},"acf":[],"_links":{"self":[{"href":"https:\/\/theinvisiblecollection.com\/fr\/wp-json\/wp\/v2\/product\/130759","targetHints":{"allow":["GET"]}}],"collection":[{"href":"https:\/\/theinvisiblecollection.com\/fr\/wp-json\/wp\/v2\/product"}],"about":[{"href":"https:\/\/theinvisiblecollection.com\/fr\/wp-json\/wp\/v2\/types\/product"}],"wp:featuredmedia":[{"embeddable":true,"href":"https:\/\/theinvisiblecollection.com\/fr\/wp-json\/wp\/v2\/media\/130763"}],"wp:attachment":[{"href":"https:\/\/theinvisiblecollection.com\/fr\/wp-json\/wp\/v2\/media?parent=130759"}],"wp:term":[{"taxonomy":"product_brand","embeddable":true,"href":"https:\/\/theinvisiblecollection.com\/fr\/wp-json\/wp\/v2\/product_brand?post=130759"},{"taxonomy":"product_cat","embeddable":true,"href":"https:\/\/theinvisiblecollection.com\/fr\/wp-json\/wp\/v2\/product_cat?post=130759"},{"taxonomy":"product_tag","embeddable":true,"href":"https:\/\/theinvisiblecollection.com\/fr\/wp-json\/wp\/v2\/product_tag?post=130759"},{"taxonomy":"product_designer","embeddable":true,"href":"https:\/\/theinvisiblecollection.com\/fr\/wp-json\/wp\/v2\/product_designer?post=130759"},{"taxonomy":"comfabric","embeddable":true,"href":"https:\/\/theinvisiblecollection.com\/fr\/wp-json\/wp\/v2\/comfabric?post=130759"},{"taxonomy":"manufacturer","embeddable":true,"href":"https:\/\/theinvisiblecollection.com\/fr\/wp-json\/wp\/v2\/manufacturer?post=130759"},{"taxonomy":"reporting_designer","embeddable":true,"href":"https:\/\/theinvisiblecollection.com\/fr\/wp-json\/wp\/v2\/reporting_designer?post=130759"},{"taxonomy":"samplecomfabric","embeddable":true,"href":"https:\/\/theinvisiblecollection.com\/fr\/wp-json\/wp\/v2\/samplecomfabric?post=130759"},{"taxonomy":"clubroom_product_designer","embeddable":true,"href":"https:\/\/theinvisiblecollection.com\/fr\/wp-json\/wp\/v2\/designer_clubroom?post=130759"}],"curies":[{"name":"wp","href":"https:\/\/api.w.org\/{rel}","templated":true}]}}