{"id":130823,"date":"2022-04-27T11:34:42","date_gmt":"2022-04-27T10:34:42","guid":{"rendered":"https:\/\/theinvisiblecollection.com\/?post_type=product&#038;p=130823"},"modified":"2026-05-08T04:40:07","modified_gmt":"2026-05-08T04:40:07","slug":"etel-oscar-niemeyer-fauteuil-lounge-memorial","status":"publish","type":"product","link":"https:\/\/theinvisiblecollection.com\/fr\/produit\/etel-oscar-niemeyer-fauteuil-lounge-memorial\/","title":{"rendered":"Fauteuil Lounge Memorial"},"content":{"rendered":"<p style=\"text-align: justify;\"><span data-contrast=\"auto\">La chaise\u00a0longue Memorial &amp; le pouf d&#8217;Oscar Niemeyer est une \u00e9dition sp\u00e9ciale de l&#8217;embl\u00e9matique chaise &#8220;Alta&#8221;. Cette it\u00e9ration, d\u00e9di\u00e9e au &#8220;Memorial da<\/span><span data-ccp-props=\"{&quot;201341983&quot;:0,&quot;335551550&quot;:0,&quot;335551620&quot;:0,&quot;335559740&quot;:259}\">\u00a0<\/span><span data-contrast=\"auto\">Am\u00e9rica Latina &#8220;, a \u00e9t\u00e9 con\u00e7ue en 1980 avec un dossier diff\u00e9rent de la version originale. Niemeyer voulait qu&#8217;elle soit plac\u00e9e devant &#8220;Agora&#8221;, une \u0153uvre d&#8217;art de l&#8217;artiste br\u00e9silien Victor Arrudaon, accroch\u00e9e dans le foyer de l&#8217;auditorium du mus\u00e9e.<\/span><span data-ccp-props=\"{&quot;201341983&quot;:0,&quot;335551550&quot;:0,&quot;335551620&quot;:0,&quot;335559740&quot;:259}\">\u00a0<\/span><span data-contrast=\"auto\">Apr\u00e8s qu\u2019un terrible incendie en 2013 a d\u00e9truit une partie de cette collection publique, Etel, partenaire officiel de la Fondation Oscar Niemeyer, a particip\u00e9 au sauvetage de cet h\u00e9ritage essentiel en faisant don de nouvelles chaises pour la collection. Et c\u2019est ainsi que pour c\u00e9l\u00e9brer son partenariat avec le mus\u00e9e, Etel a fait l\u2019acquisition d\u2019un exemplaire de l\u2019\u00e9dition limit\u00e9e de la chaise longue Alta Memorial.<\/span><span data-ccp-props=\"{&quot;201341983&quot;:0,&quot;335551550&quot;:0,&quot;335551620&quot;:0,&quot;335559740&quot;:259}\">\u00a0<\/span><\/p>\n","protected":false},"excerpt":{"rendered":"<p>Dessin\u00e9 par Oscar Niemeyer<br \/>\nR\u00e9\u00e9dit\u00e9 par ETEL<br \/>\nFauteuil photographi\u00e9 ici en cuir noir Barcelona Preto<br \/>\n<span style=\"text-decoration: underline;\"><a href=\"https:\/\/theinvisiblecollection.com\/wp-content\/uploads\/2022\/04\/TheInvisibleCollection_Etel_OScar_Niemeyer_Fabric_Selection_Memorial.pdf\" target=\"_blank\" rel=\"noopener\">D\u00e9couvrez la s\u00e9lection de tissus ici<\/a><\/span><br \/>\nPi\u00e8tement en bois laqu\u00e9 noir<br \/>\nTissus sur-mesure sur demande<\/p>\n<p>L 71 x P 102 x H 67.4 cm<br \/>\nHauteur d&#8217;assise : 42 cm<br \/>\nTissu requis : 4 m<br \/>\nCuir requis : 6 m<\/p>\n<p style=\"text-align: justify;\">Cette pi\u00e8ce est r\u00e9alis\u00e9e \u00e0 la main au Br\u00e9sil, a partir de bois provenant de for\u00eats faisant l\u2019objet d\u2019une gestion durable. Ainsi, nous ne pouvons pas garantir de d\u00e9lais de production actuellement. La production pourrait prendre jusqu\u2019\u00e0 une ann\u00e9e enti\u00e8re. Commandez maintenant pour vous placer en haut de la liste d\u2019attente ou\u00a0<a class=\"notion-link-token notion-enable-hover\" href=\"https:\/\/www.theinvisiblecollection.com\/fr\/demande-de-devis\/?product_id=37005\" target=\"_blank\" rel=\"noopener noreferrer\" data-token-index=\"1\" data-reactroot=\"\"><span class=\"link-annotation-unknown-block-id--18333092\">contactez-nous pour recevoir d\u2019autres propositions.<\/span><\/a><\/p>\n","protected":false},"featured_media":130835,"template":"","meta":{"_acf_changed":false,"content-type":"","_themeisle_gutenberg_block_has_review":false},"product_brand":[],"product_cat":[8945,12499],"product_tag":[11235,22790],"product_designer":[8866,17242],"comfabric":[28854],"manufacturer":[16878],"reporting_designer":[37381],"samplecomfabric":[30448],"designer_clubroom":[],"class_list":{"0":"post-130823","1":"product","2":"type-product","3":"status-publish","4":"has-post-thumbnail","6":"product_cat-fauteuils","7":"product_cat-assises","8":"product_tag-reedition-fr-fr","9":"product_tag-disponible-immediatement","10":"product_designer-etel-fr","11":"product_designer-oscar-niemeyer-par-etel","12":"comfabric-etel-atelier-1-fr","13":"manufacturer-etel-atelier-1-fr","14":"reporting_designer-etel","15":"samplecomfabric-etel-fr","16":"exhibitions-londres-fr","18":"first","19":"instock","20":"taxable","21":"shipping-taxable","22":"purchasable","23":"product-type-variable"},"acf":[],"_links":{"self":[{"href":"https:\/\/theinvisiblecollection.com\/fr\/wp-json\/wp\/v2\/product\/130823","targetHints":{"allow":["GET"]}}],"collection":[{"href":"https:\/\/theinvisiblecollection.com\/fr\/wp-json\/wp\/v2\/product"}],"about":[{"href":"https:\/\/theinvisiblecollection.com\/fr\/wp-json\/wp\/v2\/types\/product"}],"wp:featuredmedia":[{"embeddable":true,"href":"https:\/\/theinvisiblecollection.com\/fr\/wp-json\/wp\/v2\/media\/130835"}],"wp:attachment":[{"href":"https:\/\/theinvisiblecollection.com\/fr\/wp-json\/wp\/v2\/media?parent=130823"}],"wp:term":[{"taxonomy":"product_brand","embeddable":true,"href":"https:\/\/theinvisiblecollection.com\/fr\/wp-json\/wp\/v2\/product_brand?post=130823"},{"taxonomy":"product_cat","embeddable":true,"href":"https:\/\/theinvisiblecollection.com\/fr\/wp-json\/wp\/v2\/product_cat?post=130823"},{"taxonomy":"product_tag","embeddable":true,"href":"https:\/\/theinvisiblecollection.com\/fr\/wp-json\/wp\/v2\/product_tag?post=130823"},{"taxonomy":"product_designer","embeddable":true,"href":"https:\/\/theinvisiblecollection.com\/fr\/wp-json\/wp\/v2\/product_designer?post=130823"},{"taxonomy":"comfabric","embeddable":true,"href":"https:\/\/theinvisiblecollection.com\/fr\/wp-json\/wp\/v2\/comfabric?post=130823"},{"taxonomy":"manufacturer","embeddable":true,"href":"https:\/\/theinvisiblecollection.com\/fr\/wp-json\/wp\/v2\/manufacturer?post=130823"},{"taxonomy":"reporting_designer","embeddable":true,"href":"https:\/\/theinvisiblecollection.com\/fr\/wp-json\/wp\/v2\/reporting_designer?post=130823"},{"taxonomy":"samplecomfabric","embeddable":true,"href":"https:\/\/theinvisiblecollection.com\/fr\/wp-json\/wp\/v2\/samplecomfabric?post=130823"},{"taxonomy":"clubroom_product_designer","embeddable":true,"href":"https:\/\/theinvisiblecollection.com\/fr\/wp-json\/wp\/v2\/designer_clubroom?post=130823"}],"curies":[{"name":"wp","href":"https:\/\/api.w.org\/{rel}","templated":true}]}}