{"id":1308428,"date":"2022-12-07T14:20:02","date_gmt":"2022-12-07T13:20:02","guid":{"rendered":"https:\/\/theinvisiblecollection.com\/?post_type=product&#038;p=1308428"},"modified":"2026-05-15T05:03:01","modified_gmt":"2026-05-15T05:03:01","slug":"laura-gonzalez-chaise-mawu-new-york-2","status":"publish","type":"product","link":"https:\/\/theinvisiblecollection.com\/fr\/produit\/laura-gonzalez-chaise-mawu-new-york-2\/","title":{"rendered":"Chaise Mawu New York"},"content":{"rendered":"<p style=\"text-align: justify\">La chaise Mawu New York est une \u00e9dition sp\u00e9ciale brod\u00e9e par les artisans de Lesage Int\u00e9rieurs selon le motif Grotto, compos\u00e9 de tubes or antique, des perles de m\u00e9tal bronze et des \u00e9l\u00e9ments dor\u00e9s.<\/p>\n","protected":false},"excerpt":{"rendered":"<ul>\n<li>\u00c9dition sp\u00e9ciale Laura Gonzalez x Lesage Int\u00e9rieurs pour Invisible Collection<\/li>\n<li>Composition : finition bois satin\u00e9 \/ boules en ch\u00eane dor\u00e9 \/ broderie Lemari\u00e9 \u201cGrotto\u201d<\/li>\n<li>Tissu : Pierre Frey Opio<\/li>\n<li>Couleur : erba<\/li>\n<\/ul>\n","protected":false},"featured_media":1306161,"template":"","meta":{"_acf_changed":false,"content-type":"","_themeisle_gutenberg_block_has_review":false},"product_brand":[],"product_cat":[8962,12499],"product_tag":[22790,31477],"product_designer":[10956],"comfabric":[],"manufacturer":[16912],"reporting_designer":[37573],"samplecomfabric":[],"designer_clubroom":[20518],"class_list":{"0":"post-1308428","1":"product","2":"type-product","3":"status-publish","4":"has-post-thumbnail","6":"clubroom_taxonomies-boutiques","7":"product_cat-chaises","8":"product_cat-assises","9":"product_tag-disponible-immediatement","10":"product_tag-st-curvy-fr","11":"product_designer-laura-gonzalez-fr","12":"manufacturer-premier-logistics-art-interiors-fr","13":"reporting_designer-laura-gonzalez","14":"clubroom_product_designer-laura-gonzalez-fr","15":"exhibitions-new-york-fr","17":"first","18":"instock","19":"featured","20":"taxable","21":"shipping-taxable","22":"purchasable","23":"product-type-simple"},"acf":[],"_links":{"self":[{"href":"https:\/\/theinvisiblecollection.com\/fr\/wp-json\/wp\/v2\/product\/1308428","targetHints":{"allow":["GET"]}}],"collection":[{"href":"https:\/\/theinvisiblecollection.com\/fr\/wp-json\/wp\/v2\/product"}],"about":[{"href":"https:\/\/theinvisiblecollection.com\/fr\/wp-json\/wp\/v2\/types\/product"}],"wp:featuredmedia":[{"embeddable":true,"href":"https:\/\/theinvisiblecollection.com\/fr\/wp-json\/wp\/v2\/media\/1306161"}],"wp:attachment":[{"href":"https:\/\/theinvisiblecollection.com\/fr\/wp-json\/wp\/v2\/media?parent=1308428"}],"wp:term":[{"taxonomy":"product_brand","embeddable":true,"href":"https:\/\/theinvisiblecollection.com\/fr\/wp-json\/wp\/v2\/product_brand?post=1308428"},{"taxonomy":"product_cat","embeddable":true,"href":"https:\/\/theinvisiblecollection.com\/fr\/wp-json\/wp\/v2\/product_cat?post=1308428"},{"taxonomy":"product_tag","embeddable":true,"href":"https:\/\/theinvisiblecollection.com\/fr\/wp-json\/wp\/v2\/product_tag?post=1308428"},{"taxonomy":"product_designer","embeddable":true,"href":"https:\/\/theinvisiblecollection.com\/fr\/wp-json\/wp\/v2\/product_designer?post=1308428"},{"taxonomy":"comfabric","embeddable":true,"href":"https:\/\/theinvisiblecollection.com\/fr\/wp-json\/wp\/v2\/comfabric?post=1308428"},{"taxonomy":"manufacturer","embeddable":true,"href":"https:\/\/theinvisiblecollection.com\/fr\/wp-json\/wp\/v2\/manufacturer?post=1308428"},{"taxonomy":"reporting_designer","embeddable":true,"href":"https:\/\/theinvisiblecollection.com\/fr\/wp-json\/wp\/v2\/reporting_designer?post=1308428"},{"taxonomy":"samplecomfabric","embeddable":true,"href":"https:\/\/theinvisiblecollection.com\/fr\/wp-json\/wp\/v2\/samplecomfabric?post=1308428"},{"taxonomy":"clubroom_product_designer","embeddable":true,"href":"https:\/\/theinvisiblecollection.com\/fr\/wp-json\/wp\/v2\/designer_clubroom?post=1308428"}],"curies":[{"name":"wp","href":"https:\/\/api.w.org\/{rel}","templated":true}]}}