{"id":1309473,"date":"2022-12-07T15:04:29","date_gmt":"2022-12-07T14:04:29","guid":{"rendered":"https:\/\/theinvisiblecollection.com\/?post_type=product&#038;p=1309473"},"modified":"2026-05-01T07:38:24","modified_gmt":"2026-05-01T07:38:24","slug":"laura-gonzalez-coussin-de-sol-2","status":"publish","type":"product","link":"https:\/\/theinvisiblecollection.com\/fr\/produit\/laura-gonzalez-coussin-de-sol-2\/","title":{"rendered":"Coussin De Sol"},"content":{"rendered":"<p style=\"text-align: justify\">Avec ce coussin de sol double face habill\u00e9 de motifs paisley associ\u00e9s \u00e0 un magnifique tissu d&#8217;inspiration renaissance \u00e0 larges rayures bicolores, l&#8217;Orient rencontre l&#8217;Occident !<\/p>\n","protected":false},"excerpt":{"rendered":"<ul>\n<li>Coussin de sol en double face tapiss\u00e9 en tissu Pierre Frey, Socotora, couleur cuivre et en tissu Pierre Frey Fabini Borghi, Rigato Mantova<\/li>\n<li>Passpoil pourtour Houl\u00e8s<br \/>\nRembourr\u00e9 avec plume et duvet<\/li>\n<\/ul>\n","protected":false},"featured_media":1306173,"template":"","meta":{"_acf_changed":false,"content-type":"","_themeisle_gutenberg_block_has_review":false},"product_brand":[],"product_cat":[8969,12499,12530,19973,19992],"product_tag":[22790,31477],"product_designer":[10956],"comfabric":[],"manufacturer":[16912],"reporting_designer":[37573],"samplecomfabric":[],"designer_clubroom":[20518],"class_list":{"0":"post-1309473","1":"product","2":"type-product","3":"status-publish","4":"has-post-thumbnail","6":"clubroom_taxonomies-boutiques","7":"product_cat-ottomans-tabourets","8":"product_cat-assises","9":"product_cat-coussins-plaids","10":"product_cat-accessoires-pour-la-maison","11":"product_cat-coussins","12":"product_tag-disponible-immediatement","13":"product_tag-st-curvy-fr","14":"product_designer-laura-gonzalez-fr","15":"manufacturer-premier-logistics-art-interiors-fr","16":"reporting_designer-laura-gonzalez","17":"clubroom_product_designer-laura-gonzalez-fr","18":"exhibitions-new-york-fr","20":"first","21":"instock","22":"taxable","23":"shipping-taxable","24":"purchasable","25":"product-type-simple"},"acf":[],"_links":{"self":[{"href":"https:\/\/theinvisiblecollection.com\/fr\/wp-json\/wp\/v2\/product\/1309473","targetHints":{"allow":["GET"]}}],"collection":[{"href":"https:\/\/theinvisiblecollection.com\/fr\/wp-json\/wp\/v2\/product"}],"about":[{"href":"https:\/\/theinvisiblecollection.com\/fr\/wp-json\/wp\/v2\/types\/product"}],"wp:featuredmedia":[{"embeddable":true,"href":"https:\/\/theinvisiblecollection.com\/fr\/wp-json\/wp\/v2\/media\/1306173"}],"wp:attachment":[{"href":"https:\/\/theinvisiblecollection.com\/fr\/wp-json\/wp\/v2\/media?parent=1309473"}],"wp:term":[{"taxonomy":"product_brand","embeddable":true,"href":"https:\/\/theinvisiblecollection.com\/fr\/wp-json\/wp\/v2\/product_brand?post=1309473"},{"taxonomy":"product_cat","embeddable":true,"href":"https:\/\/theinvisiblecollection.com\/fr\/wp-json\/wp\/v2\/product_cat?post=1309473"},{"taxonomy":"product_tag","embeddable":true,"href":"https:\/\/theinvisiblecollection.com\/fr\/wp-json\/wp\/v2\/product_tag?post=1309473"},{"taxonomy":"product_designer","embeddable":true,"href":"https:\/\/theinvisiblecollection.com\/fr\/wp-json\/wp\/v2\/product_designer?post=1309473"},{"taxonomy":"comfabric","embeddable":true,"href":"https:\/\/theinvisiblecollection.com\/fr\/wp-json\/wp\/v2\/comfabric?post=1309473"},{"taxonomy":"manufacturer","embeddable":true,"href":"https:\/\/theinvisiblecollection.com\/fr\/wp-json\/wp\/v2\/manufacturer?post=1309473"},{"taxonomy":"reporting_designer","embeddable":true,"href":"https:\/\/theinvisiblecollection.com\/fr\/wp-json\/wp\/v2\/reporting_designer?post=1309473"},{"taxonomy":"samplecomfabric","embeddable":true,"href":"https:\/\/theinvisiblecollection.com\/fr\/wp-json\/wp\/v2\/samplecomfabric?post=1309473"},{"taxonomy":"clubroom_product_designer","embeddable":true,"href":"https:\/\/theinvisiblecollection.com\/fr\/wp-json\/wp\/v2\/designer_clubroom?post=1309473"}],"curies":[{"name":"wp","href":"https:\/\/api.w.org\/{rel}","templated":true}]}}