{"id":130957,"date":"2022-04-27T12:38:18","date_gmt":"2022-04-27T11:38:18","guid":{"rendered":"https:\/\/theinvisiblecollection.com\/?post_type=product&#038;p=130957"},"modified":"2026-05-01T07:38:54","modified_gmt":"2026-05-01T07:38:54","slug":"etel-oscar-niemeyer-fauteuil-on","status":"publish","type":"product","link":"https:\/\/theinvisiblecollection.com\/fr\/produit\/etel-oscar-niemeyer-fauteuil-on\/","title":{"rendered":"Fauteuil ON"},"content":{"rendered":"<p style=\"text-align: justify;\"><span class=\"TextRun SCXW99509323 BCX0\" lang=\"EN-GB\" xml:lang=\"EN-GB\" data-contrast=\"auto\"><span class=\"NormalTextRun SCXW99509323 BCX0\">Le fauteuil ON <\/span><span class=\"NormalTextRun SpellingErrorV2 SCXW99509323 BCX0\">d&#8217;Oscar<\/span><span class=\"NormalTextRun SCXW99509323 BCX0\"> Niemeyer a <\/span><span class=\"NormalTextRun SpellingErrorV2 SCXW99509323 BCX0\">\u00e9t\u00e9<\/span> <span class=\"NormalTextRun SpellingErrorV2 SCXW99509323 BCX0\">sp\u00e9cialement<\/span> <span class=\"NormalTextRun SpellingErrorV2 SCXW99509323 BCX0\">cr\u00e9\u00e9<\/span><span class=\"NormalTextRun SCXW99509323 BCX0\"> pour <\/span><span class=\"NormalTextRun SpellingErrorV2 SCXW99509323 BCX0\">l&#8217;h\u00f4tel<\/span> <span class=\"NormalTextRun SpellingErrorV2 SCXW99509323 BCX0\">Sesc<\/span><span class=\"NormalTextRun SCXW99509323 BCX0\"> \u00e0 Copacabana, un <\/span><span class=\"NormalTextRun SpellingErrorV2 SCXW99509323 BCX0\">b\u00e2timent<\/span> <span class=\"NormalTextRun SpellingErrorV2 SCXW99509323 BCX0\">qu&#8217;il<\/span><span class=\"NormalTextRun SCXW99509323 BCX0\"> a <\/span><span class=\"NormalTextRun SpellingErrorV2 SCXW99509323 BCX0\">con\u00e7u<\/span><span class=\"NormalTextRun SCXW99509323 BCX0\"> dans les <\/span><span class=\"NormalTextRun SpellingErrorV2 SCXW99509323 BCX0\">ann\u00e9es<\/span><span class=\"NormalTextRun SCXW99509323 BCX0\"> 1980. Cette pi\u00e8ce <\/span><span class=\"NormalTextRun SpellingErrorV2 SCXW99509323 BCX0\">pr\u00e9sente<\/span> <span class=\"NormalTextRun SpellingErrorV2 SCXW99509323 BCX0\">une<\/span><span class=\"NormalTextRun SCXW99509323 BCX0\"> assise et un dossier <\/span><span class=\"NormalTextRun SpellingErrorV2 SCXW99509323 BCX0\">d\u2019aspect<\/span> <span class=\"NormalTextRun SpellingErrorV2 SCXW99509323 BCX0\">assez<\/span><span class=\"NormalTextRun SCXW99509323 BCX0\"> simple, <\/span><span class=\"NormalTextRun SpellingErrorV2 SCXW99509323 BCX0\">encadr\u00e9s<\/span><span class=\"NormalTextRun SCXW99509323 BCX0\"> sur les <\/span><span class=\"NormalTextRun SpellingErrorV2 SCXW99509323 BCX0\">c\u00f4t\u00e9s<\/span><span class=\"NormalTextRun SCXW99509323 BCX0\"> par deux <\/span><span class=\"NormalTextRun SpellingErrorV2 SCXW99509323 BCX0\">courbes<\/span> <span class=\"NormalTextRun SpellingErrorV2 SCXW99509323 BCX0\">d\u00e9licates<\/span><span class=\"NormalTextRun SCXW99509323 BCX0\"> qui <\/span><span class=\"NormalTextRun SpellingErrorV2 SCXW99509323 BCX0\">donnent<\/span> <span class=\"NormalTextRun SpellingErrorV2 SCXW99509323 BCX0\">toute<\/span> <span class=\"NormalTextRun SpellingErrorV2 SCXW99509323 BCX0\">sa<\/span><span class=\"NormalTextRun SCXW99509323 BCX0\"> force \u00e0 <\/span><span class=\"NormalTextRun SpellingErrorV2 SCXW99509323 BCX0\">ce<\/span><span class=\"NormalTextRun SCXW99509323 BCX0\"> fauteuil.<\/span><\/span><span class=\"EOP SCXW99509323 BCX0\" data-ccp-props=\"{&quot;201341983&quot;:0,&quot;335551550&quot;:0,&quot;335551620&quot;:0,&quot;335559740&quot;:259}\">\u00a0<\/span><\/p>\n","protected":false},"excerpt":{"rendered":"<p>Dessin\u00e9 par Oscar Niemeyer<br \/>\nR\u00e9\u00e9dit\u00e9 par ETEL<br \/>\nFauteuil photographi\u00e9 ici en tissu Nubby Offwhite<br \/>\n<span style=\"text-decoration: underline;\"><a href=\"https:\/\/theinvisiblecollection.com\/wp-content\/uploads\/2022\/10\/TheInvisibleCollection_FabricSelection_ONArmchair.jpg\" target=\"_blank\" rel=\"noopener\">D\u00e9couvrez la s\u00e9lection de tissus ici<\/a><\/span><br \/>\nTissus sur-mesure sur demande<br \/>\n\u00c9galement disponible en cuir<br \/>\n<a href=\"https:\/\/theinvisiblecollection.com\/wp-content\/uploads\/2022\/10\/TheInvisibleCollection_LeatherSelection_ONArmchair.jpg\" target=\"_blank\" rel=\"noopener\"><span style=\"text-decoration: underline;\">D\u00e9couvrez la s\u00e9lection de cuirs ici<\/span><\/a><br \/>\nStructure en noyer am\u00e9ricain naturel<br \/>\n<span style=\"text-decoration: underline;\"><a href=\"https:\/\/theinvisiblecollection.com\/wp-content\/uploads\/2022\/04\/TheInvisibleCollection_Etel_OScar_Niemeyer_WoodSelection.pdf\" target=\"_blank\" rel=\"noopener\">D\u00e9couvrez la s\u00e9lection de bois ici<\/a><\/span><\/p>\n<p>L 110 x P 85 x H 70 cm<br \/>\nHauteur d&#8217;assise : 42 cm<br \/>\nTissu requis : 3 m<br \/>\nCuir requis : 4.8 m<\/p>\n<p style=\"text-align: justify;\">Cette pi\u00e8ce est r\u00e9alis\u00e9e \u00e0 la main au Br\u00e9sil, a partir de bois provenant de for\u00eats faisant l\u2019objet d\u2019une gestion durable. Ainsi, nous ne pouvons pas garantir de d\u00e9lais de production actuellement. La production pourrait prendre jusqu\u2019\u00e0 une ann\u00e9e enti\u00e8re. Commandez maintenant pour vous placer en haut de la liste d\u2019attente ou\u00a0<a class=\"notion-link-token notion-enable-hover\" href=\"https:\/\/www.theinvisiblecollection.com\/fr\/demande-de-devis\/?product_id=37005\" target=\"_blank\" rel=\"noopener noreferrer\" data-token-index=\"1\" data-reactroot=\"\"><span class=\"link-annotation-unknown-block-id--18333092\">contactez-nous pour recevoir d\u2019autres propositions.<\/span><\/a><\/p>\n","protected":false},"featured_media":130969,"template":"","meta":{"_acf_changed":false,"content-type":"","_themeisle_gutenberg_block_has_review":false},"product_brand":[],"product_cat":[12499,8945],"product_tag":[11335,11235],"product_designer":[17242,8866],"comfabric":[28854],"manufacturer":[16878],"reporting_designer":[37381],"samplecomfabric":[30448],"designer_clubroom":[],"class_list":{"0":"post-130957","1":"product","2":"type-product","3":"status-publish","4":"has-post-thumbnail","6":"product_cat-assises","7":"product_cat-fauteuils","8":"product_tag-eco-design","9":"product_tag-reedition-fr-fr","10":"product_designer-oscar-niemeyer-par-etel","11":"product_designer-etel-fr","12":"comfabric-etel-atelier-1-fr","13":"manufacturer-etel-atelier-1-fr","14":"reporting_designer-etel","15":"samplecomfabric-etel-fr","17":"first","18":"instock","19":"taxable","20":"shipping-taxable","21":"purchasable","22":"product-type-variable"},"acf":[],"_links":{"self":[{"href":"https:\/\/theinvisiblecollection.com\/fr\/wp-json\/wp\/v2\/product\/130957","targetHints":{"allow":["GET"]}}],"collection":[{"href":"https:\/\/theinvisiblecollection.com\/fr\/wp-json\/wp\/v2\/product"}],"about":[{"href":"https:\/\/theinvisiblecollection.com\/fr\/wp-json\/wp\/v2\/types\/product"}],"wp:featuredmedia":[{"embeddable":true,"href":"https:\/\/theinvisiblecollection.com\/fr\/wp-json\/wp\/v2\/media\/130969"}],"wp:attachment":[{"href":"https:\/\/theinvisiblecollection.com\/fr\/wp-json\/wp\/v2\/media?parent=130957"}],"wp:term":[{"taxonomy":"product_brand","embeddable":true,"href":"https:\/\/theinvisiblecollection.com\/fr\/wp-json\/wp\/v2\/product_brand?post=130957"},{"taxonomy":"product_cat","embeddable":true,"href":"https:\/\/theinvisiblecollection.com\/fr\/wp-json\/wp\/v2\/product_cat?post=130957"},{"taxonomy":"product_tag","embeddable":true,"href":"https:\/\/theinvisiblecollection.com\/fr\/wp-json\/wp\/v2\/product_tag?post=130957"},{"taxonomy":"product_designer","embeddable":true,"href":"https:\/\/theinvisiblecollection.com\/fr\/wp-json\/wp\/v2\/product_designer?post=130957"},{"taxonomy":"comfabric","embeddable":true,"href":"https:\/\/theinvisiblecollection.com\/fr\/wp-json\/wp\/v2\/comfabric?post=130957"},{"taxonomy":"manufacturer","embeddable":true,"href":"https:\/\/theinvisiblecollection.com\/fr\/wp-json\/wp\/v2\/manufacturer?post=130957"},{"taxonomy":"reporting_designer","embeddable":true,"href":"https:\/\/theinvisiblecollection.com\/fr\/wp-json\/wp\/v2\/reporting_designer?post=130957"},{"taxonomy":"samplecomfabric","embeddable":true,"href":"https:\/\/theinvisiblecollection.com\/fr\/wp-json\/wp\/v2\/samplecomfabric?post=130957"},{"taxonomy":"clubroom_product_designer","embeddable":true,"href":"https:\/\/theinvisiblecollection.com\/fr\/wp-json\/wp\/v2\/designer_clubroom?post=130957"}],"curies":[{"name":"wp","href":"https:\/\/api.w.org\/{rel}","templated":true}]}}