{"id":1309935,"date":"2022-12-07T15:32:02","date_gmt":"2022-12-07T14:32:02","guid":{"rendered":"https:\/\/theinvisiblecollection.com\/?post_type=product&#038;p=1309935"},"modified":"2026-05-01T07:38:24","modified_gmt":"2026-05-01T07:38:24","slug":"laura-gonzalez-applique-bosphore-marron-2","status":"publish","type":"product","link":"https:\/\/theinvisiblecollection.com\/fr\/produit\/laura-gonzalez-applique-bosphore-marron-2\/","title":{"rendered":"Applique Bosphore Marron"},"content":{"rendered":"<p style=\"text-align: justify\">Enti\u00e8rement r\u00e9alis\u00e9e \u00e0 la main, l\u2019Applique Bosphore conjugue les talents cr\u00e9atifs de Laura Gonzalez et de l\u2019Atelier Jean Roger.<\/p>\n","protected":false},"excerpt":{"rendered":"<ul>\n<li>Composition : c\u00e9ramique \u00e9maill\u00e9e<\/li>\n<li>Avec certification pour les \u00c9tats-Unis<\/li>\n<li>1 ampoule E14 40 watts requise<\/li>\n<\/ul>\n","protected":false},"featured_media":1306131,"template":"","meta":{"_acf_changed":false,"content-type":"","_themeisle_gutenberg_block_has_review":false},"product_brand":[],"product_cat":[8975,12507],"product_tag":[22790,31477],"product_designer":[10956],"comfabric":[],"manufacturer":[16912],"reporting_designer":[37573],"samplecomfabric":[],"designer_clubroom":[20518],"class_list":{"0":"post-1309935","1":"product","2":"type-product","3":"status-publish","4":"has-post-thumbnail","6":"clubroom_taxonomies-boutiques","7":"product_cat-appliques-murales","8":"product_cat-luminaires","9":"product_tag-disponible-immediatement","10":"product_tag-st-curvy-fr","11":"product_designer-laura-gonzalez-fr","12":"manufacturer-premier-logistics-art-interiors-fr","13":"reporting_designer-laura-gonzalez","14":"clubroom_product_designer-laura-gonzalez-fr","15":"exhibitions-new-york-fr","17":"first","18":"instock","19":"taxable","20":"shipping-taxable","21":"purchasable","22":"product-type-simple"},"acf":[],"_links":{"self":[{"href":"https:\/\/theinvisiblecollection.com\/fr\/wp-json\/wp\/v2\/product\/1309935","targetHints":{"allow":["GET"]}}],"collection":[{"href":"https:\/\/theinvisiblecollection.com\/fr\/wp-json\/wp\/v2\/product"}],"about":[{"href":"https:\/\/theinvisiblecollection.com\/fr\/wp-json\/wp\/v2\/types\/product"}],"wp:featuredmedia":[{"embeddable":true,"href":"https:\/\/theinvisiblecollection.com\/fr\/wp-json\/wp\/v2\/media\/1306131"}],"wp:attachment":[{"href":"https:\/\/theinvisiblecollection.com\/fr\/wp-json\/wp\/v2\/media?parent=1309935"}],"wp:term":[{"taxonomy":"product_brand","embeddable":true,"href":"https:\/\/theinvisiblecollection.com\/fr\/wp-json\/wp\/v2\/product_brand?post=1309935"},{"taxonomy":"product_cat","embeddable":true,"href":"https:\/\/theinvisiblecollection.com\/fr\/wp-json\/wp\/v2\/product_cat?post=1309935"},{"taxonomy":"product_tag","embeddable":true,"href":"https:\/\/theinvisiblecollection.com\/fr\/wp-json\/wp\/v2\/product_tag?post=1309935"},{"taxonomy":"product_designer","embeddable":true,"href":"https:\/\/theinvisiblecollection.com\/fr\/wp-json\/wp\/v2\/product_designer?post=1309935"},{"taxonomy":"comfabric","embeddable":true,"href":"https:\/\/theinvisiblecollection.com\/fr\/wp-json\/wp\/v2\/comfabric?post=1309935"},{"taxonomy":"manufacturer","embeddable":true,"href":"https:\/\/theinvisiblecollection.com\/fr\/wp-json\/wp\/v2\/manufacturer?post=1309935"},{"taxonomy":"reporting_designer","embeddable":true,"href":"https:\/\/theinvisiblecollection.com\/fr\/wp-json\/wp\/v2\/reporting_designer?post=1309935"},{"taxonomy":"samplecomfabric","embeddable":true,"href":"https:\/\/theinvisiblecollection.com\/fr\/wp-json\/wp\/v2\/samplecomfabric?post=1309935"},{"taxonomy":"clubroom_product_designer","embeddable":true,"href":"https:\/\/theinvisiblecollection.com\/fr\/wp-json\/wp\/v2\/designer_clubroom?post=1309935"}],"curies":[{"name":"wp","href":"https:\/\/api.w.org\/{rel}","templated":true}]}}