{"id":131010,"date":"2022-04-27T14:32:08","date_gmt":"2022-04-27T13:32:08","guid":{"rendered":"https:\/\/theinvisiblecollection.com\/?post_type=product&#038;p=131010"},"modified":"2026-05-08T04:40:07","modified_gmt":"2026-05-08T04:40:07","slug":"etel-oscar-niemeyer-table-basse-on","status":"publish","type":"product","link":"https:\/\/theinvisiblecollection.com\/fr\/produit\/etel-oscar-niemeyer-table-basse-on\/","title":{"rendered":"Table Ronde ON"},"content":{"rendered":"<p style=\"text-align: justify;\"><span data-contrast=\"auto\">La table \u00e0 manger ON d&#8217;Oscar Niemeyer est n\u00e9e d&#8217;un constat : l\u2019illustre designer pensait que le mobilier des ann\u00e9es 1970 n\u2019\u00e9tait pas en ad\u00e9quation avec l&#8217;esth\u00e9tique architecturale de l&#8217;\u00e9poque. Il s&#8217;est donc attaqu\u00e9 au probl\u00e8me \u00e0 sa mani\u00e8re en concevant lui-m\u00eame de nouveaux meubles. Avec l&#8217;aide de sa fille<\/span><span data-ccp-props=\"{&quot;201341983&quot;:0,&quot;335551550&quot;:0,&quot;335551620&quot;:0,&quot;335559740&quot;:259}\">\u00a0<\/span><span data-contrast=\"auto\">Anna Maria Niemeyer, il a int\u00e9gr\u00e9 des courbes incomparables dans de nouvelles pi\u00e8ces de mobilier. Les lignes courbes qu&#8217;il a cr\u00e9\u00e9es sont pr\u00e9sentes sur chaque pi\u00e8ce de la collection ON, y compris la salle \u00e0 manger ON et sa base sinueuse.<\/span><span data-ccp-props=\"{&quot;201341983&quot;:0,&quot;335551550&quot;:0,&quot;335551620&quot;:0,&quot;335559740&quot;:259}\">\u00a0<\/span><\/p>\n","protected":false},"excerpt":{"rendered":"<p>Dessin\u00e9e par Oscar Niemeyer<br \/>\nR\u00e9\u00e9dit\u00e9e par ETEL<br \/>\nTable ronde en bois laqu\u00e9 noir<\/p>\n<p>Disponible dans deux dimensions :<br \/>\n\u00d8 160 x H 73 cm<br \/>\n\u00d8 180 x H 73 cm<\/p>\n<p class=\"p1\" style=\"text-align: justify;\">Cette pi\u00e8ce est r\u00e9alis\u00e9e \u00e0 la main au Br\u00e9sil, a partir de bois provenant de for\u00eats faisant l\u2019objet d\u2019une gestion durable. Ainsi, nous ne pouvons pas garantir de d\u00e9lais de production actuellement. La production pourrait prendre jusqu\u2019\u00e0 une ann\u00e9e enti\u00e8re. Commandez maintenant pour vous placer en haut de la liste d\u2019attente ou\u00a0<a class=\"notion-link-token notion-enable-hover\" href=\"https:\/\/www.theinvisiblecollection.com\/fr\/demande-de-devis\/?product_id=37005\" target=\"_blank\" rel=\"noopener noreferrer\" data-token-index=\"1\" data-reactroot=\"\"><span class=\"link-annotation-unknown-block-id--18333092\">contactez-nous pour recevoir d\u2019autres propositions.<\/span><\/a><\/p>\n","protected":false},"featured_media":131640,"template":"","meta":{"_acf_changed":false,"content-type":"","_themeisle_gutenberg_block_has_review":false},"product_brand":[],"product_cat":[7509,12503],"product_tag":[11235],"product_designer":[8866],"comfabric":[28854],"manufacturer":[16878],"reporting_designer":[37381],"samplecomfabric":[30448],"designer_clubroom":[],"class_list":{"0":"post-131010","1":"product","2":"type-product","3":"status-publish","4":"has-post-thumbnail","6":"product_cat-tables-basses-dappoint","7":"product_cat-tables-fr","8":"product_tag-reedition-fr-fr","9":"pa_size-grand-fr","10":"pa_size-petit","11":"product_designer-etel-fr","12":"comfabric-etel-atelier-1-fr","13":"manufacturer-etel-atelier-1-fr","14":"reporting_designer-etel","15":"samplecomfabric-etel-fr","17":"first","18":"instock","19":"taxable","20":"shipping-taxable","21":"purchasable","22":"product-type-variable"},"acf":[],"_links":{"self":[{"href":"https:\/\/theinvisiblecollection.com\/fr\/wp-json\/wp\/v2\/product\/131010","targetHints":{"allow":["GET"]}}],"collection":[{"href":"https:\/\/theinvisiblecollection.com\/fr\/wp-json\/wp\/v2\/product"}],"about":[{"href":"https:\/\/theinvisiblecollection.com\/fr\/wp-json\/wp\/v2\/types\/product"}],"wp:featuredmedia":[{"embeddable":true,"href":"https:\/\/theinvisiblecollection.com\/fr\/wp-json\/wp\/v2\/media\/131640"}],"wp:attachment":[{"href":"https:\/\/theinvisiblecollection.com\/fr\/wp-json\/wp\/v2\/media?parent=131010"}],"wp:term":[{"taxonomy":"product_brand","embeddable":true,"href":"https:\/\/theinvisiblecollection.com\/fr\/wp-json\/wp\/v2\/product_brand?post=131010"},{"taxonomy":"product_cat","embeddable":true,"href":"https:\/\/theinvisiblecollection.com\/fr\/wp-json\/wp\/v2\/product_cat?post=131010"},{"taxonomy":"product_tag","embeddable":true,"href":"https:\/\/theinvisiblecollection.com\/fr\/wp-json\/wp\/v2\/product_tag?post=131010"},{"taxonomy":"product_designer","embeddable":true,"href":"https:\/\/theinvisiblecollection.com\/fr\/wp-json\/wp\/v2\/product_designer?post=131010"},{"taxonomy":"comfabric","embeddable":true,"href":"https:\/\/theinvisiblecollection.com\/fr\/wp-json\/wp\/v2\/comfabric?post=131010"},{"taxonomy":"manufacturer","embeddable":true,"href":"https:\/\/theinvisiblecollection.com\/fr\/wp-json\/wp\/v2\/manufacturer?post=131010"},{"taxonomy":"reporting_designer","embeddable":true,"href":"https:\/\/theinvisiblecollection.com\/fr\/wp-json\/wp\/v2\/reporting_designer?post=131010"},{"taxonomy":"samplecomfabric","embeddable":true,"href":"https:\/\/theinvisiblecollection.com\/fr\/wp-json\/wp\/v2\/samplecomfabric?post=131010"},{"taxonomy":"clubroom_product_designer","embeddable":true,"href":"https:\/\/theinvisiblecollection.com\/fr\/wp-json\/wp\/v2\/designer_clubroom?post=131010"}],"curies":[{"name":"wp","href":"https:\/\/api.w.org\/{rel}","templated":true}]}}