{"id":131018,"date":"2022-04-27T14:57:33","date_gmt":"2022-04-27T13:57:33","guid":{"rendered":"https:\/\/theinvisiblecollection.com\/?post_type=product&#038;p=131018"},"modified":"2026-05-08T04:40:07","modified_gmt":"2026-05-08T04:40:07","slug":"etel-oscar-niemeyer-bureau-on","status":"publish","type":"product","link":"https:\/\/theinvisiblecollection.com\/fr\/produit\/etel-oscar-niemeyer-bureau-on\/","title":{"rendered":"Bureau ON"},"content":{"rendered":"<p style=\"text-align: justify;\"><span class=\"TextRun SCXW42259424 BCX0\" lang=\"EN-GB\" xml:lang=\"EN-GB\" data-contrast=\"auto\"><span class=\"NormalTextRun SCXW42259424 BCX0\">Le bureau ON <\/span><span class=\"NormalTextRun SpellingErrorV2 SCXW42259424 BCX0\">d&#8217;Oscar<\/span><span class=\"NormalTextRun SCXW42259424 BCX0\"> Niemeyer <\/span><span class=\"NormalTextRun SpellingErrorV2 SCXW42259424 BCX0\">est<\/span><span class=\"NormalTextRun SCXW42259424 BCX0\"> n\u00e9 d\u2019un <\/span><span class=\"NormalTextRun SpellingErrorV2 SCXW42259424 BCX0\">constat<\/span><span class=\"NormalTextRun SCXW42259424 BCX0\"> du grand <\/span><span class=\"NormalTextRun ContextualSpellingAndGrammarErrorV2 SCXW42259424 BCX0\">designer :<\/span><span class=\"NormalTextRun SCXW42259424 BCX0\"> il <\/span><span class=\"NormalTextRun SpellingErrorV2 SCXW42259424 BCX0\">pensait<\/span><span class=\"NormalTextRun SCXW42259424 BCX0\"> que le mobilier des <\/span><span class=\"NormalTextRun SpellingErrorV2 SCXW42259424 BCX0\">ann\u00e9es<\/span><span class=\"NormalTextRun SCXW42259424 BCX0\"> 1970 <\/span><span class=\"NormalTextRun SpellingErrorV2 SCXW42259424 BCX0\">n\u2019\u00e9tait<\/span><span class=\"NormalTextRun SCXW42259424 BCX0\"> pas <\/span><span class=\"NormalTextRun SpellingErrorV2 SCXW42259424 BCX0\">en<\/span> <span class=\"NormalTextRun SpellingErrorV2 SCXW42259424 BCX0\">ad\u00e9quation<\/span><span class=\"NormalTextRun SCXW42259424 BCX0\"> avec <\/span><span class=\"NormalTextRun SpellingErrorV2 SCXW42259424 BCX0\">l&#8217;esth\u00e9tique<\/span> <span class=\"NormalTextRun SpellingErrorV2 SCXW42259424 BCX0\">architecturale<\/span><span class=\"NormalTextRun SCXW42259424 BCX0\"> de <\/span><span class=\"NormalTextRun SpellingErrorV2 SCXW42259424 BCX0\">l&#8217;\u00e9poque<\/span><span class=\"NormalTextRun SCXW42259424 BCX0\">. Il <\/span><span class=\"NormalTextRun SpellingErrorV2 SCXW42259424 BCX0\">s&#8217;est<\/span> <span class=\"NormalTextRun SpellingErrorV2 SCXW42259424 BCX0\">donc<\/span> <span class=\"NormalTextRun SpellingErrorV2 SCXW42259424 BCX0\">attaqu\u00e9<\/span><span class=\"NormalTextRun SCXW42259424 BCX0\"> au <\/span><span class=\"NormalTextRun SpellingErrorV2 SCXW42259424 BCX0\">probl\u00e8me<\/span><span class=\"NormalTextRun SCXW42259424 BCX0\"> \u00e0 <\/span><span class=\"NormalTextRun SpellingErrorV2 SCXW42259424 BCX0\">sa<\/span><span class=\"NormalTextRun SCXW42259424 BCX0\"> mani\u00e8re <\/span><span class=\"NormalTextRun SpellingErrorV2 SCXW42259424 BCX0\">en<\/span> <span class=\"NormalTextRun SpellingErrorV2 SCXW42259424 BCX0\">concevant<\/span> <span class=\"NormalTextRun SpellingErrorV2 SCXW42259424 BCX0\">lui-m\u00eame<\/span><span class=\"NormalTextRun SCXW42259424 BCX0\"> de nouveaux <\/span><span class=\"NormalTextRun SpellingErrorV2 SCXW42259424 BCX0\">meubles<\/span><span class=\"NormalTextRun SCXW42259424 BCX0\">. <\/span><span class=\"NormalTextRun SpellingErrorV2 SCXW42259424 BCX0\">Ainsi<\/span><span class=\"NormalTextRun SCXW42259424 BCX0\">, <\/span><span class=\"NormalTextRun SpellingErrorV2 SCXW42259424 BCX0\">ses<\/span> <span class=\"NormalTextRun SpellingErrorV2 SCXW42259424 BCX0\">lignes<\/span> <span class=\"NormalTextRun SpellingErrorV2 SCXW42259424 BCX0\">courbes<\/span> <span class=\"NormalTextRun SpellingErrorV2 SCXW42259424 BCX0\">caract\u00e9ristiques<\/span> <span class=\"NormalTextRun SpellingErrorV2 SCXW42259424 BCX0\">sont<\/span> <span class=\"NormalTextRun SpellingErrorV2 SCXW42259424 BCX0\">pr\u00e9sentes<\/span><span class=\"NormalTextRun SCXW42259424 BCX0\"> sur <\/span><span class=\"NormalTextRun SpellingErrorV2 SCXW42259424 BCX0\">chaque<\/span><span class=\"NormalTextRun SCXW42259424 BCX0\"> pi\u00e8ce de la collection ON, y <\/span><span class=\"NormalTextRun SpellingErrorV2 SCXW42259424 BCX0\">compris<\/span><span class=\"NormalTextRun SCXW42259424 BCX0\"> sur le bureau ON et <\/span><span class=\"NormalTextRun SpellingErrorV2 SCXW42259424 BCX0\">notamment<\/span><span class=\"NormalTextRun SCXW42259424 BCX0\"> les <\/span><span class=\"NormalTextRun SpellingErrorV2 SCXW42259424 BCX0\">courbes<\/span><span class=\"NormalTextRun SCXW42259424 BCX0\"> qui <\/span><span class=\"NormalTextRun SpellingErrorV2 SCXW42259424 BCX0\">encadrent<\/span><span class=\"NormalTextRun SCXW42259424 BCX0\"> le plateau. Cette pi\u00e8ce a <\/span><span class=\"NormalTextRun SpellingErrorV2 SCXW42259424 BCX0\">\u00e9t\u00e9<\/span> <span class=\"NormalTextRun SpellingErrorV2 SCXW42259424 BCX0\">cr\u00e9\u00e9e<\/span><span class=\"NormalTextRun SCXW42259424 BCX0\"> dans les <\/span><span class=\"NormalTextRun SpellingErrorV2 SCXW42259424 BCX0\">ann\u00e9es<\/span><span class=\"NormalTextRun SCXW42259424 BCX0\"> 1980, dans le cadre <\/span><span class=\"NormalTextRun SpellingErrorV2 SCXW42259424 BCX0\">d&#8217;une<\/span> <span class=\"NormalTextRun SpellingErrorV2 SCXW42259424 BCX0\">commande<\/span><span class=\"NormalTextRun SCXW42259424 BCX0\"> pour <\/span><span class=\"NormalTextRun SpellingErrorV2 SCXW42259424 BCX0\">l&#8217;h\u00f4tel<\/span> <span class=\"NormalTextRun SpellingErrorV2 SCXW42259424 BCX0\">Sesc<\/span><span class=\"NormalTextRun SCXW42259424 BCX0\"> \u00e0 Rio de Janeiro.<\/span><\/span><span class=\"EOP SCXW42259424 BCX0\" data-ccp-props=\"{&quot;201341983&quot;:0,&quot;335551550&quot;:0,&quot;335551620&quot;:0,&quot;335559740&quot;:259}\">\u00a0<\/span><\/p>\n","protected":false},"excerpt":{"rendered":"<p>Dessin\u00e9 par Oscar Niemeyer<br \/>\nR\u00e9\u00e9dit\u00e9 par ETEL<br \/>\nBureau en bois naturel Pau Ferro<br \/>\n<span style=\"text-decoration: underline;\"><a href=\"https:\/\/theinvisiblecollection.com\/wp-content\/uploads\/2022\/04\/TheInvisibleCollection_Etel_OScar_Niemeyer_WoodSelection.pdf\" target=\"_blank\" rel=\"noopener\">D\u00e9couvrez la s\u00e9lection de bois ici<\/a><\/span><\/p>\n<p>L 60 x l 190 x 83 cm<\/p>\n<p style=\"text-align: justify;\">Cette pi\u00e8ce est r\u00e9alis\u00e9e \u00e0 la main au Br\u00e9sil, a partir de bois provenant de for\u00eats faisant l\u2019objet d\u2019une gestion durable. Ainsi, nous ne pouvons pas garantir de d\u00e9lais de production actuellement. La production pourrait prendre jusqu\u2019\u00e0 une ann\u00e9e enti\u00e8re. Commandez maintenant pour vous placer en haut de la liste d\u2019attente ou\u00a0<a class=\"notion-link-token notion-enable-hover\" href=\"https:\/\/www.theinvisiblecollection.com\/fr\/demande-de-devis\/?product_id=37005\" target=\"_blank\" rel=\"noopener noreferrer\" data-token-index=\"1\" data-reactroot=\"\"><span class=\"link-annotation-unknown-block-id--18333092\">contactez-nous pour recevoir d\u2019autres propositions.<\/span><\/a><\/p>\n","protected":false},"featured_media":131553,"template":"","meta":{"_acf_changed":false,"content-type":"","_themeisle_gutenberg_block_has_review":false},"product_brand":[],"product_cat":[7704,12503],"product_tag":[11235,11335],"product_designer":[8866,17242],"comfabric":[28854],"manufacturer":[16878],"reporting_designer":[37381],"samplecomfabric":[30448],"designer_clubroom":[],"class_list":{"0":"post-131018","1":"product","2":"type-product","3":"status-publish","4":"has-post-thumbnail","6":"product_cat-bureaux-fr","7":"product_cat-tables-fr","8":"product_tag-reedition-fr-fr","9":"product_tag-eco-design","10":"product_designer-etel-fr","11":"product_designer-oscar-niemeyer-par-etel","12":"comfabric-etel-atelier-1-fr","13":"manufacturer-etel-atelier-1-fr","14":"reporting_designer-etel","15":"samplecomfabric-etel-fr","17":"first","18":"instock","19":"taxable","20":"shipping-taxable","21":"purchasable","22":"product-type-variable"},"acf":[],"_links":{"self":[{"href":"https:\/\/theinvisiblecollection.com\/fr\/wp-json\/wp\/v2\/product\/131018","targetHints":{"allow":["GET"]}}],"collection":[{"href":"https:\/\/theinvisiblecollection.com\/fr\/wp-json\/wp\/v2\/product"}],"about":[{"href":"https:\/\/theinvisiblecollection.com\/fr\/wp-json\/wp\/v2\/types\/product"}],"wp:featuredmedia":[{"embeddable":true,"href":"https:\/\/theinvisiblecollection.com\/fr\/wp-json\/wp\/v2\/media\/131553"}],"wp:attachment":[{"href":"https:\/\/theinvisiblecollection.com\/fr\/wp-json\/wp\/v2\/media?parent=131018"}],"wp:term":[{"taxonomy":"product_brand","embeddable":true,"href":"https:\/\/theinvisiblecollection.com\/fr\/wp-json\/wp\/v2\/product_brand?post=131018"},{"taxonomy":"product_cat","embeddable":true,"href":"https:\/\/theinvisiblecollection.com\/fr\/wp-json\/wp\/v2\/product_cat?post=131018"},{"taxonomy":"product_tag","embeddable":true,"href":"https:\/\/theinvisiblecollection.com\/fr\/wp-json\/wp\/v2\/product_tag?post=131018"},{"taxonomy":"product_designer","embeddable":true,"href":"https:\/\/theinvisiblecollection.com\/fr\/wp-json\/wp\/v2\/product_designer?post=131018"},{"taxonomy":"comfabric","embeddable":true,"href":"https:\/\/theinvisiblecollection.com\/fr\/wp-json\/wp\/v2\/comfabric?post=131018"},{"taxonomy":"manufacturer","embeddable":true,"href":"https:\/\/theinvisiblecollection.com\/fr\/wp-json\/wp\/v2\/manufacturer?post=131018"},{"taxonomy":"reporting_designer","embeddable":true,"href":"https:\/\/theinvisiblecollection.com\/fr\/wp-json\/wp\/v2\/reporting_designer?post=131018"},{"taxonomy":"samplecomfabric","embeddable":true,"href":"https:\/\/theinvisiblecollection.com\/fr\/wp-json\/wp\/v2\/samplecomfabric?post=131018"},{"taxonomy":"clubroom_product_designer","embeddable":true,"href":"https:\/\/theinvisiblecollection.com\/fr\/wp-json\/wp\/v2\/designer_clubroom?post=131018"}],"curies":[{"name":"wp","href":"https:\/\/api.w.org\/{rel}","templated":true}]}}