{"id":131242,"date":"2022-04-28T14:00:41","date_gmt":"2022-04-28T13:00:41","guid":{"rendered":"https:\/\/theinvisiblecollection.com\/?post_type=product&#038;p=131242"},"modified":"2026-05-01T07:38:54","modified_gmt":"2026-05-01T07:38:54","slug":"etel-oscar-niemeyer-canape-on","status":"publish","type":"product","link":"https:\/\/theinvisiblecollection.com\/fr\/produit\/etel-oscar-niemeyer-canape-on\/","title":{"rendered":"Canap\u00e9 ON"},"content":{"rendered":"<p style=\"text-align: justify;\"><span class=\"TextRun SCXW50786238 BCX0\" lang=\"EN-GB\" xml:lang=\"EN-GB\" data-contrast=\"auto\"><span class=\"NormalTextRun SCXW50786238 BCX0\">Le canap\u00e9 ON <\/span><span class=\"NormalTextRun SpellingErrorV2 SCXW50786238 BCX0\">d&#8217;Oscar<\/span><span class=\"NormalTextRun SCXW50786238 BCX0\"> Niemeyer a <\/span><span class=\"NormalTextRun SpellingErrorV2 SCXW50786238 BCX0\">\u00e9t\u00e9<\/span> <span class=\"NormalTextRun SpellingErrorV2 SCXW50786238 BCX0\">sp\u00e9cialement<\/span> <span class=\"NormalTextRun SpellingErrorV2 SCXW50786238 BCX0\">cr\u00e9\u00e9<\/span><span class=\"NormalTextRun SCXW50786238 BCX0\"> pour <\/span><span class=\"NormalTextRun SpellingErrorV2 SCXW50786238 BCX0\">l&#8217;h\u00f4tel<\/span> <span class=\"NormalTextRun SpellingErrorV2 SCXW50786238 BCX0\">Sesc<\/span><span class=\"NormalTextRun SCXW50786238 BCX0\"> de Copacabana. <\/span><span class=\"NormalTextRun SpellingErrorV2 SCXW50786238 BCX0\">S&#8217;inspirant<\/span><span class=\"NormalTextRun SCXW50786238 BCX0\"> de <\/span><span class=\"NormalTextRun SpellingErrorV2 SCXW50786238 BCX0\">l&#8217;esth\u00e9tique<\/span> <span class=\"NormalTextRun SpellingErrorV2 SCXW50786238 BCX0\">moderniste<\/span><span class=\"NormalTextRun SCXW50786238 BCX0\"> et de <\/span><span class=\"NormalTextRun SpellingErrorV2 SCXW50786238 BCX0\">ses<\/span> <span class=\"NormalTextRun SpellingErrorV2 SCXW50786238 BCX0\">formes<\/span><span class=\"NormalTextRun SCXW50786238 BCX0\"> simples, Oscar Niemeyer a <\/span><span class=\"NormalTextRun SpellingErrorV2 SCXW50786238 BCX0\">modifi\u00e9<\/span><span class=\"NormalTextRun SCXW50786238 BCX0\"> le design <\/span><span class=\"NormalTextRun SpellingErrorV2 SCXW50786238 BCX0\">en<\/span> <span class=\"NormalTextRun SpellingErrorV2 SCXW50786238 BCX0\">ajoutant<\/span> <span class=\"NormalTextRun SpellingErrorV2 SCXW50786238 BCX0\">ses<\/span> <span class=\"NormalTextRun SpellingErrorV2 SCXW50786238 BCX0\">courbes<\/span> <span class=\"NormalTextRun SpellingErrorV2 SCXW50786238 BCX0\">caract\u00e9ristiques<\/span><span class=\"NormalTextRun SCXW50786238 BCX0\"> au cadre pour <\/span><span class=\"NormalTextRun SpellingErrorV2 SCXW50786238 BCX0\">lui<\/span><span class=\"NormalTextRun SCXW50786238 BCX0\"> donner plus de <\/span><span class=\"NormalTextRun SpellingErrorV2 SCXW50786238 BCX0\">confort<\/span><span class=\"NormalTextRun SCXW50786238 BCX0\"> et le <\/span><span class=\"NormalTextRun SpellingErrorV2 SCXW50786238 BCX0\">rendre<\/span><span class=\"NormalTextRun SCXW50786238 BCX0\"> plus <\/span><span class=\"NormalTextRun SpellingErrorV2 SCXW50786238 BCX0\">accueillant<\/span><span class=\"NormalTextRun SCXW50786238 BCX0\">.<\/span><\/span><span class=\"EOP SCXW50786238 BCX0\" data-ccp-props=\"{&quot;201341983&quot;:0,&quot;335551550&quot;:0,&quot;335551620&quot;:0,&quot;335559740&quot;:259}\">\u00a0<\/span><\/p>\n","protected":false},"excerpt":{"rendered":"<p>Dessin\u00e9 par Oscar Niemeyer<br \/>\nR\u00e9\u00e9dit\u00e9 par ETEL<br \/>\nCanap\u00e9 photographi\u00e9 ici en tissu Nubby Offwhite<br \/>\n<span style=\"text-decoration: underline;\"><a href=\"https:\/\/theinvisiblecollection.com\/wp-content\/uploads\/2022\/10\/TheInvisibleCollection_Etel_OScar_Niemeyer_Fabric_Selection_ON_Sofa.pdf\" target=\"_blank\" rel=\"noopener\">D\u00e9couvrez la s\u00e9lection de tissus ici<\/a><\/span><br \/>\n<a href=\"https:\/\/theinvisiblecollection.com\/wp-content\/uploads\/2022\/10\/TheInvisibleCollection_Etel_Oscar_Niemeyer_Leather_Selection_ON_Sofa.jpg\" target=\"_blank\" rel=\"noopener\"><span style=\"text-decoration: underline;\">D\u00e9couvrez la s\u00e9lection de cuirs ici<\/span><\/a><br \/>\nStructure en noyer am\u00e9ricain teint\u00e9<br \/>\n<span style=\"text-decoration: underline;\"><a href=\"https:\/\/theinvisiblecollection.com\/wp-content\/uploads\/2022\/04\/TheInvisibleCollection_Etel_OScar_Niemeyer_WoodSelection.pdf\" target=\"_blank\" rel=\"noopener\">D\u00e9couvrez la s\u00e9lection de bois ici<\/a><\/span><br \/>\nTissus sur-mesure sur demande<\/p>\n<p class=\"p1\">Disponible dans deux dimensions :<span class=\"Apple-converted-space\"><br \/>\n<\/span>L 180 x P 85 x H 70 cm<br \/>\nL 245 x P 85 x H 70 cm<br \/>\nHauteur d&#8217;assise : 40 cm<\/p>\n<p style=\"text-align: justify;\">Cette pi\u00e8ce est r\u00e9alis\u00e9e \u00e0 la main au Br\u00e9sil, a partir de bois provenant de for\u00eats faisant l\u2019objet d\u2019une gestion durable. Ainsi, nous ne pouvons pas garantir de d\u00e9lais de production actuellement. La production pourrait prendre jusqu\u2019\u00e0 une ann\u00e9e enti\u00e8re. Commandez maintenant pour vous placer en haut de la liste d\u2019attente ou\u00a0<a class=\"notion-link-token notion-enable-hover\" href=\"https:\/\/www.theinvisiblecollection.com\/fr\/demande-de-devis\/?product_id=37005\" target=\"_blank\" rel=\"noopener noreferrer\" data-token-index=\"1\" data-reactroot=\"\"><span class=\"link-annotation-unknown-block-id--18333092\">contactez-nous pour recevoir d\u2019autres propositions.<\/span><\/a><\/p>\n","protected":false},"featured_media":131272,"template":"","meta":{"_acf_changed":false,"content-type":"","_themeisle_gutenberg_block_has_review":false},"product_brand":[],"product_cat":[12499,8976],"product_tag":[11335,11235],"product_designer":[17242,8866],"comfabric":[28854],"manufacturer":[16878],"reporting_designer":[37381],"samplecomfabric":[30448],"designer_clubroom":[],"class_list":{"0":"post-131242","1":"product","2":"type-product","3":"status-publish","4":"has-post-thumbnail","6":"product_cat-assises","7":"product_cat-canapes","8":"product_tag-eco-design","9":"product_tag-reedition-fr-fr","10":"pa_size-l-280-x-l-100-x-h-80-fr","11":"pa_size-petit","12":"product_designer-oscar-niemeyer-par-etel","13":"product_designer-etel-fr","14":"comfabric-etel-atelier-1-fr","15":"manufacturer-etel-atelier-1-fr","16":"reporting_designer-etel","17":"samplecomfabric-etel-fr","18":"exhibitions-londres-fr","20":"first","21":"instock","22":"taxable","23":"shipping-taxable","24":"purchasable","25":"product-type-variable"},"acf":[],"_links":{"self":[{"href":"https:\/\/theinvisiblecollection.com\/fr\/wp-json\/wp\/v2\/product\/131242","targetHints":{"allow":["GET"]}}],"collection":[{"href":"https:\/\/theinvisiblecollection.com\/fr\/wp-json\/wp\/v2\/product"}],"about":[{"href":"https:\/\/theinvisiblecollection.com\/fr\/wp-json\/wp\/v2\/types\/product"}],"wp:featuredmedia":[{"embeddable":true,"href":"https:\/\/theinvisiblecollection.com\/fr\/wp-json\/wp\/v2\/media\/131272"}],"wp:attachment":[{"href":"https:\/\/theinvisiblecollection.com\/fr\/wp-json\/wp\/v2\/media?parent=131242"}],"wp:term":[{"taxonomy":"product_brand","embeddable":true,"href":"https:\/\/theinvisiblecollection.com\/fr\/wp-json\/wp\/v2\/product_brand?post=131242"},{"taxonomy":"product_cat","embeddable":true,"href":"https:\/\/theinvisiblecollection.com\/fr\/wp-json\/wp\/v2\/product_cat?post=131242"},{"taxonomy":"product_tag","embeddable":true,"href":"https:\/\/theinvisiblecollection.com\/fr\/wp-json\/wp\/v2\/product_tag?post=131242"},{"taxonomy":"product_designer","embeddable":true,"href":"https:\/\/theinvisiblecollection.com\/fr\/wp-json\/wp\/v2\/product_designer?post=131242"},{"taxonomy":"comfabric","embeddable":true,"href":"https:\/\/theinvisiblecollection.com\/fr\/wp-json\/wp\/v2\/comfabric?post=131242"},{"taxonomy":"manufacturer","embeddable":true,"href":"https:\/\/theinvisiblecollection.com\/fr\/wp-json\/wp\/v2\/manufacturer?post=131242"},{"taxonomy":"reporting_designer","embeddable":true,"href":"https:\/\/theinvisiblecollection.com\/fr\/wp-json\/wp\/v2\/reporting_designer?post=131242"},{"taxonomy":"samplecomfabric","embeddable":true,"href":"https:\/\/theinvisiblecollection.com\/fr\/wp-json\/wp\/v2\/samplecomfabric?post=131242"},{"taxonomy":"clubroom_product_designer","embeddable":true,"href":"https:\/\/theinvisiblecollection.com\/fr\/wp-json\/wp\/v2\/designer_clubroom?post=131242"}],"curies":[{"name":"wp","href":"https:\/\/api.w.org\/{rel}","templated":true}]}}