{"id":131812,"date":"2022-05-02T14:57:05","date_gmt":"2022-05-02T13:57:05","guid":{"rendered":"https:\/\/theinvisiblecollection.com\/?post_type=product&#038;p=131812"},"modified":"2026-05-01T07:38:54","modified_gmt":"2026-05-01T07:38:54","slug":"thierry-lemaire-table-basse-icarus","status":"publish","type":"product","link":"https:\/\/theinvisiblecollection.com\/fr\/produit\/thierry-lemaire-table-basse-icarus\/","title":{"rendered":"Table Basse Icarus"},"content":{"rendered":"","protected":false},"excerpt":{"rendered":"<p>Table basse photographi\u00e9e ici avec plateau en \u00e9pic\u00e9a bross\u00e9<br \/>\n\u00c9galement disponible avec un plateau en \u00e9b\u00e8ne de Macassar brillant ou en orme bross\u00e9<br \/>\n<a href=\"https:\/\/theinvisiblecollection.com\/wp-content\/uploads\/2022\/05\/TheInvisibleCollection_ThierryLemaire_WoodSelection_IcarusCoffeeTable.pdf\" target=\"_blank\" rel=\"noopener\"><span style=\"text-decoration: underline;\">D\u00e9couvrez la s\u00e9lection de bois ici<\/span><\/a><br \/>\nInsert en cuivre poli<br \/>\nPieds en laiton bross\u00e9, \u00e9galement disponibles en m\u00e9tal noir<\/p>\n<p>Deux dimensions disponibles :<br \/>\nL 140 x l 70 x H 38 cm<br \/>\nL 160 x l 85 x H 38 cm<\/p>\n<p>Fabriqu\u00e9e \u00e0 la main en France<br \/>\nD\u00e9lais de fabrication : 14 &#8211; 16 semaines<\/p>\n<p class=\"p1\"><span style=\"text-decoration: underline;\"><span class=\"s1\"><a href=\"https:\/\/theinvisiblecollection.com\/fr\/demande-de-devis\/?product_id=131812\" target=\"_blank\" rel=\"noopener\">Contactez-nous pour toute demande de devis ou de renseignements<\/a><\/span><\/span><\/p>\n","protected":false},"featured_media":3852787,"template":"","meta":{"_acf_changed":false,"content-type":"","_themeisle_gutenberg_block_has_review":false},"product_brand":[],"product_cat":[7509,12503],"product_tag":[35206],"product_designer":[8875],"comfabric":[29410],"manufacturer":[19271],"reporting_designer":[37175],"samplecomfabric":[30460],"designer_clubroom":[],"class_list":{"0":"post-131812","1":"product","2":"type-product","3":"status-publish","4":"has-post-thumbnail","6":"product_cat-tables-basses-dappoint","7":"product_cat-tables-fr","8":"product_tag-exclusive-fr","9":"pa_material-plateau-en-bois-depicea-brosse-pieds-en-acier-noirci","10":"pa_material-plateau-en-bois-tamo-mat-pieds-en-laiton-brosse","11":"pa_material-plateau-en-ebene-de-macassar-brillant-pieds-en-acier-noirci","12":"pa_size-l-280-x-l-100-x-h-80-fr","13":"pa_size-petit","14":"product_designer-thierry-lemaire-fr","15":"comfabric-thierry-lemaire-fr","16":"manufacturer-plateforme-logistique-sogaris-fr","17":"reporting_designer-thierry-lemaire","18":"samplecomfabric-thierry-lemaire-fr","19":"exhibitions-new-york-fr","21":"first","22":"instock","23":"taxable","24":"shipping-taxable","25":"purchasable","26":"product-type-variable"},"acf":[],"_links":{"self":[{"href":"https:\/\/theinvisiblecollection.com\/fr\/wp-json\/wp\/v2\/product\/131812","targetHints":{"allow":["GET"]}}],"collection":[{"href":"https:\/\/theinvisiblecollection.com\/fr\/wp-json\/wp\/v2\/product"}],"about":[{"href":"https:\/\/theinvisiblecollection.com\/fr\/wp-json\/wp\/v2\/types\/product"}],"wp:featuredmedia":[{"embeddable":true,"href":"https:\/\/theinvisiblecollection.com\/fr\/wp-json\/wp\/v2\/media\/3852787"}],"wp:attachment":[{"href":"https:\/\/theinvisiblecollection.com\/fr\/wp-json\/wp\/v2\/media?parent=131812"}],"wp:term":[{"taxonomy":"product_brand","embeddable":true,"href":"https:\/\/theinvisiblecollection.com\/fr\/wp-json\/wp\/v2\/product_brand?post=131812"},{"taxonomy":"product_cat","embeddable":true,"href":"https:\/\/theinvisiblecollection.com\/fr\/wp-json\/wp\/v2\/product_cat?post=131812"},{"taxonomy":"product_tag","embeddable":true,"href":"https:\/\/theinvisiblecollection.com\/fr\/wp-json\/wp\/v2\/product_tag?post=131812"},{"taxonomy":"product_designer","embeddable":true,"href":"https:\/\/theinvisiblecollection.com\/fr\/wp-json\/wp\/v2\/product_designer?post=131812"},{"taxonomy":"comfabric","embeddable":true,"href":"https:\/\/theinvisiblecollection.com\/fr\/wp-json\/wp\/v2\/comfabric?post=131812"},{"taxonomy":"manufacturer","embeddable":true,"href":"https:\/\/theinvisiblecollection.com\/fr\/wp-json\/wp\/v2\/manufacturer?post=131812"},{"taxonomy":"reporting_designer","embeddable":true,"href":"https:\/\/theinvisiblecollection.com\/fr\/wp-json\/wp\/v2\/reporting_designer?post=131812"},{"taxonomy":"samplecomfabric","embeddable":true,"href":"https:\/\/theinvisiblecollection.com\/fr\/wp-json\/wp\/v2\/samplecomfabric?post=131812"},{"taxonomy":"clubroom_product_designer","embeddable":true,"href":"https:\/\/theinvisiblecollection.com\/fr\/wp-json\/wp\/v2\/designer_clubroom?post=131812"}],"curies":[{"name":"wp","href":"https:\/\/api.w.org\/{rel}","templated":true}]}}