{"id":1320975,"date":"2024-09-09T08:53:39","date_gmt":"2024-09-09T08:53:39","guid":{"rendered":"https:\/\/theinvisiblecollection.com\/?post_type=product&#038;p=1320975"},"modified":"2026-05-01T07:38:24","modified_gmt":"2026-05-01T07:38:24","slug":"studio-mtx-boule-disco-alpha-centauri-or-rose","status":"publish","type":"product","link":"https:\/\/theinvisiblecollection.com\/fr\/produit\/studio-mtx-boule-disco-alpha-centauri-or-rose\/","title":{"rendered":"Discoball Alpha Centauri Or Rose"},"content":{"rendered":"<p>La collection de discoballs Alpha Centauri tire son nom du syst\u00e8me plan\u00e9taire le plus proche de la Terre. Con\u00e7u par le Studio MTX sous la direction artistique de Mathieu Bass\u00e9e, son design audacieux cache un v\u00e9ritable tour de force puisqu\u2019il s\u2019agit d\u2019un volume totalement vide. Son dessin singulier se situe quelque part entre l\u2019Etoile Noire de George Lucas et les d\u00f4mes g\u00e9od\u00e9siques de Buckminster Fuller. Non seulement la discoball renvoie de la lumi\u00e8re lorsqu\u2019elle est \u00e9clair\u00e9<b data-stringify-type=\"bold\">e<\/b>\u00a0par des projecteurs, mais sa surface d\u00e9licatement cisel\u00e9e en fait un objet d\u00e9coratif aussi hypnotique qu\u2019\u00e9l\u00e9gant.<br \/>\nCopyright : Montex \/ Studio MTX 2022<br \/>\nCr\u00e9dit photo : Cecil Mathieu<\/p>\n","protected":false},"excerpt":{"rendered":"<p>Discoball compos\u00e9e de triangles miroir en PMMA enti\u00e8rement assembl\u00e9s \u00e0 la main, \u00e0 l&#8217;aide de connexions imprim\u00e9es en 3D et de vis en laiton massif<br \/>\nDisponible en <a href=\"https:\/\/theinvisiblecollection.com\/fr\/produit\/studio-mtx-boule-disco-alpha-centauri-chrome\/\" target=\"_blank\" rel=\"noopener\"><span style=\"text-decoration: underline;\">chrome<\/span><\/a>, <a href=\"https:\/\/theinvisiblecollection.com\/fr\/produit\/studio-mtx-boule-disco-alpha-centauri-or\/\" target=\"_blank\" rel=\"noopener\"><span style=\"text-decoration: underline;\">or<\/span><\/a>, <a href=\"https:\/\/theinvisiblecollection.com\/fr\/produit\/studio-mtx-boule-disco-alpha-centauri-bleu-noir\/\" target=\"_blank\" rel=\"noopener\"><span style=\"text-decoration: underline;\">bleu noir<\/span><\/a>\u00a0et <a href=\"https:\/\/theinvisiblecollection.com\/fr\/produit\/studio-mtx-boule-disco-alpha-centauri-brun\/\" target=\"_blank\" rel=\"noopener\"><span style=\"text-decoration: underline;\">brun<\/span><\/a><br \/>\n<a href=\"https:\/\/theinvisiblecollection.com\/wp-content\/uploads\/2022\/12\/TheInvisibleCollection_StudioMTX_Colour-Selection_Discoball.pdf\" target=\"_blank\" rel=\"noopener\"><span style=\"text-decoration: underline;\">D\u00e9couvrez la s\u00e9lection de couleurs ici<\/span><\/a><br \/>\nFil d&#8217;acier et auvent assortis \u00e0 la couleur de la discoball<br \/>\nVitesse de rotation recommand\u00e9e du moteur 3RPM, 110V \u00e0 160V<br \/>\nProjecteur et moteur non inclus<\/p>\n<p>\u00d8 60 cm<br \/>\nFil d&#8217;acier : 2 m<\/p>\n<p>Fabriqu\u00e9e \u00e0 la main en France<br \/>\nD\u00e9lais de fabrication : 6 &#8211; 8 semaines<\/p>\n<p><span style=\"text-decoration: underline;\"><a href=\"https:\/\/www.theinvisiblecollection.com\/fr\/demande-de-devis\/?product_id=1320301\" target=\"_blank\" rel=\"noopener\">Contactez-nous pour toute demande de devis ou de renseignements<\/a><\/span><\/p>\n","protected":false},"featured_media":1320563,"template":"","meta":{"_acf_changed":false,"content-type":"","_themeisle_gutenberg_block_has_review":false},"product_brand":[],"product_cat":[7517,8961,12507,12531],"product_tag":[14925,22790,31476,31477],"product_designer":[20420],"comfabric":[],"manufacturer":[20424],"reporting_designer":[37707],"samplecomfabric":[],"designer_clubroom":[],"class_list":{"0":"post-1320975","1":"product","2":"type-product","3":"status-publish","4":"has-post-thumbnail","6":"product_cat-deco-fr","7":"product_cat-suspensions","8":"product_cat-luminaires","9":"product_cat-objets-de-decoration","10":"product_tag-hpfav-fr","11":"product_tag-disponible-immediatement","12":"product_tag-st-collectible-fr","13":"product_tag-st-curvy-fr","14":"product_designer-studio-mtx-fr","15":"manufacturer-19m-studio-mtx-fr","16":"reporting_designer-studio-mtx","17":"exhibitions-los-angeles-fr","19":"first","20":"instock","21":"taxable","22":"shipping-taxable","23":"purchasable","24":"product-type-variable"},"acf":[],"_links":{"self":[{"href":"https:\/\/theinvisiblecollection.com\/fr\/wp-json\/wp\/v2\/product\/1320975","targetHints":{"allow":["GET"]}}],"collection":[{"href":"https:\/\/theinvisiblecollection.com\/fr\/wp-json\/wp\/v2\/product"}],"about":[{"href":"https:\/\/theinvisiblecollection.com\/fr\/wp-json\/wp\/v2\/types\/product"}],"wp:featuredmedia":[{"embeddable":true,"href":"https:\/\/theinvisiblecollection.com\/fr\/wp-json\/wp\/v2\/media\/1320563"}],"wp:attachment":[{"href":"https:\/\/theinvisiblecollection.com\/fr\/wp-json\/wp\/v2\/media?parent=1320975"}],"wp:term":[{"taxonomy":"product_brand","embeddable":true,"href":"https:\/\/theinvisiblecollection.com\/fr\/wp-json\/wp\/v2\/product_brand?post=1320975"},{"taxonomy":"product_cat","embeddable":true,"href":"https:\/\/theinvisiblecollection.com\/fr\/wp-json\/wp\/v2\/product_cat?post=1320975"},{"taxonomy":"product_tag","embeddable":true,"href":"https:\/\/theinvisiblecollection.com\/fr\/wp-json\/wp\/v2\/product_tag?post=1320975"},{"taxonomy":"product_designer","embeddable":true,"href":"https:\/\/theinvisiblecollection.com\/fr\/wp-json\/wp\/v2\/product_designer?post=1320975"},{"taxonomy":"comfabric","embeddable":true,"href":"https:\/\/theinvisiblecollection.com\/fr\/wp-json\/wp\/v2\/comfabric?post=1320975"},{"taxonomy":"manufacturer","embeddable":true,"href":"https:\/\/theinvisiblecollection.com\/fr\/wp-json\/wp\/v2\/manufacturer?post=1320975"},{"taxonomy":"reporting_designer","embeddable":true,"href":"https:\/\/theinvisiblecollection.com\/fr\/wp-json\/wp\/v2\/reporting_designer?post=1320975"},{"taxonomy":"samplecomfabric","embeddable":true,"href":"https:\/\/theinvisiblecollection.com\/fr\/wp-json\/wp\/v2\/samplecomfabric?post=1320975"},{"taxonomy":"clubroom_product_designer","embeddable":true,"href":"https:\/\/theinvisiblecollection.com\/fr\/wp-json\/wp\/v2\/designer_clubroom?post=1320975"}],"curies":[{"name":"wp","href":"https:\/\/api.w.org\/{rel}","templated":true}]}}