{"id":132175,"date":"2022-06-06T14:22:56","date_gmt":"2022-06-06T13:22:56","guid":{"rendered":"https:\/\/theinvisiblecollection.com\/?post_type=product&#038;p=132175"},"modified":"2026-05-01T07:38:54","modified_gmt":"2026-05-01T07:38:54","slug":"casa-cabana-lampadaire-cilindro","status":"publish","type":"product","link":"https:\/\/theinvisiblecollection.com\/fr\/produit\/casa-cabana-lampadaire-cilindro\/","title":{"rendered":"Lampe \u00e0 poser Cilindro"},"content":{"rendered":"<p style=\"text-align: justify;\"><span class=\"TextRun SCXW103940108 BCX0\" lang=\"FR\" xml:lang=\"FR\" data-contrast=\"auto\"><span class=\"NormalTextRun SCXW103940108 BCX0\">La lampe \u00e0 poser <\/span><span class=\"NormalTextRun SpellingErrorV2Themed SCXW103940108 BCX0\">Cilindro<\/span><span class=\"NormalTextRun SCXW103940108 BCX0\"> de Cabana est une lampe cylindrique en laiton qui cr\u00e9e un incroyable jeu de lumi\u00e8re. Dot\u00e9e d\u2019une forme simple et \u00e9l\u00e9gante, elle est parfaite plac\u00e9e \u00e0 c\u00f4t\u00e9 d&#8217;un mur pour fournir un effet d&#8217;\u00e9clairage vers le haut.<\/span><\/span><span class=\"EOP SCXW103940108 BCX0\" data-ccp-props=\"{&quot;201341983&quot;:0,&quot;335551550&quot;:0,&quot;335551620&quot;:0,&quot;335559740&quot;:259}\">\u00a0<\/span><\/p>\n","protected":false},"excerpt":{"rendered":"<p>Lampe \u00e0 poser en laiton naturellement vieilli<br \/>\nFinition effet dor\u00e9<\/p>\n<p>\u00d8 20 x H 35 cm<\/p>\n<p>Fabriqu\u00e9e \u00e0 la main en Italie<br \/>\nD\u00e9lais de fabrication : 3 &#8211; 4 semaines<\/p>\n<p class=\"p1\"><span style=\"text-decoration: underline;\"><span class=\"s1\"><a href=\"https:\/\/www.theinvisiblecollection.com\/fr\/demande-de-devis\/?product_id=132175\" target=\"_blank\" rel=\"noopener\">Contactez-nous pour toute demande de devis ou de renseignements<\/a><\/span><\/span><\/p>\n","protected":false},"featured_media":132168,"template":"","meta":{"_acf_changed":false,"content-type":"","_themeisle_gutenberg_block_has_review":false},"product_brand":[],"product_cat":[8966,12507],"product_tag":[31477],"product_designer":[17691],"comfabric":[],"manufacturer":[17689],"reporting_designer":[37743],"samplecomfabric":[],"designer_clubroom":[],"class_list":{"0":"post-132175","1":"product","2":"type-product","3":"status-publish","4":"has-post-thumbnail","6":"product_cat-lampes-sur-pied","7":"product_cat-luminaires","8":"product_tag-st-curvy-fr","9":"product_designer-casa-cabana-fr","10":"manufacturer-casa-cabana-fr","11":"reporting_designer-casa-cabana","13":"first","14":"instock","15":"taxable","16":"shipping-taxable","17":"purchasable","18":"product-type-variable"},"acf":[],"_links":{"self":[{"href":"https:\/\/theinvisiblecollection.com\/fr\/wp-json\/wp\/v2\/product\/132175","targetHints":{"allow":["GET"]}}],"collection":[{"href":"https:\/\/theinvisiblecollection.com\/fr\/wp-json\/wp\/v2\/product"}],"about":[{"href":"https:\/\/theinvisiblecollection.com\/fr\/wp-json\/wp\/v2\/types\/product"}],"wp:featuredmedia":[{"embeddable":true,"href":"https:\/\/theinvisiblecollection.com\/fr\/wp-json\/wp\/v2\/media\/132168"}],"wp:attachment":[{"href":"https:\/\/theinvisiblecollection.com\/fr\/wp-json\/wp\/v2\/media?parent=132175"}],"wp:term":[{"taxonomy":"product_brand","embeddable":true,"href":"https:\/\/theinvisiblecollection.com\/fr\/wp-json\/wp\/v2\/product_brand?post=132175"},{"taxonomy":"product_cat","embeddable":true,"href":"https:\/\/theinvisiblecollection.com\/fr\/wp-json\/wp\/v2\/product_cat?post=132175"},{"taxonomy":"product_tag","embeddable":true,"href":"https:\/\/theinvisiblecollection.com\/fr\/wp-json\/wp\/v2\/product_tag?post=132175"},{"taxonomy":"product_designer","embeddable":true,"href":"https:\/\/theinvisiblecollection.com\/fr\/wp-json\/wp\/v2\/product_designer?post=132175"},{"taxonomy":"comfabric","embeddable":true,"href":"https:\/\/theinvisiblecollection.com\/fr\/wp-json\/wp\/v2\/comfabric?post=132175"},{"taxonomy":"manufacturer","embeddable":true,"href":"https:\/\/theinvisiblecollection.com\/fr\/wp-json\/wp\/v2\/manufacturer?post=132175"},{"taxonomy":"reporting_designer","embeddable":true,"href":"https:\/\/theinvisiblecollection.com\/fr\/wp-json\/wp\/v2\/reporting_designer?post=132175"},{"taxonomy":"samplecomfabric","embeddable":true,"href":"https:\/\/theinvisiblecollection.com\/fr\/wp-json\/wp\/v2\/samplecomfabric?post=132175"},{"taxonomy":"clubroom_product_designer","embeddable":true,"href":"https:\/\/theinvisiblecollection.com\/fr\/wp-json\/wp\/v2\/designer_clubroom?post=132175"}],"curies":[{"name":"wp","href":"https:\/\/api.w.org\/{rel}","templated":true}]}}