{"id":132200,"date":"2022-06-06T14:23:00","date_gmt":"2022-06-06T13:23:00","guid":{"rendered":"https:\/\/theinvisiblecollection.com\/?post_type=product&#038;p=132200"},"modified":"2026-05-01T07:38:54","modified_gmt":"2026-05-01T07:38:54","slug":"casa-cabana-lampadaire-mongiardino","status":"publish","type":"product","link":"https:\/\/theinvisiblecollection.com\/fr\/produit\/casa-cabana-lampadaire-mongiardino\/","title":{"rendered":"Lampadaire Mongiardino"},"content":{"rendered":"<p style=\"text-align: justify;\"><span class=\"TextRun SCXW214143392 BCX0\" lang=\"FR\" xml:lang=\"FR\" data-contrast=\"auto\"><span class=\"NormalTextRun SCXW214143392 BCX0\">Le lampadaire <\/span><span class=\"NormalTextRun SpellingErrorV2Themed SCXW214143392 BCX0\">Mongiardino<\/span><span class=\"NormalTextRun SCXW214143392 BCX0\">, fabriqu\u00e9 par Cabana, a \u00e9t\u00e9 con\u00e7u au d\u00e9but des ann\u00e9es 1970 par Renzo <\/span><span class=\"NormalTextRun SpellingErrorV2Themed SCXW214143392 BCX0\">Mongiardino<\/span><span class=\"NormalTextRun SCXW214143392 BCX0\">. Il propose diff\u00e9rentes finitions et est fabriqu\u00e9 aujourd&#8217;hui selon les dessins originaux du grand architecte.<\/span><\/span><span class=\"EOP SCXW214143392 BCX0\" data-ccp-props=\"{&quot;201341983&quot;:0,&quot;335551550&quot;:0,&quot;335551620&quot;:0,&quot;335559740&quot;:259}\">\u00a0<\/span><\/p>\n","protected":false},"excerpt":{"rendered":"<p>Lampadaire en laiton fonc\u00e9 satin\u00e9<br \/>\nBandes en laiton naturel poli<br \/>\nPlaque et barre tourn\u00e9es en laiton cisel\u00e9<br \/>\nFinitions sur-mesure sur demande<\/p>\n<p>Haut : \u00d8 28 cm<br \/>\nBase : \u00d8 40 cm<br \/>\nHauteur : 200 cm<\/p>\n<p>Fabriqu\u00e9 \u00e0 la main en Italie<br \/>\nD\u00e9lais de fabrication : 3 \u2013 4 semaines<\/p>\n<p class=\"p1\"><span style=\"text-decoration: underline;\"><span class=\"s1\"><a href=\"https:\/\/www.theinvisiblecollection.com\/fr\/demande-de-devis\/?product_id=132200\" target=\"_blank\" rel=\"noopener\">Contactez-nous pour toute demande de devis ou de renseignements<\/a><\/span><\/span><\/p>\n","protected":false},"featured_media":132179,"template":"","meta":{"_acf_changed":false,"content-type":"","_themeisle_gutenberg_block_has_review":false},"product_brand":[],"product_cat":[8966,12507],"product_tag":[31477],"product_designer":[17691],"comfabric":[],"manufacturer":[17689],"reporting_designer":[37743],"samplecomfabric":[],"designer_clubroom":[],"class_list":{"0":"post-132200","1":"product","2":"type-product","3":"status-publish","4":"has-post-thumbnail","6":"product_cat-lampes-sur-pied","7":"product_cat-luminaires","8":"product_tag-st-curvy-fr","9":"product_designer-casa-cabana-fr","10":"manufacturer-casa-cabana-fr","11":"reporting_designer-casa-cabana","13":"first","14":"instock","15":"taxable","16":"shipping-taxable","17":"purchasable","18":"product-type-variable"},"acf":[],"_links":{"self":[{"href":"https:\/\/theinvisiblecollection.com\/fr\/wp-json\/wp\/v2\/product\/132200","targetHints":{"allow":["GET"]}}],"collection":[{"href":"https:\/\/theinvisiblecollection.com\/fr\/wp-json\/wp\/v2\/product"}],"about":[{"href":"https:\/\/theinvisiblecollection.com\/fr\/wp-json\/wp\/v2\/types\/product"}],"wp:featuredmedia":[{"embeddable":true,"href":"https:\/\/theinvisiblecollection.com\/fr\/wp-json\/wp\/v2\/media\/132179"}],"wp:attachment":[{"href":"https:\/\/theinvisiblecollection.com\/fr\/wp-json\/wp\/v2\/media?parent=132200"}],"wp:term":[{"taxonomy":"product_brand","embeddable":true,"href":"https:\/\/theinvisiblecollection.com\/fr\/wp-json\/wp\/v2\/product_brand?post=132200"},{"taxonomy":"product_cat","embeddable":true,"href":"https:\/\/theinvisiblecollection.com\/fr\/wp-json\/wp\/v2\/product_cat?post=132200"},{"taxonomy":"product_tag","embeddable":true,"href":"https:\/\/theinvisiblecollection.com\/fr\/wp-json\/wp\/v2\/product_tag?post=132200"},{"taxonomy":"product_designer","embeddable":true,"href":"https:\/\/theinvisiblecollection.com\/fr\/wp-json\/wp\/v2\/product_designer?post=132200"},{"taxonomy":"comfabric","embeddable":true,"href":"https:\/\/theinvisiblecollection.com\/fr\/wp-json\/wp\/v2\/comfabric?post=132200"},{"taxonomy":"manufacturer","embeddable":true,"href":"https:\/\/theinvisiblecollection.com\/fr\/wp-json\/wp\/v2\/manufacturer?post=132200"},{"taxonomy":"reporting_designer","embeddable":true,"href":"https:\/\/theinvisiblecollection.com\/fr\/wp-json\/wp\/v2\/reporting_designer?post=132200"},{"taxonomy":"samplecomfabric","embeddable":true,"href":"https:\/\/theinvisiblecollection.com\/fr\/wp-json\/wp\/v2\/samplecomfabric?post=132200"},{"taxonomy":"clubroom_product_designer","embeddable":true,"href":"https:\/\/theinvisiblecollection.com\/fr\/wp-json\/wp\/v2\/designer_clubroom?post=132200"}],"curies":[{"name":"wp","href":"https:\/\/api.w.org\/{rel}","templated":true}]}}