{"id":132212,"date":"2022-06-06T14:22:51","date_gmt":"2022-06-06T13:22:51","guid":{"rendered":"https:\/\/theinvisiblecollection.com\/?post_type=product&#038;p=132212"},"modified":"2026-05-01T07:38:54","modified_gmt":"2026-05-01T07:38:54","slug":"casa-cabana-applique-giacomo","status":"publish","type":"product","link":"https:\/\/theinvisiblecollection.com\/fr\/produit\/casa-cabana-applique-giacomo\/","title":{"rendered":"Applique Giacomo"},"content":{"rendered":"<p style=\"text-align: justify;\"><span class=\"TextRun SCXW263610375 BCX0\" lang=\"FR\" xml:lang=\"FR\" data-contrast=\"auto\"><span class=\"NormalTextRun SCXW263610375 BCX0\">L&#8217;applique Giacomo, fabriqu\u00e9e par Cabana, a \u00e9t\u00e9 <\/span><span class=\"NormalTextRun SpellingErrorV2Themed SCXW263610375 BCX0\">d\u00e9sin\u00e9e<\/span><span class=\"NormalTextRun SCXW263610375 BCX0\"> par Renzo <\/span><span class=\"NormalTextRun SpellingErrorV2Themed SCXW263610375 BCX0\">Mongiardino<\/span><span class=\"NormalTextRun SCXW263610375 BCX0\"> pour le restaurant milanais embl\u00e9matique Giacomo. Con\u00e7ue en laiton cisel\u00e9, elle reprend le design du lampadaire sur pied <\/span><span class=\"NormalTextRun SpellingErrorV2Themed SCXW263610375 BCX0\">Mongiardino<\/span><span class=\"NormalTextRun SCXW263610375 BCX0\">.<\/span><\/span><span class=\"EOP SCXW263610375 BCX0\" data-ccp-props=\"{&quot;201341983&quot;:0,&quot;335551550&quot;:0,&quot;335551620&quot;:0,&quot;335559740&quot;:259}\">\u00a0<\/span><\/p>\n","protected":false},"excerpt":{"rendered":"<p>Applique en laiton fonc\u00e9 satin\u00e9<br \/>\nBandes en laiton naturel poli<br \/>\nPlaque et barre tourn\u00e9es en laiton cisel\u00e9<br \/>\nFinitions sur-mesure sur demande<\/p>\n<p>L 50 x H 35 cm<br \/>\n\u00d8 abat-jour: 28 cm<\/p>\n<p>Fabriqu\u00e9e \u00e0 la main en Italie<br \/>\nD\u00e9lais de fabrication : 3 \u2013 4 semaines<\/p>\n<p class=\"p1\"><span style=\"text-decoration: underline;\"><span class=\"s1\"><a href=\"https:\/\/www.theinvisiblecollection.com\/fr\/demande-de-devis\/?product_id=132212\" target=\"_blank\" rel=\"noopener\">Contactez-nous pour toute demande de devis ou de renseignements<\/a><\/span><\/span><\/p>\n","protected":false},"featured_media":132203,"template":"","meta":{"_acf_changed":false,"content-type":"","_themeisle_gutenberg_block_has_review":false},"product_brand":[],"product_cat":[8975,12507],"product_tag":[31477],"product_designer":[17691],"comfabric":[],"manufacturer":[17689],"reporting_designer":[37743],"samplecomfabric":[],"designer_clubroom":[],"class_list":{"0":"post-132212","1":"product","2":"type-product","3":"status-publish","4":"has-post-thumbnail","6":"product_cat-appliques-murales","7":"product_cat-luminaires","8":"product_tag-st-curvy-fr","9":"product_designer-casa-cabana-fr","10":"manufacturer-casa-cabana-fr","11":"reporting_designer-casa-cabana","13":"first","14":"instock","15":"taxable","16":"shipping-taxable","17":"purchasable","18":"product-type-variable"},"acf":[],"_links":{"self":[{"href":"https:\/\/theinvisiblecollection.com\/fr\/wp-json\/wp\/v2\/product\/132212","targetHints":{"allow":["GET"]}}],"collection":[{"href":"https:\/\/theinvisiblecollection.com\/fr\/wp-json\/wp\/v2\/product"}],"about":[{"href":"https:\/\/theinvisiblecollection.com\/fr\/wp-json\/wp\/v2\/types\/product"}],"wp:featuredmedia":[{"embeddable":true,"href":"https:\/\/theinvisiblecollection.com\/fr\/wp-json\/wp\/v2\/media\/132203"}],"wp:attachment":[{"href":"https:\/\/theinvisiblecollection.com\/fr\/wp-json\/wp\/v2\/media?parent=132212"}],"wp:term":[{"taxonomy":"product_brand","embeddable":true,"href":"https:\/\/theinvisiblecollection.com\/fr\/wp-json\/wp\/v2\/product_brand?post=132212"},{"taxonomy":"product_cat","embeddable":true,"href":"https:\/\/theinvisiblecollection.com\/fr\/wp-json\/wp\/v2\/product_cat?post=132212"},{"taxonomy":"product_tag","embeddable":true,"href":"https:\/\/theinvisiblecollection.com\/fr\/wp-json\/wp\/v2\/product_tag?post=132212"},{"taxonomy":"product_designer","embeddable":true,"href":"https:\/\/theinvisiblecollection.com\/fr\/wp-json\/wp\/v2\/product_designer?post=132212"},{"taxonomy":"comfabric","embeddable":true,"href":"https:\/\/theinvisiblecollection.com\/fr\/wp-json\/wp\/v2\/comfabric?post=132212"},{"taxonomy":"manufacturer","embeddable":true,"href":"https:\/\/theinvisiblecollection.com\/fr\/wp-json\/wp\/v2\/manufacturer?post=132212"},{"taxonomy":"reporting_designer","embeddable":true,"href":"https:\/\/theinvisiblecollection.com\/fr\/wp-json\/wp\/v2\/reporting_designer?post=132212"},{"taxonomy":"samplecomfabric","embeddable":true,"href":"https:\/\/theinvisiblecollection.com\/fr\/wp-json\/wp\/v2\/samplecomfabric?post=132212"},{"taxonomy":"clubroom_product_designer","embeddable":true,"href":"https:\/\/theinvisiblecollection.com\/fr\/wp-json\/wp\/v2\/designer_clubroom?post=132212"}],"curies":[{"name":"wp","href":"https:\/\/api.w.org\/{rel}","templated":true}]}}