{"id":132995,"date":"2022-05-10T11:24:15","date_gmt":"2022-05-10T10:24:15","guid":{"rendered":"https:\/\/theinvisiblecollection.com\/?post_type=product&#038;p=132995"},"modified":"2026-05-01T07:38:54","modified_gmt":"2026-05-01T07:38:54","slug":"plateau-funquetry-copy","status":"publish","type":"product","link":"https:\/\/theinvisiblecollection.com\/fr\/produit\/plateau-funquetry-copy\/","title":{"rendered":"Table d&#8217;appoint Funquetry C"},"content":{"rendered":"<div class=\"pro-content-txt below-product-slide\">\n<div class=\"pro-content-area readmore-full\">\n<p style=\"text-align: justify;\">Les tables d&#8217;appoint Funquetry C de Nada Debs sont fabriqu\u00e9es \u00e0 la main en utilisant une combinaison de marqueterie et de bois massif naturel. La collection Funquetry est compos\u00e9e d\u2019une toute nouvelle s\u00e9rie de meubles, tous fabriqu\u00e9s au Liban, qui explorent une interpr\u00e9tation ludique et contemporaine de la technique artisanale traditionnelle de la marqueterie. Des bandes de bois de diff\u00e9rentes couleurs sont incrust\u00e9es pour produire ce que l\u2019on appelle une \u201cm\u00e8re\u201d. Dans certaines pi\u00e8ces, elles sont ensuite coup\u00e9es en tranches et d\u00e9cal\u00e9es pour cr\u00e9er une rupture dans le motif g\u00e9om\u00e9trique. Dans d\u2019autres, elles sont appliqu\u00e9es \u00e0 ce que Nada appelle le bois pliss\u00e9 : une coupe triangul\u00e9e dans le bois massif. La perception que l\u2019on a de ces pi\u00e8ces change en fonction de l\u2019angle duquel nous les observons.<\/p>\n<\/div>\n<\/div>\n","protected":false},"excerpt":{"rendered":"<p>Table d&#8217;appoint en ch\u00eane fran\u00e7ais massif avec une combinaison de marqueterie<br \/>\nFinition naturelle<br \/>\nMarqueterie disponible en rouge, bleu, vert et blanc<\/p>\n<p>L 25 x l 40 x H 53 cm<\/p>\n<p>Fabriqu\u00e9e \u00e0 la main au Liban<br \/>\nD\u00e9lais de fabrication : 10 &#8211; 12 semaines<\/p>\n<p class=\"p1\"><span style=\"text-decoration: underline;\"><span class=\"s1\"><a href=\"https:\/\/www.theinvisiblecollection.com\/fr\/demande-de-devis\/?product_id=132995\" target=\"_blank\" rel=\"noopener\">Contactez-nous pour toute demande de devis ou de renseignements<\/a><\/span><\/span><\/p>\n","protected":false},"featured_media":5340744,"template":"","meta":{"_acf_changed":false,"content-type":"","_themeisle_gutenberg_block_has_review":false},"product_brand":[],"product_cat":[12332,12503,12514],"product_tag":[],"product_designer":[8872],"comfabric":[],"manufacturer":[25164],"reporting_designer":[37874],"samplecomfabric":[],"designer_clubroom":[],"class_list":{"0":"post-132995","1":"product","2":"type-product","3":"status-publish","4":"has-post-thumbnail","6":"product_cat-tables-dappoint","7":"product_cat-tables-fr","8":"product_cat-tables-de-chevet","9":"product_designer-nada-debs-fr","10":"manufacturer-capit-logistics-lebanon-fr","11":"reporting_designer-nada-debs","13":"first","14":"instock","15":"taxable","16":"shipping-taxable","17":"purchasable","18":"product-type-variable"},"acf":[],"_links":{"self":[{"href":"https:\/\/theinvisiblecollection.com\/fr\/wp-json\/wp\/v2\/product\/132995","targetHints":{"allow":["GET"]}}],"collection":[{"href":"https:\/\/theinvisiblecollection.com\/fr\/wp-json\/wp\/v2\/product"}],"about":[{"href":"https:\/\/theinvisiblecollection.com\/fr\/wp-json\/wp\/v2\/types\/product"}],"wp:featuredmedia":[{"embeddable":true,"href":"https:\/\/theinvisiblecollection.com\/fr\/wp-json\/wp\/v2\/media\/5340744"}],"wp:attachment":[{"href":"https:\/\/theinvisiblecollection.com\/fr\/wp-json\/wp\/v2\/media?parent=132995"}],"wp:term":[{"taxonomy":"product_brand","embeddable":true,"href":"https:\/\/theinvisiblecollection.com\/fr\/wp-json\/wp\/v2\/product_brand?post=132995"},{"taxonomy":"product_cat","embeddable":true,"href":"https:\/\/theinvisiblecollection.com\/fr\/wp-json\/wp\/v2\/product_cat?post=132995"},{"taxonomy":"product_tag","embeddable":true,"href":"https:\/\/theinvisiblecollection.com\/fr\/wp-json\/wp\/v2\/product_tag?post=132995"},{"taxonomy":"product_designer","embeddable":true,"href":"https:\/\/theinvisiblecollection.com\/fr\/wp-json\/wp\/v2\/product_designer?post=132995"},{"taxonomy":"comfabric","embeddable":true,"href":"https:\/\/theinvisiblecollection.com\/fr\/wp-json\/wp\/v2\/comfabric?post=132995"},{"taxonomy":"manufacturer","embeddable":true,"href":"https:\/\/theinvisiblecollection.com\/fr\/wp-json\/wp\/v2\/manufacturer?post=132995"},{"taxonomy":"reporting_designer","embeddable":true,"href":"https:\/\/theinvisiblecollection.com\/fr\/wp-json\/wp\/v2\/reporting_designer?post=132995"},{"taxonomy":"samplecomfabric","embeddable":true,"href":"https:\/\/theinvisiblecollection.com\/fr\/wp-json\/wp\/v2\/samplecomfabric?post=132995"},{"taxonomy":"clubroom_product_designer","embeddable":true,"href":"https:\/\/theinvisiblecollection.com\/fr\/wp-json\/wp\/v2\/designer_clubroom?post=132995"}],"curies":[{"name":"wp","href":"https:\/\/api.w.org\/{rel}","templated":true}]}}