{"id":133044,"date":"2022-05-10T11:51:06","date_gmt":"2022-05-10T10:51:06","guid":{"rendered":"https:\/\/theinvisiblecollection.com\/?post_type=product&#038;p=133044"},"modified":"2026-05-01T07:38:54","modified_gmt":"2026-05-01T07:38:54","slug":"sophie-dries-abat-jour-double-angle-traces","status":"publish","type":"product","link":"https:\/\/theinvisiblecollection.com\/fr\/produit\/sophie-dries-abat-jour-double-angle-traces\/","title":{"rendered":"Abat-jour Double Angle Traces"},"content":{"rendered":"<p><span class=\"TextRun SCXW233711017 BCX0\" lang=\"FR-FR\" xml:lang=\"FR-FR\" data-contrast=\"auto\"><span class=\"NormalTextRun SCXW233711017 BCX0\">Les abat-jours Traces par Sophie <\/span><span class=\"NormalTextRun SpellingErrorV2Themed SCXW233711017 BCX0\">Dries<\/span><span class=\"NormalTextRun SCXW233711017 BCX0\"> naissent d\u2019une collaboration avec les potiers fran\u00e7ais <\/span><span class=\"NormalTextRun SCXW233711017 BCX0\">Thomas <\/span><span class=\"NormalTextRun SCXW233711017 BCX0\">Vivant et F\u00e9lix Galland. Sophie joue avec la texture gouge de la c\u00e9ramique et avec les formes des appliques murales, les superposant et les refl\u00e9tant pour cr\u00e9er de nouvelles formes.<\/span><\/span><span class=\"LineBreakBlob BlobObject DragDrop SCXW233711017 BCX0\"><span class=\"SCXW233711017 BCX0\">\u00a0<\/span><br class=\"SCXW233711017 BCX0\" \/><\/span><\/p>\n","protected":false},"excerpt":{"rendered":"<p>Abat-jour photographi\u00e9 ici en porcelaine blanche travaill\u00e9e \u00e0 la gouge avec finition vernis<br \/>\n\u00c9galement disponible en porcelaine noire travaill\u00e9e \u00e0 la gouge<br \/>\n\u00c9galement disponible en finition mate<br \/>\nAmpoule non fournie<br \/>\nConvient \u00e0 une utilisation en salle de bain<br \/>\nLa lumi\u00e8re vient du haut et du bas<br \/>\n<i>Chaque pi\u00e8ce est unique en raison de sa nature artisanale, les formes et les teintes varient l\u00e9g\u00e8rement<\/i><\/p>\n<p>L 13 x P 7.5 x H 15 cm<\/p>\n<p class=\"p1\">Fabriqu\u00e9 \u00e0 la main en France<br \/>\nD\u00e9lais de fabrication : 6 semaines<\/p>\n<p class=\"p2\"><span style=\"text-decoration: underline;\"><span class=\"s1\"><a href=\"https:\/\/www.theinvisiblecollection.com\/demande-de-devis\/?product_id=133044\" target=\"_blank\" rel=\"noopener\">Contactez-nous pour toute demande de devis ou de renseignements<\/a><\/span><\/span><\/p>\n","protected":false},"featured_media":133047,"template":"","meta":{"_acf_changed":false,"content-type":"","_themeisle_gutenberg_block_has_review":false},"product_brand":[],"product_cat":[8975,12507],"product_tag":[35206,31474,31475,31477],"product_designer":[17359],"comfabric":[],"manufacturer":[21190],"reporting_designer":[37325],"samplecomfabric":[],"designer_clubroom":[],"class_list":{"0":"post-133044","1":"product","2":"type-product","3":"status-publish","4":"has-post-thumbnail","6":"product_cat-appliques-murales","7":"product_cat-luminaires","8":"product_tag-exclusive-fr","9":"product_tag-co-white-fr","10":"product_tag-st-ceramic-fr","11":"product_tag-st-curvy-fr","12":"pa_size-l-280-x-l-100-x-h-80-fr","13":"pa_size-petit-fr","14":"product_designer-sophie-dries-fr","15":"manufacturer-atelier-sophie-dries-atelier-g-fr","16":"reporting_designer-sophie-dries","18":"first","19":"instock","20":"taxable","21":"shipping-taxable","22":"purchasable","23":"product-type-variable"},"acf":[],"_links":{"self":[{"href":"https:\/\/theinvisiblecollection.com\/fr\/wp-json\/wp\/v2\/product\/133044","targetHints":{"allow":["GET"]}}],"collection":[{"href":"https:\/\/theinvisiblecollection.com\/fr\/wp-json\/wp\/v2\/product"}],"about":[{"href":"https:\/\/theinvisiblecollection.com\/fr\/wp-json\/wp\/v2\/types\/product"}],"wp:featuredmedia":[{"embeddable":true,"href":"https:\/\/theinvisiblecollection.com\/fr\/wp-json\/wp\/v2\/media\/133047"}],"wp:attachment":[{"href":"https:\/\/theinvisiblecollection.com\/fr\/wp-json\/wp\/v2\/media?parent=133044"}],"wp:term":[{"taxonomy":"product_brand","embeddable":true,"href":"https:\/\/theinvisiblecollection.com\/fr\/wp-json\/wp\/v2\/product_brand?post=133044"},{"taxonomy":"product_cat","embeddable":true,"href":"https:\/\/theinvisiblecollection.com\/fr\/wp-json\/wp\/v2\/product_cat?post=133044"},{"taxonomy":"product_tag","embeddable":true,"href":"https:\/\/theinvisiblecollection.com\/fr\/wp-json\/wp\/v2\/product_tag?post=133044"},{"taxonomy":"product_designer","embeddable":true,"href":"https:\/\/theinvisiblecollection.com\/fr\/wp-json\/wp\/v2\/product_designer?post=133044"},{"taxonomy":"comfabric","embeddable":true,"href":"https:\/\/theinvisiblecollection.com\/fr\/wp-json\/wp\/v2\/comfabric?post=133044"},{"taxonomy":"manufacturer","embeddable":true,"href":"https:\/\/theinvisiblecollection.com\/fr\/wp-json\/wp\/v2\/manufacturer?post=133044"},{"taxonomy":"reporting_designer","embeddable":true,"href":"https:\/\/theinvisiblecollection.com\/fr\/wp-json\/wp\/v2\/reporting_designer?post=133044"},{"taxonomy":"samplecomfabric","embeddable":true,"href":"https:\/\/theinvisiblecollection.com\/fr\/wp-json\/wp\/v2\/samplecomfabric?post=133044"},{"taxonomy":"clubroom_product_designer","embeddable":true,"href":"https:\/\/theinvisiblecollection.com\/fr\/wp-json\/wp\/v2\/designer_clubroom?post=133044"}],"curies":[{"name":"wp","href":"https:\/\/api.w.org\/{rel}","templated":true}]}}