{"id":133074,"date":"2022-05-10T13:38:13","date_gmt":"2022-05-10T12:38:13","guid":{"rendered":"https:\/\/theinvisiblecollection.com\/?post_type=product&#038;p=133074"},"modified":"2026-05-01T07:38:54","modified_gmt":"2026-05-01T07:38:54","slug":"thierry-lemaire-gueridon-lotus-travertin","status":"publish","type":"product","link":"https:\/\/theinvisiblecollection.com\/fr\/produit\/thierry-lemaire-gueridon-lotus-travertin\/","title":{"rendered":"Gu\u00e9ridon Lotus Travertin"},"content":{"rendered":"","protected":false},"excerpt":{"rendered":"<p>Gu\u00e9ridon photographi\u00e9 ici en travertin Alabastrino<br \/>\n\u00c9galement disponible en marbre vert Saint Denis<br \/>\nPrix par module<br \/>\nBel accord par paires<\/p>\n<p>L 50 x l 50 x H 38 cm<\/p>\n<p>Fabriqu\u00e9 \u00e0 la main en France<br \/>\nD\u00e9lais de fabrication : 14 &#8211; 16 semaines<\/p>\n<p class=\"p1\"><span style=\"text-decoration: underline;\"><span class=\"s1\"><a href=\"https:\/\/theinvisiblecollection.com\/fr\/demande-de-devis\/?product_id=133074\" target=\"_blank\" rel=\"noopener\">Contactez-nous pour toute demande de devis ou de renseignements<\/a><\/span><\/span><\/p>\n","protected":false},"featured_media":5680136,"template":"","meta":{"_acf_changed":false,"content-type":"","_themeisle_gutenberg_block_has_review":false},"product_brand":[],"product_cat":[12514,12332,12503],"product_tag":[],"product_designer":[8875],"comfabric":[29410],"manufacturer":[19271],"reporting_designer":[37175],"samplecomfabric":[30460],"designer_clubroom":[],"class_list":{"0":"post-133074","1":"product","2":"type-product","3":"status-publish","4":"has-post-thumbnail","6":"product_cat-tables-de-chevet","7":"product_cat-tables-dappoint","8":"product_cat-tables-fr","9":"product_designer-thierry-lemaire-fr","10":"comfabric-thierry-lemaire-fr","11":"manufacturer-plateforme-logistique-sogaris-fr","12":"reporting_designer-thierry-lemaire","13":"samplecomfabric-thierry-lemaire-fr","15":"first","16":"instock","17":"taxable","18":"shipping-taxable","19":"product-type-variable"},"acf":[],"_links":{"self":[{"href":"https:\/\/theinvisiblecollection.com\/fr\/wp-json\/wp\/v2\/product\/133074","targetHints":{"allow":["GET"]}}],"collection":[{"href":"https:\/\/theinvisiblecollection.com\/fr\/wp-json\/wp\/v2\/product"}],"about":[{"href":"https:\/\/theinvisiblecollection.com\/fr\/wp-json\/wp\/v2\/types\/product"}],"wp:featuredmedia":[{"embeddable":true,"href":"https:\/\/theinvisiblecollection.com\/fr\/wp-json\/wp\/v2\/media\/5680136"}],"wp:attachment":[{"href":"https:\/\/theinvisiblecollection.com\/fr\/wp-json\/wp\/v2\/media?parent=133074"}],"wp:term":[{"taxonomy":"product_brand","embeddable":true,"href":"https:\/\/theinvisiblecollection.com\/fr\/wp-json\/wp\/v2\/product_brand?post=133074"},{"taxonomy":"product_cat","embeddable":true,"href":"https:\/\/theinvisiblecollection.com\/fr\/wp-json\/wp\/v2\/product_cat?post=133074"},{"taxonomy":"product_tag","embeddable":true,"href":"https:\/\/theinvisiblecollection.com\/fr\/wp-json\/wp\/v2\/product_tag?post=133074"},{"taxonomy":"product_designer","embeddable":true,"href":"https:\/\/theinvisiblecollection.com\/fr\/wp-json\/wp\/v2\/product_designer?post=133074"},{"taxonomy":"comfabric","embeddable":true,"href":"https:\/\/theinvisiblecollection.com\/fr\/wp-json\/wp\/v2\/comfabric?post=133074"},{"taxonomy":"manufacturer","embeddable":true,"href":"https:\/\/theinvisiblecollection.com\/fr\/wp-json\/wp\/v2\/manufacturer?post=133074"},{"taxonomy":"reporting_designer","embeddable":true,"href":"https:\/\/theinvisiblecollection.com\/fr\/wp-json\/wp\/v2\/reporting_designer?post=133074"},{"taxonomy":"samplecomfabric","embeddable":true,"href":"https:\/\/theinvisiblecollection.com\/fr\/wp-json\/wp\/v2\/samplecomfabric?post=133074"},{"taxonomy":"clubroom_product_designer","embeddable":true,"href":"https:\/\/theinvisiblecollection.com\/fr\/wp-json\/wp\/v2\/designer_clubroom?post=133074"}],"curies":[{"name":"wp","href":"https:\/\/api.w.org\/{rel}","templated":true}]}}