{"id":133379,"date":"2022-05-11T14:53:23","date_gmt":"2022-05-11T13:53:23","guid":{"rendered":"https:\/\/theinvisiblecollection.com\/?post_type=product&#038;p=133379"},"modified":"2026-05-01T07:38:51","modified_gmt":"2026-05-01T07:38:51","slug":"sophie-dries-stampa-mirror","status":"publish","type":"product","link":"https:\/\/theinvisiblecollection.com\/fr\/produit\/sophie-dries-stampa-mirror\/","title":{"rendered":"Stampa Mirror"},"content":{"rendered":"<p style=\"text-align: justify;\"><span class=\"NormalTextRun SCXW71389899 BCX0\">La collection Stampa sign\u00e9e Sophie <\/span><span class=\"NormalTextRun SpellingErrorV2Themed SCXW71389899 BCX0\">Dries<\/span><span class=\"NormalTextRun SCXW71389899 BCX0\"> joue sur l\u2019id\u00e9e d\u2019union : celle des artisans, \u00e9b\u00e9nistes et m\u00e9tallurgistes, et celle de plusieurs mat\u00e9riaux, bois, pl\u00e2tre et poudre d&#8217;acier <\/span><span class=\"NormalTextRun SpellingErrorV2Themed SCXW71389899 BCX0\">Corten<\/span><span class=\"NormalTextRun SCXW71389899 BCX0\">. Ce\u00a0projet renvoie \u00e0 un purisme et une approche originale du contraste de la mati\u00e8re brute et de la mati\u00e8re noble&#8230; Sophie <\/span><span class=\"NormalTextRun SCXW71389899 BCX0\">envisage<\/span><span class=\"NormalTextRun SCXW71389899 BCX0\"> ses projets comme une rencontre alchimique entre des mat\u00e9riaux d\u00e9tourn\u00e9s, mais toujours avec un usage \u00e9vident et un savoir-faire humain mis en avant.<\/span><\/p>\n","protected":false},"excerpt":{"rendered":"<p>Miroir photographi\u00e9 ici en bois sculpt\u00e9<br \/>\nFinition en pl\u00e2tre et jonc<br \/>\n<span style=\"text-decoration: underline;\"><a href=\"https:\/\/theinvisiblecollection.com\/wp-content\/uploads\/2022\/05\/TheInvisibleCollection_SophieDries_Finish_Selection_Stampa.pdf\" target=\"_blank\" rel=\"noopener\">D\u00e9couvrez la s\u00e9lection de finitions ici<\/a><br \/>\n<\/span><i>Chaque pi\u00e8ce est unique en raison de sa nature artisanale, les formes et les teintes varient l\u00e9g\u00e8rement,\u00a0la mati\u00e8re de cette pi\u00e8ce \u00e9volue avec le temps<\/i><br \/>\nDimensions, finitions sur-mesure sur demande<\/p>\n<p>L 50 x P 40 x H 5 cm<\/p>\n<p class=\"p1\">Fabriqu\u00e9 \u00e0 la main en France<br \/>\nD\u00e9lais de fabrication : 6 semaines<\/p>\n<p class=\"p2\"><span style=\"text-decoration: underline;\"><span class=\"s1\"><a href=\"https:\/\/www.theinvisiblecollection.com\/demande-de-devis\/?product_id=133379\" target=\"_blank\" rel=\"noopener\">Contactez-nous pour toute demande de devis ou de renseignements<\/a><\/span><\/span><\/p>\n","protected":false},"featured_media":133384,"template":"","meta":{"_acf_changed":false,"content-type":"","_themeisle_gutenberg_block_has_review":false},"product_brand":[],"product_cat":[7517,8225],"product_tag":[31474,35206,35326],"product_designer":[17359],"comfabric":[],"manufacturer":[21186],"reporting_designer":[37325],"samplecomfabric":[],"designer_clubroom":[],"class_list":{"0":"post-133379","1":"product","2":"type-product","3":"status-publish","4":"has-post-thumbnail","6":"product_cat-deco-fr","7":"product_cat-miroirs-fr","8":"product_tag-co-white-fr","9":"product_tag-exclusive-fr","10":"product_tag-st-scandinavian-fr","11":"pa_size-grand-fr","12":"pa_size-moyen-fr","13":"pa_size-petit","14":"pa_size-ovale","15":"product_designer-sophie-dries-fr","16":"manufacturer-atelier-sophie-dries-micheal-moore-fr","17":"reporting_designer-sophie-dries","19":"first","20":"instock","21":"taxable","22":"shipping-taxable","23":"purchasable","24":"product-type-variable"},"acf":[],"_links":{"self":[{"href":"https:\/\/theinvisiblecollection.com\/fr\/wp-json\/wp\/v2\/product\/133379","targetHints":{"allow":["GET"]}}],"collection":[{"href":"https:\/\/theinvisiblecollection.com\/fr\/wp-json\/wp\/v2\/product"}],"about":[{"href":"https:\/\/theinvisiblecollection.com\/fr\/wp-json\/wp\/v2\/types\/product"}],"wp:featuredmedia":[{"embeddable":true,"href":"https:\/\/theinvisiblecollection.com\/fr\/wp-json\/wp\/v2\/media\/133384"}],"wp:attachment":[{"href":"https:\/\/theinvisiblecollection.com\/fr\/wp-json\/wp\/v2\/media?parent=133379"}],"wp:term":[{"taxonomy":"product_brand","embeddable":true,"href":"https:\/\/theinvisiblecollection.com\/fr\/wp-json\/wp\/v2\/product_brand?post=133379"},{"taxonomy":"product_cat","embeddable":true,"href":"https:\/\/theinvisiblecollection.com\/fr\/wp-json\/wp\/v2\/product_cat?post=133379"},{"taxonomy":"product_tag","embeddable":true,"href":"https:\/\/theinvisiblecollection.com\/fr\/wp-json\/wp\/v2\/product_tag?post=133379"},{"taxonomy":"product_designer","embeddable":true,"href":"https:\/\/theinvisiblecollection.com\/fr\/wp-json\/wp\/v2\/product_designer?post=133379"},{"taxonomy":"comfabric","embeddable":true,"href":"https:\/\/theinvisiblecollection.com\/fr\/wp-json\/wp\/v2\/comfabric?post=133379"},{"taxonomy":"manufacturer","embeddable":true,"href":"https:\/\/theinvisiblecollection.com\/fr\/wp-json\/wp\/v2\/manufacturer?post=133379"},{"taxonomy":"reporting_designer","embeddable":true,"href":"https:\/\/theinvisiblecollection.com\/fr\/wp-json\/wp\/v2\/reporting_designer?post=133379"},{"taxonomy":"samplecomfabric","embeddable":true,"href":"https:\/\/theinvisiblecollection.com\/fr\/wp-json\/wp\/v2\/samplecomfabric?post=133379"},{"taxonomy":"clubroom_product_designer","embeddable":true,"href":"https:\/\/theinvisiblecollection.com\/fr\/wp-json\/wp\/v2\/designer_clubroom?post=133379"}],"curies":[{"name":"wp","href":"https:\/\/api.w.org\/{rel}","templated":true}]}}