{"id":133475,"date":"2022-05-11T17:51:05","date_gmt":"2022-05-11T16:51:05","guid":{"rendered":"https:\/\/theinvisiblecollection.com\/?post_type=product&#038;p=133475"},"modified":"2026-05-01T07:38:51","modified_gmt":"2026-05-01T07:38:51","slug":"olga-etc-bougeoir-porcelaine-kokedama-noir","status":"publish","type":"product","link":"https:\/\/theinvisiblecollection.com\/fr\/produit\/olga-etc-bougeoir-porcelaine-kokedama-noir\/","title":{"rendered":"Vase Porcelaine Kokedama Noir"},"content":{"rendered":"","protected":false},"excerpt":{"rendered":"<p>Pi\u00e8ce Unique<\/p>\n<p>Vase en porcelaine noire partiellement \u00e9maill\u00e9e<br \/>\n\u00c9galement disponible en <a href=\"https:\/\/theinvisiblecollection.com\/fr\/produit\/olga-etc-bougeoir-porcelaine-kokedama-blanc\/\" target=\"_blank\" rel=\"noopener\"><span style=\"text-decoration: underline;\">porcelaine blanche partiellement \u00e9maill\u00e9e<\/span><\/a><br \/>\nChaque pi\u00e8ce est unique en raison de sa nature artisanale, les formes et les teintes varient l\u00e9g\u00e8rement<br \/>\nDimensions et fleurs sur-mesure sur demande<\/p>\n<p>Deux dimensions disponibles :<br \/>\n\u00d8 40 x H 40 cm<br \/>\n\u00d8 25-28 x H 30 cm<\/p>\n<p>Hauteur maximale : 60 cm<\/p>\n<p>Fabriqu\u00e9 \u00e0 la main en France<br \/>\nD\u00e9lais de production : 8 semaines<\/p>\n<p><span style=\"text-decoration: underline;\"><a href=\"https:\/\/www.theinvisiblecollection.com\/fr\/contact-produit\/?product_id=133475\" target=\"_blank\" rel=\"noopener\">Contactez-nous pour toute demande de devis ou de renseignements<\/a><\/span><\/p>\n","protected":false},"featured_media":133481,"template":"","meta":{"_acf_changed":false,"content-type":"","_themeisle_gutenberg_block_has_review":false},"product_brand":[],"product_cat":[7517,12531,12537],"product_tag":[31474,31475,31476,31477],"product_designer":[14859],"comfabric":[],"manufacturer":[16849],"reporting_designer":[37697],"samplecomfabric":[],"designer_clubroom":[],"class_list":{"0":"post-133475","1":"product","2":"type-product","3":"status-publish","4":"has-post-thumbnail","6":"product_cat-deco-fr","7":"product_cat-objets-de-decoration","8":"product_cat-vases","9":"product_tag-co-white-fr","10":"product_tag-st-ceramic-fr","11":"product_tag-st-collectible-fr","12":"product_tag-st-curvy-fr","13":"pa_size-large-fr-2","14":"pa_size-petit","15":"product_designer-olga-etc-fr","16":"manufacturer-olga-etc-fr","17":"reporting_designer-olga-etc","19":"first","20":"instock","21":"taxable","22":"shipping-taxable","23":"purchasable","24":"product-type-variable"},"acf":[],"_links":{"self":[{"href":"https:\/\/theinvisiblecollection.com\/fr\/wp-json\/wp\/v2\/product\/133475","targetHints":{"allow":["GET"]}}],"collection":[{"href":"https:\/\/theinvisiblecollection.com\/fr\/wp-json\/wp\/v2\/product"}],"about":[{"href":"https:\/\/theinvisiblecollection.com\/fr\/wp-json\/wp\/v2\/types\/product"}],"wp:featuredmedia":[{"embeddable":true,"href":"https:\/\/theinvisiblecollection.com\/fr\/wp-json\/wp\/v2\/media\/133481"}],"wp:attachment":[{"href":"https:\/\/theinvisiblecollection.com\/fr\/wp-json\/wp\/v2\/media?parent=133475"}],"wp:term":[{"taxonomy":"product_brand","embeddable":true,"href":"https:\/\/theinvisiblecollection.com\/fr\/wp-json\/wp\/v2\/product_brand?post=133475"},{"taxonomy":"product_cat","embeddable":true,"href":"https:\/\/theinvisiblecollection.com\/fr\/wp-json\/wp\/v2\/product_cat?post=133475"},{"taxonomy":"product_tag","embeddable":true,"href":"https:\/\/theinvisiblecollection.com\/fr\/wp-json\/wp\/v2\/product_tag?post=133475"},{"taxonomy":"product_designer","embeddable":true,"href":"https:\/\/theinvisiblecollection.com\/fr\/wp-json\/wp\/v2\/product_designer?post=133475"},{"taxonomy":"comfabric","embeddable":true,"href":"https:\/\/theinvisiblecollection.com\/fr\/wp-json\/wp\/v2\/comfabric?post=133475"},{"taxonomy":"manufacturer","embeddable":true,"href":"https:\/\/theinvisiblecollection.com\/fr\/wp-json\/wp\/v2\/manufacturer?post=133475"},{"taxonomy":"reporting_designer","embeddable":true,"href":"https:\/\/theinvisiblecollection.com\/fr\/wp-json\/wp\/v2\/reporting_designer?post=133475"},{"taxonomy":"samplecomfabric","embeddable":true,"href":"https:\/\/theinvisiblecollection.com\/fr\/wp-json\/wp\/v2\/samplecomfabric?post=133475"},{"taxonomy":"clubroom_product_designer","embeddable":true,"href":"https:\/\/theinvisiblecollection.com\/fr\/wp-json\/wp\/v2\/designer_clubroom?post=133475"}],"curies":[{"name":"wp","href":"https:\/\/api.w.org\/{rel}","templated":true}]}}