{"id":133515,"date":"2022-05-12T10:53:02","date_gmt":"2022-05-12T09:53:02","guid":{"rendered":"https:\/\/theinvisiblecollection.com\/?post_type=product&#038;p=133515"},"modified":"2026-05-01T07:38:51","modified_gmt":"2026-05-01T07:38:51","slug":"sophie-dries-console-shatter","status":"publish","type":"product","link":"https:\/\/theinvisiblecollection.com\/fr\/produit\/sophie-dries-console-shatter\/","title":{"rendered":"Console Shatter"},"content":{"rendered":"<p style=\"text-align: justify;\"><span class=\"TextRun SCXW29600290 BCX0\" lang=\"FR-FR\" xml:lang=\"FR-FR\" data-contrast=\"auto\"><span class=\"NormalTextRun SCXW29600290 BCX0\">La Console <\/span><span class=\"NormalTextRun SpellingErrorV2Themed SCXW29600290 BCX0\">Shatter<\/span><span class=\"NormalTextRun SCXW29600290 BCX0\"> par Sophie <\/span><span class=\"NormalTextRun SpellingErrorV2Themed SCXW29600290 BCX0\">Dries<\/span><span class=\"NormalTextRun SCXW29600290 BCX0\"> met en lumi\u00e8re l\u2019exceptionnel marbre <\/span><span class=\"NormalTextRun SpellingErrorV2Themed SCXW29600290 BCX0\">C<\/span><span class=\"NormalTextRun SpellingErrorV2Themed SCXW29600290 BCX0\">alacatta<\/span><span class=\"NormalTextRun SCXW29600290 BCX0\">. Cette console,<\/span><span class=\"NormalTextRun SCXW29600290 BCX0\"> r\u00e9alis\u00e9e par le ferronnier d\u2019art anglais Michael Moore joue du contraste entre des mat\u00e9riaux traditionnels et une ligne de dessin contemporaine alliant un processus exp\u00e9rimental. Chaque pi\u00e8ce est faite \u00e0 la main, selon la forme et le motif de la tranche de marbre choisie et chacune est absolument unique.<\/span><\/span><span class=\"EOP SCXW29600290 BCX0\" data-ccp-props=\"{&quot;201341983&quot;:0,&quot;335559740&quot;:259}\">\u00a0<\/span><\/p>\n","protected":false},"excerpt":{"rendered":"<p>Console en marbre Calattaca<br \/>\nPieds en acier noir cass\u00e9s \u00e0 la main<br \/>\n<i>Chaque pi\u00e8ce est unique en raison de sa nature artisanale, les formes et les teintes varient l\u00e9g\u00e8rement<br \/>\nDimensions, finitions et mat\u00e9riaux sur-mesure sur demande<\/i><\/p>\n<p>L 105 x l 38 x H 71 cm<\/p>\n<p class=\"p1\">Fabriqu\u00e9e \u00e0 la main en France<br \/>\nD\u00e9lais de fabrication : 6 semaines<\/p>\n<p class=\"p2\"><span style=\"text-decoration: underline;\"><span class=\"s1\"><a href=\"https:\/\/www.theinvisiblecollection.com\/demande-de-devis\/?product_id=133515\" target=\"_blank\" rel=\"noopener\">Contactez-nous pour toute demande de devis ou de renseignements<\/a><\/span><\/span><\/p>\n","protected":false},"featured_media":5837432,"template":"","meta":{"_acf_changed":false,"content-type":"","_themeisle_gutenberg_block_has_review":false},"product_brand":[],"product_cat":[7675,12503],"product_tag":[35326],"product_designer":[17359],"comfabric":[],"manufacturer":[21186],"reporting_designer":[37325],"samplecomfabric":[],"designer_clubroom":[],"class_list":{"0":"post-133515","1":"product","2":"type-product","3":"status-publish","4":"has-post-thumbnail","6":"product_cat-consoles-fr","7":"product_cat-tables-fr","8":"product_tag-st-scandinavian-fr","9":"product_designer-sophie-dries-fr","10":"manufacturer-atelier-sophie-dries-micheal-moore-fr","11":"reporting_designer-sophie-dries","13":"first","14":"instock","15":"taxable","16":"shipping-taxable","17":"purchasable","18":"product-type-variable"},"acf":[],"_links":{"self":[{"href":"https:\/\/theinvisiblecollection.com\/fr\/wp-json\/wp\/v2\/product\/133515","targetHints":{"allow":["GET"]}}],"collection":[{"href":"https:\/\/theinvisiblecollection.com\/fr\/wp-json\/wp\/v2\/product"}],"about":[{"href":"https:\/\/theinvisiblecollection.com\/fr\/wp-json\/wp\/v2\/types\/product"}],"wp:featuredmedia":[{"embeddable":true,"href":"https:\/\/theinvisiblecollection.com\/fr\/wp-json\/wp\/v2\/media\/5837432"}],"wp:attachment":[{"href":"https:\/\/theinvisiblecollection.com\/fr\/wp-json\/wp\/v2\/media?parent=133515"}],"wp:term":[{"taxonomy":"product_brand","embeddable":true,"href":"https:\/\/theinvisiblecollection.com\/fr\/wp-json\/wp\/v2\/product_brand?post=133515"},{"taxonomy":"product_cat","embeddable":true,"href":"https:\/\/theinvisiblecollection.com\/fr\/wp-json\/wp\/v2\/product_cat?post=133515"},{"taxonomy":"product_tag","embeddable":true,"href":"https:\/\/theinvisiblecollection.com\/fr\/wp-json\/wp\/v2\/product_tag?post=133515"},{"taxonomy":"product_designer","embeddable":true,"href":"https:\/\/theinvisiblecollection.com\/fr\/wp-json\/wp\/v2\/product_designer?post=133515"},{"taxonomy":"comfabric","embeddable":true,"href":"https:\/\/theinvisiblecollection.com\/fr\/wp-json\/wp\/v2\/comfabric?post=133515"},{"taxonomy":"manufacturer","embeddable":true,"href":"https:\/\/theinvisiblecollection.com\/fr\/wp-json\/wp\/v2\/manufacturer?post=133515"},{"taxonomy":"reporting_designer","embeddable":true,"href":"https:\/\/theinvisiblecollection.com\/fr\/wp-json\/wp\/v2\/reporting_designer?post=133515"},{"taxonomy":"samplecomfabric","embeddable":true,"href":"https:\/\/theinvisiblecollection.com\/fr\/wp-json\/wp\/v2\/samplecomfabric?post=133515"},{"taxonomy":"clubroom_product_designer","embeddable":true,"href":"https:\/\/theinvisiblecollection.com\/fr\/wp-json\/wp\/v2\/designer_clubroom?post=133515"}],"curies":[{"name":"wp","href":"https:\/\/api.w.org\/{rel}","templated":true}]}}