{"id":133649,"date":"2022-05-12T15:15:44","date_gmt":"2022-05-12T14:15:44","guid":{"rendered":"https:\/\/theinvisiblecollection.com\/?post_type=product&#038;p=133649"},"modified":"2026-05-01T07:38:51","modified_gmt":"2026-05-01T07:38:51","slug":"sophie-dries-kaia-suspension-glow-5","status":"publish","type":"product","link":"https:\/\/theinvisiblecollection.com\/fr\/produit\/sophie-dries-kaia-suspension-glow-5\/","title":{"rendered":"Suspension Glow 5"},"content":{"rendered":"<p style=\"text-align: justify;\"><span class=\"TextRun SCXW29600290 BCX0\" lang=\"FR-FR\" xml:lang=\"FR-FR\" data-contrast=\"auto\"><span class=\"NormalTextRun SCXW29600290 BCX0\"><span class=\"LineBreakBlob BlobObject DragDrop SCXW260691370 BCX0\"><span class=\"NormalTextRun SCXW113661454 BCX0\">La Collection <\/span><span class=\"NormalTextRun SpellingErrorV2Themed SCXW113661454 BCX0\">Glow<\/span><span class=\"NormalTextRun SCXW113661454 BCX0\"> sign\u00e9e Sophie <\/span><span class=\"NormalTextRun SpellingErrorV2Themed SCXW113661454 BCX0\">Dries<\/span><span class=\"NormalTextRun SCXW113661454 BCX0\">, tire son inspiration d\u2019<\/span><span class=\"NormalTextRun SpellingErrorV2Themed SCXW113661454 BCX0\">Inner<\/span> <span class=\"NormalTextRun SpellingErrorV2Themed SCXW113661454 BCX0\">Glow<\/span><span class=\"NormalTextRun SCXW113661454 BCX0\">, un luminaire sculptural et unique. <\/span><span class=\"NormalTextRun SCXW113661454 BCX0\">Cette collection <\/span><span class=\"NormalTextRun SCXW113661454 BCX0\">voit<\/span><span class=\"NormalTextRun SCXW113661454 BCX0\"> la grandeur <\/span><span class=\"NormalTextRun SCXW113661454 BCX0\">d&#8217;<\/span><span class=\"NormalTextRun SpellingErrorV2Themed SCXW113661454 BCX0\">Inner<\/span> <span class=\"NormalTextRun SpellingErrorV2Themed SCXW113661454 BCX0\">Glow<\/span> <span class=\"NormalTextRun SCXW113661454 BCX0\">distill\u00e9e<\/span><span class=\"NormalTextRun SCXW113661454 BCX0\"> dans <\/span><span class=\"NormalTextRun SCXW113661454 BCX0\">une<\/span> <span class=\"NormalTextRun SCXW113661454 BCX0\">forme<\/span><span class=\"NormalTextRun SCXW113661454 BCX0\"> plus <\/span><span class=\"NormalTextRun SCXW113661454 BCX0\">compacte<\/span> <span class=\"NormalTextRun SCXW113661454 BCX0\">adapt\u00e9e<\/span><span class=\"NormalTextRun SCXW113661454 BCX0\"> \u00e0 la <\/span><span class=\"NormalTextRun SCXW113661454 BCX0\">maison<\/span> <span class=\"NormalTextRun SCXW113661454 BCX0\">contemporaine<\/span><span class=\"NormalTextRun SCXW113661454 BCX0\">. Le <\/span><span class=\"NormalTextRun SCXW113661454 BCX0\">choix<\/span><span class=\"NormalTextRun SCXW113661454 BCX0\"> du papier<\/span> <span class=\"NormalTextRun SCXW113661454 BCX0\">est<\/span> <span class=\"NormalTextRun SCXW113661454 BCX0\">une<\/span> <span class=\"NormalTextRun SCXW113661454 BCX0\">\u00e9volution<\/span><span class=\"NormalTextRun SCXW113661454 BCX0\"> du <\/span><span class=\"NormalTextRun SCXW113661454 BCX0\">processus<\/span><span class=\"NormalTextRun SCXW113661454 BCX0\"> du papier m\u00e2ch\u00e9 et a <\/span><span class=\"NormalTextRun SCXW113661454 BCX0\">une<\/span> <span class=\"NormalTextRun SCXW113661454 BCX0\">qualit\u00e9<\/span><span class=\"NormalTextRun SCXW113661454 BCX0\"> brute et <\/span><span class=\"NormalTextRun SCXW113661454 BCX0\">textur\u00e9e<\/span><span class=\"NormalTextRun SCXW113661454 BCX0\"> qui <\/span><span class=\"NormalTextRun SCXW113661454 BCX0\">ressemble<\/span><span class=\"NormalTextRun SCXW113661454 BCX0\"> \u00e0 la <\/span><span class=\"NormalTextRun SCXW113661454 BCX0\">pierre<\/span><span class=\"NormalTextRun SCXW113661454 BCX0\">.<\/span><\/span><span class=\"TextRun SCXW260691370 BCX0\" lang=\"FR-FR\" xml:lang=\"FR-FR\" data-contrast=\"auto\"><span class=\"NormalTextRun SCXW260691370 BCX0\">\u00a0<\/span><\/span><\/span><\/span><\/p>\n","protected":false},"excerpt":{"rendered":"<p>Sophie Dries x Kaia<br \/>\nSuspension en verre transparent et papier m\u00e2ch\u00e9 blanc<br \/>\nFinition de l\u2019accroche en laiton huil\u00e9 et cir\u00e9<br \/>\nFinition \u00e9galement disponible en nickel bross\u00e9 ou en laiton vieilli<br \/>\n<span style=\"text-decoration: underline;\"><a href=\"https:\/\/theinvisiblecollection.com\/wp-content\/uploads\/2022\/05\/TheInvisibleCollection_Sophie_Dries_Stem_Selection.pdf\" target=\"_blank\" rel=\"noopener\">D\u00e9couvrez la s\u00e9lection de finitions ici<\/a><\/span><br \/>\nAmpoule fournie, dimmable, 230V pour l&#8217;Europe, 110V pour les \u00c9tats-Unis<br \/>\n\u00c9lectrification adapt\u00e9e aux \u00c9tats-Unis, au Royaume-Uni et \u00e0 l&#8217;Europe<br \/>\n<i class=\"x_elementToProof\">Chaque pi\u00e8ce est unique en raison de sa nature artisanale, les formes et les teintes varient l\u00e9g\u00e8rement<\/i><br \/>\nDimensions, couleurs et papier m\u00e2ch\u00e9 sur-mesure sur demande<\/p>\n<p class=\"p1\">L 160 x l 60 x H 91cm<\/p>\n<p class=\"p1\">Fabriqu\u00e9e \u00e0 la main en Autriche<br \/>\nD\u00e9lais de fabrication : 10 &#8211; 14 semaines<\/p>\n<p class=\"p2\"><span style=\"text-decoration: underline;\"><span class=\"s1\"><a href=\"https:\/\/www.theinvisiblecollection.com\/demande-de-devis\/?product_id=133649\" target=\"_blank\" rel=\"noopener\">Contactez-nous pour toute demande de devis ou de renseignements<\/a><\/span><\/span><\/p>\n","protected":false},"featured_media":5872878,"template":"","meta":{"_acf_changed":false,"content-type":"","_themeisle_gutenberg_block_has_review":false},"product_brand":[],"product_cat":[8961,12507],"product_tag":[31474,31476,31477],"product_designer":[17359,25959],"comfabric":[],"manufacturer":[21959],"reporting_designer":[37325],"samplecomfabric":[],"designer_clubroom":[],"class_list":{"0":"post-133649","1":"product","2":"type-product","3":"status-publish","4":"has-post-thumbnail","6":"product_cat-suspensions","7":"product_cat-luminaires","8":"product_tag-co-white-fr","9":"product_tag-st-collectible-fr","10":"product_tag-st-curvy-fr","11":"product_designer-sophie-dries-fr","12":"product_designer-sophie-dries-x-kaia-fr","13":"manufacturer-kaia-atelier-germany-fr","14":"reporting_designer-sophie-dries","16":"first","17":"instock","18":"taxable","19":"shipping-taxable","20":"purchasable","21":"product-type-variable"},"acf":[],"_links":{"self":[{"href":"https:\/\/theinvisiblecollection.com\/fr\/wp-json\/wp\/v2\/product\/133649","targetHints":{"allow":["GET"]}}],"collection":[{"href":"https:\/\/theinvisiblecollection.com\/fr\/wp-json\/wp\/v2\/product"}],"about":[{"href":"https:\/\/theinvisiblecollection.com\/fr\/wp-json\/wp\/v2\/types\/product"}],"wp:featuredmedia":[{"embeddable":true,"href":"https:\/\/theinvisiblecollection.com\/fr\/wp-json\/wp\/v2\/media\/5872878"}],"wp:attachment":[{"href":"https:\/\/theinvisiblecollection.com\/fr\/wp-json\/wp\/v2\/media?parent=133649"}],"wp:term":[{"taxonomy":"product_brand","embeddable":true,"href":"https:\/\/theinvisiblecollection.com\/fr\/wp-json\/wp\/v2\/product_brand?post=133649"},{"taxonomy":"product_cat","embeddable":true,"href":"https:\/\/theinvisiblecollection.com\/fr\/wp-json\/wp\/v2\/product_cat?post=133649"},{"taxonomy":"product_tag","embeddable":true,"href":"https:\/\/theinvisiblecollection.com\/fr\/wp-json\/wp\/v2\/product_tag?post=133649"},{"taxonomy":"product_designer","embeddable":true,"href":"https:\/\/theinvisiblecollection.com\/fr\/wp-json\/wp\/v2\/product_designer?post=133649"},{"taxonomy":"comfabric","embeddable":true,"href":"https:\/\/theinvisiblecollection.com\/fr\/wp-json\/wp\/v2\/comfabric?post=133649"},{"taxonomy":"manufacturer","embeddable":true,"href":"https:\/\/theinvisiblecollection.com\/fr\/wp-json\/wp\/v2\/manufacturer?post=133649"},{"taxonomy":"reporting_designer","embeddable":true,"href":"https:\/\/theinvisiblecollection.com\/fr\/wp-json\/wp\/v2\/reporting_designer?post=133649"},{"taxonomy":"samplecomfabric","embeddable":true,"href":"https:\/\/theinvisiblecollection.com\/fr\/wp-json\/wp\/v2\/samplecomfabric?post=133649"},{"taxonomy":"clubroom_product_designer","embeddable":true,"href":"https:\/\/theinvisiblecollection.com\/fr\/wp-json\/wp\/v2\/designer_clubroom?post=133649"}],"curies":[{"name":"wp","href":"https:\/\/api.w.org\/{rel}","templated":true}]}}