{"id":1337847,"date":"2022-12-12T12:36:03","date_gmt":"2022-12-12T11:36:03","guid":{"rendered":"https:\/\/theinvisiblecollection.com\/?post_type=product&#038;p=1337847"},"modified":"2026-05-01T07:38:24","modified_gmt":"2026-05-01T07:38:24","slug":"pascale-mestre-assiette-louis-xv","status":"publish","type":"product","link":"https:\/\/theinvisiblecollection.com\/fr\/produit\/pascale-mestre-assiette-louis-xv\/","title":{"rendered":"Assiette Louis XV"},"content":{"rendered":"<p style=\"text-align: justify\">R\u00e9alis\u00e9 par Pascale Mestre, ce service de table en fa\u00efence, en terres m\u00eal\u00e9es, fabriqu\u00e9 en Provence selon la tradition de la Fa\u00efence d&#8217;Apt datant du XVIII\u00e8me si\u00e8cle, c\u00e9l\u00e8bre l&#8217;art de vivre proven\u00e7al.<\/p>\n","protected":false},"excerpt":{"rendered":"<ul>\n<li>Composition : c\u00e9ramique \/ fa\u00efence d&#8217;Apt \/ fa\u00e7onn\u00e9e et d\u00e9cor\u00e9e \u00e0 la main<\/li>\n<li>Couleurs : ivoire et bleu<\/li>\n<\/ul>\n","protected":false},"featured_media":1337884,"template":"","meta":{"_acf_changed":false,"content-type":"","_themeisle_gutenberg_block_has_review":false},"product_brand":[],"product_cat":[12535,19973,19981,19984],"product_tag":[22790],"product_designer":[],"comfabric":[],"manufacturer":[19028],"reporting_designer":[],"samplecomfabric":[],"designer_clubroom":[20608],"class_list":{"0":"post-1337847","1":"product","2":"type-product","3":"status-publish","4":"has-post-thumbnail","6":"clubroom_taxonomies-gift-room","7":"product_cat-arts-de-la-table","8":"product_cat-accessoires-pour-la-maison","9":"product_cat-art-de-la-table","10":"product_cat-assiettes-et-plats","11":"product_tag-disponible-immediatement","12":"manufacturer-pascale-mestre-fr","13":"clubroom_product_designer-pascale-mestre-fr","14":"exhibitions-new-york-fr","15":"exhibitions-londres-fr","17":"first","18":"instock","19":"taxable","20":"shipping-taxable","21":"purchasable","22":"product-type-simple"},"acf":[],"_links":{"self":[{"href":"https:\/\/theinvisiblecollection.com\/fr\/wp-json\/wp\/v2\/product\/1337847","targetHints":{"allow":["GET"]}}],"collection":[{"href":"https:\/\/theinvisiblecollection.com\/fr\/wp-json\/wp\/v2\/product"}],"about":[{"href":"https:\/\/theinvisiblecollection.com\/fr\/wp-json\/wp\/v2\/types\/product"}],"wp:featuredmedia":[{"embeddable":true,"href":"https:\/\/theinvisiblecollection.com\/fr\/wp-json\/wp\/v2\/media\/1337884"}],"wp:attachment":[{"href":"https:\/\/theinvisiblecollection.com\/fr\/wp-json\/wp\/v2\/media?parent=1337847"}],"wp:term":[{"taxonomy":"product_brand","embeddable":true,"href":"https:\/\/theinvisiblecollection.com\/fr\/wp-json\/wp\/v2\/product_brand?post=1337847"},{"taxonomy":"product_cat","embeddable":true,"href":"https:\/\/theinvisiblecollection.com\/fr\/wp-json\/wp\/v2\/product_cat?post=1337847"},{"taxonomy":"product_tag","embeddable":true,"href":"https:\/\/theinvisiblecollection.com\/fr\/wp-json\/wp\/v2\/product_tag?post=1337847"},{"taxonomy":"product_designer","embeddable":true,"href":"https:\/\/theinvisiblecollection.com\/fr\/wp-json\/wp\/v2\/product_designer?post=1337847"},{"taxonomy":"comfabric","embeddable":true,"href":"https:\/\/theinvisiblecollection.com\/fr\/wp-json\/wp\/v2\/comfabric?post=1337847"},{"taxonomy":"manufacturer","embeddable":true,"href":"https:\/\/theinvisiblecollection.com\/fr\/wp-json\/wp\/v2\/manufacturer?post=1337847"},{"taxonomy":"reporting_designer","embeddable":true,"href":"https:\/\/theinvisiblecollection.com\/fr\/wp-json\/wp\/v2\/reporting_designer?post=1337847"},{"taxonomy":"samplecomfabric","embeddable":true,"href":"https:\/\/theinvisiblecollection.com\/fr\/wp-json\/wp\/v2\/samplecomfabric?post=1337847"},{"taxonomy":"clubroom_product_designer","embeddable":true,"href":"https:\/\/theinvisiblecollection.com\/fr\/wp-json\/wp\/v2\/designer_clubroom?post=1337847"}],"curies":[{"name":"wp","href":"https:\/\/api.w.org\/{rel}","templated":true}]}}