{"id":1338201,"date":"2022-12-12T13:12:35","date_gmt":"2022-12-12T12:12:35","guid":{"rendered":"https:\/\/theinvisiblecollection.com\/?post_type=product&#038;p=1338201"},"modified":"2026-05-01T07:38:22","modified_gmt":"2026-05-01T07:38:22","slug":"pascale-mestre-tasse-a-cafe-bleu","status":"publish","type":"product","link":"https:\/\/theinvisiblecollection.com\/fr\/produit\/pascale-mestre-tasse-a-cafe-bleu\/","title":{"rendered":"Tasse A Caf\u00e9 Bleu"},"content":{"rendered":"<p style=\"text-align: justify\">R\u00e9alis\u00e9 par Pascale Mestre, ce service de table en fa\u00efence, en terres m\u00eal\u00e9es, fabriqu\u00e9 en Provence selon la tradition de la Fa\u00efence d&#8217;Apt datant du XVIII\u00e8me si\u00e8cle, c\u00e9l\u00e8bre l&#8217;art de vivre proven\u00e7al.<\/p>\n","protected":false},"excerpt":{"rendered":"<ul>\n<li>Composition : c\u00e9ramique \/ fa\u00efence d&#8217;Apt \/ fa\u00e7onn\u00e9e et d\u00e9cor\u00e9e \u00e0 la main<\/li>\n<li>Couleurs : ivoire et bleu<\/li>\n<li>Sans anse<\/li>\n<\/ul>\n","protected":false},"featured_media":1338187,"template":"","meta":{"_acf_changed":false,"content-type":"","_themeisle_gutenberg_block_has_review":false},"product_brand":[],"product_cat":[12535,16319,19973,19981,19982],"product_tag":[22790],"product_designer":[],"comfabric":[],"manufacturer":[19028],"reporting_designer":[],"samplecomfabric":[],"designer_clubroom":[20608],"class_list":{"0":"post-1338201","1":"product","2":"type-product","3":"status-publish","4":"has-post-thumbnail","6":"clubroom_taxonomies-gift-room","7":"product_cat-arts-de-la-table","8":"product_cat-cartes-cadeaux","9":"product_cat-accessoires-pour-la-maison","10":"product_cat-art-de-la-table","11":"product_cat-tasse-a-the-et-mugs","12":"product_tag-disponible-immediatement","13":"manufacturer-pascale-mestre-fr","14":"clubroom_product_designer-pascale-mestre-fr","15":"exhibitions-new-york-fr","16":"exhibitions-londres-fr","18":"first","19":"instock","20":"taxable","21":"shipping-taxable","22":"purchasable","23":"product-type-simple"},"acf":[],"_links":{"self":[{"href":"https:\/\/theinvisiblecollection.com\/fr\/wp-json\/wp\/v2\/product\/1338201","targetHints":{"allow":["GET"]}}],"collection":[{"href":"https:\/\/theinvisiblecollection.com\/fr\/wp-json\/wp\/v2\/product"}],"about":[{"href":"https:\/\/theinvisiblecollection.com\/fr\/wp-json\/wp\/v2\/types\/product"}],"wp:featuredmedia":[{"embeddable":true,"href":"https:\/\/theinvisiblecollection.com\/fr\/wp-json\/wp\/v2\/media\/1338187"}],"wp:attachment":[{"href":"https:\/\/theinvisiblecollection.com\/fr\/wp-json\/wp\/v2\/media?parent=1338201"}],"wp:term":[{"taxonomy":"product_brand","embeddable":true,"href":"https:\/\/theinvisiblecollection.com\/fr\/wp-json\/wp\/v2\/product_brand?post=1338201"},{"taxonomy":"product_cat","embeddable":true,"href":"https:\/\/theinvisiblecollection.com\/fr\/wp-json\/wp\/v2\/product_cat?post=1338201"},{"taxonomy":"product_tag","embeddable":true,"href":"https:\/\/theinvisiblecollection.com\/fr\/wp-json\/wp\/v2\/product_tag?post=1338201"},{"taxonomy":"product_designer","embeddable":true,"href":"https:\/\/theinvisiblecollection.com\/fr\/wp-json\/wp\/v2\/product_designer?post=1338201"},{"taxonomy":"comfabric","embeddable":true,"href":"https:\/\/theinvisiblecollection.com\/fr\/wp-json\/wp\/v2\/comfabric?post=1338201"},{"taxonomy":"manufacturer","embeddable":true,"href":"https:\/\/theinvisiblecollection.com\/fr\/wp-json\/wp\/v2\/manufacturer?post=1338201"},{"taxonomy":"reporting_designer","embeddable":true,"href":"https:\/\/theinvisiblecollection.com\/fr\/wp-json\/wp\/v2\/reporting_designer?post=1338201"},{"taxonomy":"samplecomfabric","embeddable":true,"href":"https:\/\/theinvisiblecollection.com\/fr\/wp-json\/wp\/v2\/samplecomfabric?post=1338201"},{"taxonomy":"clubroom_product_designer","embeddable":true,"href":"https:\/\/theinvisiblecollection.com\/fr\/wp-json\/wp\/v2\/designer_clubroom?post=1338201"}],"curies":[{"name":"wp","href":"https:\/\/api.w.org\/{rel}","templated":true}]}}