{"id":133874,"date":"2022-05-16T09:22:00","date_gmt":"2022-05-16T08:22:00","guid":{"rendered":"https:\/\/theinvisiblecollection.com\/?post_type=product&#038;p=133874"},"modified":"2026-05-01T07:38:51","modified_gmt":"2026-05-01T07:38:51","slug":"sophie-dries-basongye-table","status":"publish","type":"product","link":"https:\/\/theinvisiblecollection.com\/fr\/produit\/sophie-dries-basongye-table\/","title":{"rendered":"Basongye Table"},"content":{"rendered":"<p style=\"text-align: justify;\"><span class=\"TextRun SCXW178538729 BCX0\" lang=\"FR-FR\" xml:lang=\"FR-FR\" data-contrast=\"auto\"><span class=\"NormalTextRun SCXW178538729 BCX0\">La Collection <\/span><span class=\"NormalTextRun SpellingErrorV2Themed SCXW178538729 BCX0\">Songye<\/span><span class=\"NormalTextRun SCXW178538729 BCX0\"> par\u00a0Sophie <\/span><span class=\"NormalTextRun SpellingErrorV2Themed SCXW178538729 BCX0\">Dries<\/span> <span class=\"NormalTextRun SCXW178538729 BCX0\">joue<\/span> <span class=\"NormalTextRun SCXW178538729 BCX0\">l&#8217;union<\/span><span class=\"NormalTextRun SCXW178538729 BCX0\"> de deux <\/span><span class=\"NormalTextRun SCXW178538729 BCX0\">mat\u00e9riaux<\/span><span class=\"NormalTextRun SCXW178538729 BCX0\"> : le <\/span><span class=\"NormalTextRun SCXW178538729 BCX0\">bois<\/span><span class=\"NormalTextRun SCXW178538729 BCX0\"> et le <\/span><span class=\"NormalTextRun SCXW178538729 BCX0\">m\u00e9tal<\/span><span class=\"NormalTextRun SCXW178538729 BCX0\">. Au <\/span><span class=\"NormalTextRun SCXW178538729 BCX0\">cours<\/span><span class=\"NormalTextRun SCXW178538729 BCX0\"> de <\/span><span class=\"NormalTextRun SCXW178538729 BCX0\">ses<\/span> <span class=\"NormalTextRun SCXW178538729 BCX0\">recherches<\/span><span class=\"NormalTextRun SCXW178538729 BCX0\">, <\/span><span class=\"NormalTextRun SCXW178538729 BCX0\">elle<\/span><span class=\"NormalTextRun SCXW178538729 BCX0\"> fait <\/span><span class=\"NormalTextRun SCXW178538729 BCX0\">une<\/span> <span class=\"NormalTextRun SCXW178538729 BCX0\">d\u00e9couverte<\/span> <span class=\"NormalTextRun SCXW178538729 BCX0\">inattendue<\/span> <span class=\"NormalTextRun SCXW178538729 BCX0\">en<\/span> <span class=\"NormalTextRun SCXW178538729 BCX0\">associant<\/span><span class=\"NormalTextRun SCXW178538729 BCX0\"> le brut <\/span><span class=\"NormalTextRun SCXW178538729 BCX0\">d&#8217;acier<\/span> <span class=\"NormalTextRun SCXW178538729 BCX0\">oxyd\u00e9<\/span><span class=\"NormalTextRun SCXW178538729 BCX0\">, <\/span><span class=\"NormalTextRun SCXW178538729 BCX0\">appel\u00e9<\/span><span class=\"NormalTextRun SCXW178538729 BCX0\"> &#8216;<\/span><span class=\"NormalTextRun SpellingErrorV2Themed SCXW178538729 BCX0\">corten<\/span><span class=\"NormalTextRun SCXW178538729 BCX0\">&#8216;, au <\/span><span class=\"NormalTextRun SCXW178538729 BCX0\">ch\u00eane<\/span> <span class=\"NormalTextRun SCXW178538729 BCX0\">traditionnel<\/span><span class=\"NormalTextRun SCXW178538729 BCX0\">, <\/span><span class=\"NormalTextRun SCXW178538729 BCX0\">jouant<\/span><span class=\"NormalTextRun SCXW178538729 BCX0\"> sur le <\/span><span class=\"NormalTextRun SCXW178538729 BCX0\">contraste<\/span><span class=\"NormalTextRun SCXW178538729 BCX0\"> de <\/span><span class=\"NormalTextRun SCXW178538729 BCX0\">l&#8217;industriel<\/span><span class=\"NormalTextRun SCXW178538729 BCX0\"> \u00e0 <\/span><span class=\"NormalTextRun SCXW178538729 BCX0\">l&#8217;artisanat<\/span><span class=\"NormalTextRun SCXW178538729 BCX0\">. Cette collection se concentre sur la table, <\/span><\/span><span class=\"TextRun Highlight SCXW178538729 BCX0\" lang=\"FR-FR\" xml:lang=\"FR-FR\" data-contrast=\"auto\"><span class=\"NormalTextRun SCXW178538729 BCX0\">les bords du plateau <\/span><span class=\"NormalTextRun SCXW178538729 BCX0\">sont<\/span> <span class=\"NormalTextRun SCXW178538729 BCX0\">trait\u00e9s<\/span> <span class=\"NormalTextRun SCXW178538729 BCX0\">en<\/span> <span class=\"NormalTextRun SCXW178538729 BCX0\">forme<\/span><span class=\"NormalTextRun SCXW178538729 BCX0\"> libre \u00e0 la main par <\/span><span class=\"NormalTextRun SCXW178538729 BCX0\">l&#8217;\u00e9b\u00e9niste<\/span><span class=\"NormalTextRun SCXW178538729 BCX0\">, <\/span><span class=\"NormalTextRun SCXW178538729 BCX0\">coupant<\/span><span class=\"NormalTextRun SCXW178538729 BCX0\"> avec <\/span><span class=\"NormalTextRun SCXW178538729 BCX0\">r\u00e9gularit\u00e9<\/span><span class=\"NormalTextRun SCXW178538729 BCX0\"> le <\/span><span class=\"NormalTextRun SCXW178538729 BCX0\">pi\u00e8tement<\/span> <span class=\"NormalTextRun SCXW178538729 BCX0\">fabriqu\u00e9<\/span> <span class=\"NormalTextRun SCXW178538729 BCX0\">en<\/span> <span class=\"NormalTextRun SCXW178538729 BCX0\">m\u00e9tal<\/span><span class=\"NormalTextRun SCXW178538729 BCX0\">.<\/span><\/span><span class=\"EOP SCXW178538729 BCX0\" data-ccp-props=\"{&quot;201341983&quot;:0,&quot;335559740&quot;:259}\">\u00a0<\/span><\/p>\n","protected":false},"excerpt":{"rendered":"<p>Table photographi\u00e9e ici en ch\u00eane massif, couleur naturelle<br \/>\n<span style=\"text-decoration: underline;\"><a href=\"https:\/\/theinvisiblecollection.com\/wp-content\/uploads\/2022\/05\/Sophie-Dries-Finishes-selection.pdf\" target=\"_blank\" rel=\"noopener\">D\u00e9couvrez la s\u00e9lection de couleurs ici<\/a><\/span><br \/>\nBase en acier sabl\u00e9 avec un effet patin\u00e9 Corten<br \/>\nDisponible \u00e9galement avec un effet patin\u00e9 H\u00e9m\u00e9tite<br \/>\nConvient pour six couverts<br \/>\n<i>Chaque pi\u00e8ce est unique en raison de sa nature artisanale, les formes et les teintes varient l\u00e9g\u00e8rement<\/i><br \/>\nDimensions, finitions et mat\u00e9riaux sur-mesure sur demande<\/p>\n<p>L 280 x l 160 x H 75 cm<\/p>\n<p class=\"p1\">Fabriqu\u00e9 \u00e0 la main en France<br \/>\nD\u00e9lais de fabrication : 6 semaines<\/p>\n<p class=\"p2\"><span style=\"text-decoration: underline;\"><span class=\"s1\"><a href=\"https:\/\/www.theinvisiblecollection.com\/demande-de-devis\/?product_id=133874\" target=\"_blank\" rel=\"noopener\">Contactez-nous pour toute demande de devis ou de renseignements<\/a><\/span><\/span><\/p>\n","protected":false},"featured_media":137121,"template":"","meta":{"_acf_changed":false,"content-type":"","_themeisle_gutenberg_block_has_review":false},"product_brand":[],"product_cat":[8977,12503],"product_tag":[31477],"product_designer":[17359],"comfabric":[],"manufacturer":[21186],"reporting_designer":[37326],"samplecomfabric":[],"designer_clubroom":[],"class_list":{"0":"post-133874","1":"product","2":"type-product","3":"status-publish","4":"has-post-thumbnail","6":"product_cat-tables-salle-a-manger","7":"product_cat-tables-fr","8":"product_tag-st-curvy-fr","9":"product_designer-sophie-dries-fr","10":"manufacturer-atelier-sophie-dries-micheal-moore-fr","11":"reporting_designer-sophie-dries","13":"first","14":"instock","15":"taxable","16":"shipping-taxable","17":"purchasable","18":"product-type-variable"},"acf":[],"_links":{"self":[{"href":"https:\/\/theinvisiblecollection.com\/fr\/wp-json\/wp\/v2\/product\/133874","targetHints":{"allow":["GET"]}}],"collection":[{"href":"https:\/\/theinvisiblecollection.com\/fr\/wp-json\/wp\/v2\/product"}],"about":[{"href":"https:\/\/theinvisiblecollection.com\/fr\/wp-json\/wp\/v2\/types\/product"}],"wp:featuredmedia":[{"embeddable":true,"href":"https:\/\/theinvisiblecollection.com\/fr\/wp-json\/wp\/v2\/media\/137121"}],"wp:attachment":[{"href":"https:\/\/theinvisiblecollection.com\/fr\/wp-json\/wp\/v2\/media?parent=133874"}],"wp:term":[{"taxonomy":"product_brand","embeddable":true,"href":"https:\/\/theinvisiblecollection.com\/fr\/wp-json\/wp\/v2\/product_brand?post=133874"},{"taxonomy":"product_cat","embeddable":true,"href":"https:\/\/theinvisiblecollection.com\/fr\/wp-json\/wp\/v2\/product_cat?post=133874"},{"taxonomy":"product_tag","embeddable":true,"href":"https:\/\/theinvisiblecollection.com\/fr\/wp-json\/wp\/v2\/product_tag?post=133874"},{"taxonomy":"product_designer","embeddable":true,"href":"https:\/\/theinvisiblecollection.com\/fr\/wp-json\/wp\/v2\/product_designer?post=133874"},{"taxonomy":"comfabric","embeddable":true,"href":"https:\/\/theinvisiblecollection.com\/fr\/wp-json\/wp\/v2\/comfabric?post=133874"},{"taxonomy":"manufacturer","embeddable":true,"href":"https:\/\/theinvisiblecollection.com\/fr\/wp-json\/wp\/v2\/manufacturer?post=133874"},{"taxonomy":"reporting_designer","embeddable":true,"href":"https:\/\/theinvisiblecollection.com\/fr\/wp-json\/wp\/v2\/reporting_designer?post=133874"},{"taxonomy":"samplecomfabric","embeddable":true,"href":"https:\/\/theinvisiblecollection.com\/fr\/wp-json\/wp\/v2\/samplecomfabric?post=133874"},{"taxonomy":"clubroom_product_designer","embeddable":true,"href":"https:\/\/theinvisiblecollection.com\/fr\/wp-json\/wp\/v2\/designer_clubroom?post=133874"}],"curies":[{"name":"wp","href":"https:\/\/api.w.org\/{rel}","templated":true}]}}