{"id":134003,"date":"2022-05-16T14:48:30","date_gmt":"2022-05-16T13:48:30","guid":{"rendered":"https:\/\/theinvisiblecollection.com\/?post_type=product&#038;p=134003"},"modified":"2026-05-01T07:38:51","modified_gmt":"2026-05-01T07:38:51","slug":"sophie-dries-bougeoirs-trace","status":"publish","type":"product","link":"https:\/\/theinvisiblecollection.com\/fr\/produit\/sophie-dries-bougeoirs-trace\/","title":{"rendered":"Bougeoirs Trace"},"content":{"rendered":"<p style=\"text-align: justify;\"><span class=\"NormalTextRun SCXW103153923 BCX0\">Les Bougeoirs Trace cr\u00e9\u00e9s par Sophie <\/span><span class=\"NormalTextRun SpellingErrorV2Themed SCXW103153923 BCX0\">Dries<\/span><span class=\"NormalTextRun SCXW103153923 BCX0\">, sont le fruit d\u2019une belle collaboration avec les c\u00e9ramistes fran\u00e7ais Thomas Vivant et F\u00e9lix Galland. Avec ces bougeoirs Sophie\u00a0joue les contrastes des mati\u00e8res brutes avec le traitement pr\u00e9cieux des mati\u00e8res. La Collection Traces tire son nom de l&#8217;id\u00e9e de cicatrices dans\u00a0la c\u00e9ramique, des incisions que le ma\u00eetre potier r\u00e9alise au couteau, avant la cuisson du gr\u00e8s.<\/span><\/p>\n","protected":false},"excerpt":{"rendered":"<p>Ensemble de 2 bougeoirs photographi\u00e9s ici en pierre de gypse naturelle brute et laiton bross\u00e9<br \/>\n\u00c9galement disponible en finition cir\u00e9e noire<br \/>\n<i>Chaque pi\u00e8ce est unique en raison de sa nature artisanale, les formes et les teintes varient l\u00e9g\u00e8rement<\/i><\/p>\n<p>\u00d8 10 x H 19 cm<\/p>\n<p class=\"p1\">Fabriqu\u00e9 \u00e0 la main en France<br \/>\nD\u00e9lais de fabrication : 8 semaines<\/p>\n<p class=\"p2\"><span style=\"text-decoration: underline;\"><span class=\"s1\"><a href=\"https:\/\/www.theinvisiblecollection.com\/demande-de-devis\/?product_id=134003\" target=\"_blank\" rel=\"noopener\">Contactez-nous pour toute<\/a><\/span><span class=\"s1\"><a href=\"https:\/\/www.theinvisiblecollection.com\/demande-de-devis\/?product_id=133977\" target=\"_blank\" rel=\"noopener\"> demand<\/a><\/span><span class=\"s1\"><a href=\"https:\/\/www.theinvisiblecollection.com\/demande-de-devis\/?product_id=133977\" target=\"_blank\" rel=\"noopener\">e<\/a><\/span><span class=\"s1\"><a href=\"https:\/\/www.theinvisiblecollection.com\/demande-de-devis\/?product_id=133977\" target=\"_blank\" rel=\"noopener\"> de devis ou de renseignements<\/a><\/span><\/span><\/p>\n","protected":false},"featured_media":134754,"template":"","meta":{"_acf_changed":false,"content-type":"","_themeisle_gutenberg_block_has_review":false},"product_brand":[],"product_cat":[12531,7517,12529],"product_tag":[31474,31477],"product_designer":[17359],"comfabric":[],"manufacturer":[21194],"reporting_designer":[37326],"samplecomfabric":[],"designer_clubroom":[],"class_list":{"0":"post-134003","1":"product","2":"type-product","3":"status-publish","4":"has-post-thumbnail","6":"product_cat-objets-de-decoration","7":"product_cat-deco-fr","8":"product_cat-bougies-bougeoirs","9":"product_tag-co-white-fr","10":"product_tag-st-curvy-fr","11":"product_designer-sophie-dries-fr","12":"manufacturer-atelier-sophie-dries-ateliers-bataillard-fr","13":"reporting_designer-sophie-dries","14":"exhibitions-paris-fr","16":"first","17":"instock","18":"taxable","19":"shipping-taxable","20":"purchasable","21":"product-type-variable"},"acf":[],"_links":{"self":[{"href":"https:\/\/theinvisiblecollection.com\/fr\/wp-json\/wp\/v2\/product\/134003","targetHints":{"allow":["GET"]}}],"collection":[{"href":"https:\/\/theinvisiblecollection.com\/fr\/wp-json\/wp\/v2\/product"}],"about":[{"href":"https:\/\/theinvisiblecollection.com\/fr\/wp-json\/wp\/v2\/types\/product"}],"wp:featuredmedia":[{"embeddable":true,"href":"https:\/\/theinvisiblecollection.com\/fr\/wp-json\/wp\/v2\/media\/134754"}],"wp:attachment":[{"href":"https:\/\/theinvisiblecollection.com\/fr\/wp-json\/wp\/v2\/media?parent=134003"}],"wp:term":[{"taxonomy":"product_brand","embeddable":true,"href":"https:\/\/theinvisiblecollection.com\/fr\/wp-json\/wp\/v2\/product_brand?post=134003"},{"taxonomy":"product_cat","embeddable":true,"href":"https:\/\/theinvisiblecollection.com\/fr\/wp-json\/wp\/v2\/product_cat?post=134003"},{"taxonomy":"product_tag","embeddable":true,"href":"https:\/\/theinvisiblecollection.com\/fr\/wp-json\/wp\/v2\/product_tag?post=134003"},{"taxonomy":"product_designer","embeddable":true,"href":"https:\/\/theinvisiblecollection.com\/fr\/wp-json\/wp\/v2\/product_designer?post=134003"},{"taxonomy":"comfabric","embeddable":true,"href":"https:\/\/theinvisiblecollection.com\/fr\/wp-json\/wp\/v2\/comfabric?post=134003"},{"taxonomy":"manufacturer","embeddable":true,"href":"https:\/\/theinvisiblecollection.com\/fr\/wp-json\/wp\/v2\/manufacturer?post=134003"},{"taxonomy":"reporting_designer","embeddable":true,"href":"https:\/\/theinvisiblecollection.com\/fr\/wp-json\/wp\/v2\/reporting_designer?post=134003"},{"taxonomy":"samplecomfabric","embeddable":true,"href":"https:\/\/theinvisiblecollection.com\/fr\/wp-json\/wp\/v2\/samplecomfabric?post=134003"},{"taxonomy":"clubroom_product_designer","embeddable":true,"href":"https:\/\/theinvisiblecollection.com\/fr\/wp-json\/wp\/v2\/designer_clubroom?post=134003"}],"curies":[{"name":"wp","href":"https:\/\/api.w.org\/{rel}","templated":true}]}}