{"id":134090,"date":"2022-05-16T16:52:35","date_gmt":"2022-05-16T15:52:35","guid":{"rendered":"https:\/\/theinvisiblecollection.com\/?post_type=product&#038;p=134090"},"modified":"2026-05-05T11:02:10","modified_gmt":"2026-05-05T11:02:10","slug":"anut-cairo-assiette-a-dessert-dotty-daisy","status":"publish","type":"product","link":"https:\/\/theinvisiblecollection.com\/fr\/produit\/anut-cairo-assiette-a-dessert-dotty-daisy\/","title":{"rendered":"Assiette \u00e0 Dessert Dotty Daisy"},"content":{"rendered":"","protected":false},"excerpt":{"rendered":"<p>Assiette en fa\u00efence \u00e9maill\u00e9e, peinte \u00e0 la main<br \/>\nChaque pi\u00e8ce est unique en raison de sa nature artisanale, les formes et les teintes varient l\u00e9g\u00e8rement<\/p>\n<p class=\"p1\">\u00d8 20 cm<\/p>\n<p>Fabriqu\u00e9e \u00e0 la main en Egypte<br \/>\n11 pi\u00e8ces disponibles imm\u00e9diatement<\/p>\n<p><span style=\"text-decoration: underline;\"><span class=\"s1\"><a href=\"https:\/\/www.theinvisiblecollection.com\/fr\/demande-de-devis\/?product_id=134090\" target=\"_blank\" rel=\"noopener\">Contactez-nous pour toute demande de devis ou de renseignements<\/a><\/span><\/span><\/p>\n","protected":false},"featured_media":134177,"template":"","meta":{"_acf_changed":false,"content-type":"","_themeisle_gutenberg_block_has_review":false},"product_brand":[],"product_cat":[7517,12535,16319],"product_tag":[7435,22790,31474],"product_designer":[33947],"comfabric":[],"manufacturer":[33990],"reporting_designer":[37858],"samplecomfabric":[],"designer_clubroom":[],"class_list":{"0":"post-134090","1":"product","2":"type-product","3":"status-publish","4":"has-post-thumbnail","6":"product_cat-deco-fr","7":"product_cat-arts-de-la-table","8":"product_cat-cartes-cadeaux","9":"product_tag-new-in-fr","10":"product_tag-disponible-immediatement","11":"product_tag-co-white-fr","12":"product_designer-anut-cairo-fr","13":"manufacturer-anut-cairo-fr","14":"reporting_designer-anut-cairo","15":"exhibitions-londres-fr","17":"first","18":"instock","19":"taxable","20":"shipping-taxable","21":"purchasable","22":"product-type-simple"},"acf":[],"_links":{"self":[{"href":"https:\/\/theinvisiblecollection.com\/fr\/wp-json\/wp\/v2\/product\/134090","targetHints":{"allow":["GET"]}}],"collection":[{"href":"https:\/\/theinvisiblecollection.com\/fr\/wp-json\/wp\/v2\/product"}],"about":[{"href":"https:\/\/theinvisiblecollection.com\/fr\/wp-json\/wp\/v2\/types\/product"}],"wp:featuredmedia":[{"embeddable":true,"href":"https:\/\/theinvisiblecollection.com\/fr\/wp-json\/wp\/v2\/media\/134177"}],"wp:attachment":[{"href":"https:\/\/theinvisiblecollection.com\/fr\/wp-json\/wp\/v2\/media?parent=134090"}],"wp:term":[{"taxonomy":"product_brand","embeddable":true,"href":"https:\/\/theinvisiblecollection.com\/fr\/wp-json\/wp\/v2\/product_brand?post=134090"},{"taxonomy":"product_cat","embeddable":true,"href":"https:\/\/theinvisiblecollection.com\/fr\/wp-json\/wp\/v2\/product_cat?post=134090"},{"taxonomy":"product_tag","embeddable":true,"href":"https:\/\/theinvisiblecollection.com\/fr\/wp-json\/wp\/v2\/product_tag?post=134090"},{"taxonomy":"product_designer","embeddable":true,"href":"https:\/\/theinvisiblecollection.com\/fr\/wp-json\/wp\/v2\/product_designer?post=134090"},{"taxonomy":"comfabric","embeddable":true,"href":"https:\/\/theinvisiblecollection.com\/fr\/wp-json\/wp\/v2\/comfabric?post=134090"},{"taxonomy":"manufacturer","embeddable":true,"href":"https:\/\/theinvisiblecollection.com\/fr\/wp-json\/wp\/v2\/manufacturer?post=134090"},{"taxonomy":"reporting_designer","embeddable":true,"href":"https:\/\/theinvisiblecollection.com\/fr\/wp-json\/wp\/v2\/reporting_designer?post=134090"},{"taxonomy":"samplecomfabric","embeddable":true,"href":"https:\/\/theinvisiblecollection.com\/fr\/wp-json\/wp\/v2\/samplecomfabric?post=134090"},{"taxonomy":"clubroom_product_designer","embeddable":true,"href":"https:\/\/theinvisiblecollection.com\/fr\/wp-json\/wp\/v2\/designer_clubroom?post=134090"}],"curies":[{"name":"wp","href":"https:\/\/api.w.org\/{rel}","templated":true}]}}