{"id":135374,"date":"2022-06-01T14:07:06","date_gmt":"2022-06-01T13:07:06","guid":{"rendered":"https:\/\/theinvisiblecollection.com\/?post_type=product&#038;p=135374"},"modified":"2026-05-15T05:03:28","modified_gmt":"2026-05-15T05:03:28","slug":"diurne-tapis-boundary-bend","status":"publish","type":"product","link":"https:\/\/theinvisiblecollection.com\/fr\/produit\/diurne-tapis-boundary-bend\/","title":{"rendered":"Tapis Boundary Bend"},"content":{"rendered":"<p style=\"text-align: justify;\"><span class=\"TextRun Highlight SCXW99703220 BCX0\" lang=\"FR-FR\" xml:lang=\"FR-FR\" data-contrast=\"auto\"><span class=\"NormalTextRun SCXW99703220 BCX0\">Le tapis <\/span><span class=\"NormalTextRun SpellingErrorV2Themed SCXW99703220 BCX0\">Boundary<\/span><span class=\"NormalTextRun SCXW99703220 BCX0\"> Bend de Raphael <\/span><span class=\"NormalTextRun SpellingErrorV2Themed SCXW99703220 BCX0\">Navot<\/span><span class=\"NormalTextRun SCXW99703220 BCX0\"> x Diurne s&#8217;inspire de la cartographie satellite. Depuis de nombreuses ann\u00e9es, <\/span><span class=\"NormalTextRun SpellingErrorV2Themed SCXW99703220 BCX0\">Navot<\/span><span class=\"NormalTextRun SCXW99703220 BCX0\"> collectionne des images satellites du monde entier <\/span><span class=\"NormalTextRun SCXW99703220 BCX0\">comme<\/span><span class=\"NormalTextRun SCXW99703220 BCX0\"> des tableaux <\/span><span class=\"NormalTextRun SCXW99703220 BCX0\">ou<\/span><span class=\"NormalTextRun SCXW99703220 BCX0\"> des <\/span><span class=\"NormalTextRun SCXW99703220 BCX0\">curiosit\u00e9s<\/span><span class=\"NormalTextRun SCXW99703220 BCX0\">. En se concentrant sur certains d\u00e9tails de l&#8217;image, il met en \u00e9vidence la singularit\u00e9 d&#8217;un sol, d&#8217;un lieu, de sa texture et de ses couleurs. Chaque image refl\u00e8te l&#8217;histoire d&#8217;un lieu et de ses habitants. Le tapis <\/span><span class=\"NormalTextRun SpellingErrorV2Themed SCXW99703220 BCX0\">Boundary<\/span><span class=\"NormalTextRun SCXW99703220 BCX0\"> Bend repr\u00e9sente des champs de bl\u00e9 \u00e0 <\/span><span class=\"NormalTextRun SpellingErrorV2Themed SCXW99703220 BCX0\">Boundary<\/span><span class=\"NormalTextRun SCXW99703220 BCX0\"> Bend, dans l&#8217;\u00c9tat australien de Victoria.<\/span><\/span> <span class=\"EOP SCXW99703220 BCX0\" data-ccp-props=\"{&quot;134233117&quot;:false,&quot;134233118&quot;:false,&quot;201341983&quot;:0,&quot;335551550&quot;:1,&quot;335551620&quot;:1,&quot;335559685&quot;:0,&quot;335559737&quot;:0,&quot;335559738&quot;:0,&quot;335559739&quot;:0,&quot;335559740&quot;:259}\">\u00a0<\/span><\/p>\n","protected":false},"excerpt":{"rendered":"<p>Tapis nou\u00e9 \u00e0 la main<br \/>\n57% lin, 47% pure soie<br \/>\n150 000 n\u0153uds tib\u00e9tain<br \/>\nDimensions et couleurs sur-mesure sur demande<\/p>\n<p>L 250 x l 350 cm<\/p>\n<p>Nou\u00e9 \u00e0 la main au N\u00e9pal<br \/>\nD\u00e9lais de fabrication : 20 semaines<\/p>\n<p class=\"p1\"><span style=\"text-decoration: underline;\"><span class=\"s1\"><a href=\"https:\/\/www.theinvisiblecollection.com\/demande-de-devis\/?product_id=135374\" target=\"_blank\" rel=\"noopener\">Contactez-nous pour toute demande de devis ou de renseignements<\/a><\/span><\/span><\/p>\n","protected":false},"featured_media":135298,"template":"","meta":{"_acf_changed":false,"content-type":"","_themeisle_gutenberg_block_has_review":false},"product_brand":[],"product_cat":[8183,12540],"product_tag":[],"product_designer":[17629],"comfabric":[],"manufacturer":[17631],"reporting_designer":[37796],"samplecomfabric":[],"designer_clubroom":[],"class_list":{"0":"post-135374","1":"product","2":"type-product","3":"status-publish","4":"has-post-thumbnail","6":"product_cat-tapis-noues-a-la-main","7":"product_cat-tapis-fr","8":"pa_size-dimensions-standards","9":"pa_size-dimensions-sur-mesure-fr","10":"product_designer-diurne-fr","11":"manufacturer-diurne-fr","12":"reporting_designer-diurne","13":"exhibitions-paris-fr","15":"first","16":"instock","17":"taxable","18":"shipping-taxable","19":"purchasable","20":"product-type-variable"},"acf":[],"_links":{"self":[{"href":"https:\/\/theinvisiblecollection.com\/fr\/wp-json\/wp\/v2\/product\/135374","targetHints":{"allow":["GET"]}}],"collection":[{"href":"https:\/\/theinvisiblecollection.com\/fr\/wp-json\/wp\/v2\/product"}],"about":[{"href":"https:\/\/theinvisiblecollection.com\/fr\/wp-json\/wp\/v2\/types\/product"}],"wp:featuredmedia":[{"embeddable":true,"href":"https:\/\/theinvisiblecollection.com\/fr\/wp-json\/wp\/v2\/media\/135298"}],"wp:attachment":[{"href":"https:\/\/theinvisiblecollection.com\/fr\/wp-json\/wp\/v2\/media?parent=135374"}],"wp:term":[{"taxonomy":"product_brand","embeddable":true,"href":"https:\/\/theinvisiblecollection.com\/fr\/wp-json\/wp\/v2\/product_brand?post=135374"},{"taxonomy":"product_cat","embeddable":true,"href":"https:\/\/theinvisiblecollection.com\/fr\/wp-json\/wp\/v2\/product_cat?post=135374"},{"taxonomy":"product_tag","embeddable":true,"href":"https:\/\/theinvisiblecollection.com\/fr\/wp-json\/wp\/v2\/product_tag?post=135374"},{"taxonomy":"product_designer","embeddable":true,"href":"https:\/\/theinvisiblecollection.com\/fr\/wp-json\/wp\/v2\/product_designer?post=135374"},{"taxonomy":"comfabric","embeddable":true,"href":"https:\/\/theinvisiblecollection.com\/fr\/wp-json\/wp\/v2\/comfabric?post=135374"},{"taxonomy":"manufacturer","embeddable":true,"href":"https:\/\/theinvisiblecollection.com\/fr\/wp-json\/wp\/v2\/manufacturer?post=135374"},{"taxonomy":"reporting_designer","embeddable":true,"href":"https:\/\/theinvisiblecollection.com\/fr\/wp-json\/wp\/v2\/reporting_designer?post=135374"},{"taxonomy":"samplecomfabric","embeddable":true,"href":"https:\/\/theinvisiblecollection.com\/fr\/wp-json\/wp\/v2\/samplecomfabric?post=135374"},{"taxonomy":"clubroom_product_designer","embeddable":true,"href":"https:\/\/theinvisiblecollection.com\/fr\/wp-json\/wp\/v2\/designer_clubroom?post=135374"}],"curies":[{"name":"wp","href":"https:\/\/api.w.org\/{rel}","templated":true}]}}